{"id":79300,"date":"2025-06-15T17:44:02","date_gmt":"2025-06-15T15:44:02","guid":{"rendered":"https:\/\/footballthrift.shop\/?post_type=product&#038;p=79300"},"modified":"2026-03-09T11:28:20","modified_gmt":"2026-03-09T10:28:20","slug":"as-roma-2014-15-auswarts-m","status":"publish","type":"product","link":"https:\/\/footballthrift.shop\/de\/as-roma-2014-15-away-m\/","title":{"rendered":"Koszulka pi\u0142karska AS Roma 2014\/15 Away [M]"},"content":{"rendered":"<p><strong>Verein:<\/strong> AS Roma<\/p>\n<p><strong>Saison:<\/strong> 2014\/15 Ausw\u00e4rts<\/p>\n<p><strong>Gr\u00f6\u00dfe: <\/strong>M<\/p>\n<p><strong>Zustand:<\/strong> Sehr gut - eine kleine Verschmutzung auf der R\u00fcckseite.<\/p>\n<p><strong>Ma\u00dfe (Achselbreite\/L\u00e4nge) in cm: <\/strong>50\/73<\/p>","protected":false},"excerpt":{"rendered":"<p data-start=\"0\" data-end=\"64\"><strong data-start=\"0\" data-end=\"62\">Das Original-Ausw\u00e4rtsspieltrikot 2014\/2015 von AS Roma.<\/strong><\/p>\n<p data-start=\"66\" data-end=\"602\">Pr\u00e4sentiert von <strong data-start=\"79\" data-end=\"136\">AS Roma Ausw\u00e4rtstrikot aus der Saison 2014\/15<\/strong>entworfen von der legend\u00e4ren Marke <strong data-start=\"176\" data-end=\"184\">Nike<\/strong>. Dieses Modell sticht hervor <strong data-start=\"209\" data-end=\"268\">elegante, leuchtende Farben in einem Elfenbeinton<\/strong>die sie brechen <strong data-start=\"287\" data-end=\"359\">dezente Details in Burgunderrot und Orange.<\/strong>\u00a0Die linke Brust zeigt <strong data-start=\"386\" data-end=\"408\">Wappen der Giallorossi<\/strong>die die reiche Geschichte des r\u00f6mischen Vereins symbolisieren, und ein minimalistisches Nike-Logo auf der rechten Seite. Das Trikot hat einen klassischen, leicht taillierten Schnitt, der perfekt die <strong data-start=\"572\" data-end=\"599\">Stil mit Funktionalit\u00e4t<\/strong>.<\/p>\n<p data-start=\"604\" data-end=\"922\">Nike hat f\u00fcr h\u00f6chste Qualit\u00e4t in der Verarbeitung gesorgt. <strong data-start=\"648\" data-end=\"702\">leichtes und atmungsaktives Material mit Dri-FIT-Technologie<\/strong> bietet hervorragende Bel\u00fcftung und Komfort, sowohl auf dem Spielfeld als auch beim t\u00e4glichen Tragen. Mit seinem eleganten Design f\u00e4ngt das Trikot den Charakter des r\u00f6mischen Vereins perfekt ein und ist gleichzeitig praktisch und stilvoll.<\/p>\n<p data-start=\"924\" data-end=\"1312\">Die Saison 2014\/15 war f\u00fcr <strong data-start=\"946\" data-end=\"957\">AS Rom<\/strong> manchmal solide Leistungen in der Serie A, die ihren H\u00f6hepunkt in <strong data-start=\"1008\" data-end=\"1034\">Italienische Vizemeisterschaft<\/strong>. Das Team unter der Leitung von <strong data-start=\"1061\" data-end=\"1080\">Rudi Garcia<\/strong> konnte sich auf F\u00fchrungskr\u00e4fte wie <strong data-start=\"1116\" data-end=\"1190\">Francesco Totti, Daniele De Rossi, Miralem Pjani\u0107 oder Radja Nainggolan<\/strong>die in leuchtenden Ausw\u00e4rtstrikots in Stadien in ganz Europa, auch in der Champions League, um Punkte k\u00e4mpften.<\/p>\n<p data-start=\"1314\" data-end=\"1562\"><strong data-start=\"1314\" data-end=\"1362\">AS Roma 2014\/2015 Ausw\u00e4rtstrikot von Nike<\/strong> ist die ideale Wahl f\u00fcr italienische Fu\u00dfballfans, Trikotsammler und Liebhaber von elegantem, zeitlosem Design. Es symbolisiert <strong data-start=\"1508\" data-end=\"1559\">die Leidenschaft, den Stolz und die Tradition des Vereins aus dem Stadio Olimpico<\/strong>.<\/p>","protected":false},"featured_media":79837,"template":"","meta":{"_kad_blocks_custom_css":"","_kad_blocks_head_custom_js":"","_kad_blocks_body_custom_js":"","_kad_blocks_footer_custom_js":"","_kad_post_transparent":"default","_kad_post_title":"","_kad_post_layout":"default","_kad_post_sidebar_id":"","_kad_post_content_style":"default","_kad_post_vertical_padding":"default","_kad_post_feature":"","_kad_post_feature_position":"","_kad_post_header":false,"_kad_post_footer":false,"_kad_post_classname":""},"product_brand":[1284],"product_cat":[1451],"product_tag":[],"class_list":{"0":"post-79300","1":"product","2":"type-product","3":"status-publish","4":"has-post-thumbnail","6":"product_brand-nike","7":"product_cat-kluby-wloskie-asroma","8":"pa_homeawaythird-away","9":"pa_rozmiar-m","11":"first","12":"instock","13":"taxable","14":"shipping-taxable","15":"purchasable","16":"product-type-simple","17":"entry","18":"content-bg","19":"loop-entry"},"taxonomy_info":{"product_brand":[{"value":1284,"label":"Nike"}],"product_cat":[{"value":1451,"label":"AS Roma"}],"pa_homeawaythird":[{"value":1598,"label":"Away"}],"pa_rozmiar":[{"value":1816,"label":"M"}]},"featured_image_src_large":["https:\/\/footballthrift.shop\/wp-content\/uploads\/2025\/06\/Photoroom_055_20250614_140801-1024x1024.png",1024,1024,true],"author_info":[],"comment_info":"","_links":{"self":[{"href":"https:\/\/footballthrift.shop\/de\/wp-json\/wp\/v2\/product\/79300","targetHints":{"allow":["GET"]}}],"collection":[{"href":"https:\/\/footballthrift.shop\/de\/wp-json\/wp\/v2\/product"}],"about":[{"href":"https:\/\/footballthrift.shop\/de\/wp-json\/wp\/v2\/types\/product"}],"wp:featuredmedia":[{"embeddable":true,"href":"https:\/\/footballthrift.shop\/de\/wp-json\/wp\/v2\/media\/79837"}],"wp:attachment":[{"href":"https:\/\/footballthrift.shop\/de\/wp-json\/wp\/v2\/media?parent=79300"}],"wp:term":[{"taxonomy":"product_brand","embeddable":true,"href":"https:\/\/footballthrift.shop\/de\/wp-json\/wp\/v2\/product_brand?post=79300"},{"taxonomy":"product_cat","embeddable":true,"href":"https:\/\/footballthrift.shop\/de\/wp-json\/wp\/v2\/product_cat?post=79300"},{"taxonomy":"product_tag","embeddable":true,"href":"https:\/\/footballthrift.shop\/de\/wp-json\/wp\/v2\/product_tag?post=79300"}],"curies":[{"name":"wp","href":"https:\/\/api.w.org\/{rel}","templated":true}]}}