{"id":78419,"date":"2025-06-08T17:51:57","date_gmt":"2025-06-08T15:51:57","guid":{"rendered":"https:\/\/footballthrift.shop\/?post_type=product&#038;p=78419"},"modified":"2026-03-09T11:28:23","modified_gmt":"2026-03-09T10:28:23","slug":"psg-2018-19-home-7-mbappe-m","status":"publish","type":"product","link":"https:\/\/footballthrift.shop\/de\/psg-2018-19-home-7-mbappe-m\/","title":{"rendered":"Koszulka pi\u0142karska PSG 2018\/19 Home 7 Mbappe [M]"},"content":{"rendered":"<p><strong>Verein:<\/strong> PSG<\/p>\n<p><strong>Saison:<\/strong> 2018\/19 Heim<\/p>\n<p><strong>Gr\u00f6\u00dfe: <\/strong>M<\/p>\n<p><strong>Zustand:<\/strong> Sehr gut - ein Mikroriss auf der Vorderseite.<\/p>\n<p><strong>Ma\u00dfe (Achselbreite\/L\u00e4nge) in cm: <\/strong>52\/70<\/p>","protected":false},"excerpt":{"rendered":"<p data-start=\"0\" data-end=\"105\"><strong data-start=\"0\" data-end=\"103\">Original Paris Saint-Germain - Nike 2018\/19 Heimtrikot mit Kylian Mbapp\u00e9 Aufdruck.<\/strong><\/p>\n<p data-start=\"107\" data-end=\"559\">Wir stellen vor: <strong data-start=\"121\" data-end=\"199\">Original Paris Saint-Germain Heimtrikot aus der Saison 2018\/19<\/strong>hergestellt von der Firma <strong data-start=\"227\" data-end=\"235\">Nike<\/strong>mit amtlichem Aufdruck <strong data-start=\"269\" data-end=\"287\">Kyliana Mbapp\u00e9<\/strong> - eines der gr\u00f6\u00dften Talente des Weltfu\u00dfballs. Das Trikot in den klassischen Farben <strong data-start=\"373\" data-end=\"397\">marineblau und rot<\/strong> kn\u00fcpft an die reiche Tradition des Pariser Clubs an, und sein dynamisches Design mit dem markanten vertikalen grafischen Motiv symbolisiert Modernit\u00e4t und Eleganz.<\/p>\n<p data-start=\"561\" data-end=\"1065\">Es ist aus hochwertigem, atmungsaktivem Material gefertigt und <strong data-start=\"636\" data-end=\"652\">Nike Dri-FIT<\/strong>die sowohl im Spiel als auch im Alltag f\u00fcr hervorragenden Feuchtigkeitstransport und Komfort sorgt. Die Brust bietet <strong data-start=\"779\" data-end=\"801\">Gesticktes PSG-Wappen<\/strong>wei\u00dfes Nike-Logo und Sponsorenaufdruck<strong> Emirate fliegen Emirate<\/strong>die sich perfekt in den Overall einf\u00fcgt. Auf der R\u00fcckseite befindet sich ein offizieller Aufdruck mit der Nummer 7 und dem Namen <strong data-start=\"978\" data-end=\"988\">Mbapp\u00e9<\/strong>Das macht dieses Exemplar f\u00fcr jeden Fan des franz\u00f6sischen Meisters einzigartig.<\/p>\n<p data-start=\"1067\" data-end=\"1478\">Die Saison 2018\/19 war f\u00fcr PSG eine erfolgreiche Saison, in der das Team von Thomas Tuchel souver\u00e4n das Ziel <strong data-start=\"1170\" data-end=\"1193\">Meisterschaft der Ligue 1<\/strong>, a <strong data-start=\"1197\" data-end=\"1214\">Kylian Mbapp\u00e9<\/strong> Er beeindruckte mit seiner Form, gewann den Titel des Torsch\u00fctzenk\u00f6nigs der Liga und festigte seine Position als einer der besten St\u00fcrmer der Welt. Dieses Trikotmodell ist ein Symbol f\u00fcr die Zeit, in der der Verein den nationalen Wettbewerb dominierte, und f\u00fcr die rasante Entwicklung des jungen Stars.<\/p>\n<p data-start=\"1480\" data-end=\"1703\"><strong data-start=\"1480\" data-end=\"1553\">Original PSG 2018\/19 Fu\u00dfballtrikot mit dem Namen von Kylian Mbapp\u00e9<\/strong> ist das ideale Souvenir f\u00fcr Sammler, Fans des Pariser Vereins und Bewunderer eines der talentiertesten Spieler des modernen Fu\u00dfballs.<\/p>","protected":false},"featured_media":78845,"template":"","meta":{"_kad_blocks_custom_css":"","_kad_blocks_head_custom_js":"","_kad_blocks_body_custom_js":"","_kad_blocks_footer_custom_js":"","_kad_post_transparent":"default","_kad_post_title":"","_kad_post_layout":"default","_kad_post_sidebar_id":"","_kad_post_content_style":"default","_kad_post_vertical_padding":"default","_kad_post_feature":"","_kad_post_feature_position":"","_kad_post_header":false,"_kad_post_footer":false,"_kad_post_classname":""},"product_brand":[1284],"product_cat":[1467],"product_tag":[],"class_list":{"0":"post-78419","1":"product","2":"type-product","3":"status-publish","4":"has-post-thumbnail","6":"product_brand-nike","7":"product_cat-kluby-francuskie-parissaintgermain","8":"pa_homeawaythird-home","9":"pa_rozmiar-m","11":"first","12":"instock","13":"taxable","14":"shipping-taxable","15":"purchasable","16":"product-type-simple","17":"entry","18":"content-bg","19":"loop-entry"},"taxonomy_info":{"product_brand":[{"value":1284,"label":"Nike"}],"product_cat":[{"value":1467,"label":"Paris Saint Germain"}],"pa_homeawaythird":[{"value":1597,"label":"Home"}],"pa_rozmiar":[{"value":1816,"label":"M"}]},"featured_image_src_large":["https:\/\/footballthrift.shop\/wp-content\/uploads\/2025\/06\/Photoroom_041_20250607_132852-1024x1024.png",1024,1024,true],"author_info":[],"comment_info":"","_links":{"self":[{"href":"https:\/\/footballthrift.shop\/de\/wp-json\/wp\/v2\/product\/78419","targetHints":{"allow":["GET"]}}],"collection":[{"href":"https:\/\/footballthrift.shop\/de\/wp-json\/wp\/v2\/product"}],"about":[{"href":"https:\/\/footballthrift.shop\/de\/wp-json\/wp\/v2\/types\/product"}],"wp:featuredmedia":[{"embeddable":true,"href":"https:\/\/footballthrift.shop\/de\/wp-json\/wp\/v2\/media\/78845"}],"wp:attachment":[{"href":"https:\/\/footballthrift.shop\/de\/wp-json\/wp\/v2\/media?parent=78419"}],"wp:term":[{"taxonomy":"product_brand","embeddable":true,"href":"https:\/\/footballthrift.shop\/de\/wp-json\/wp\/v2\/product_brand?post=78419"},{"taxonomy":"product_cat","embeddable":true,"href":"https:\/\/footballthrift.shop\/de\/wp-json\/wp\/v2\/product_cat?post=78419"},{"taxonomy":"product_tag","embeddable":true,"href":"https:\/\/footballthrift.shop\/de\/wp-json\/wp\/v2\/product_tag?post=78419"}],"curies":[{"name":"wp","href":"https:\/\/api.w.org\/{rel}","templated":true}]}}