{"id":78414,"date":"2025-06-08T17:51:40","date_gmt":"2025-06-08T15:51:40","guid":{"rendered":"https:\/\/footballthrift.shop\/?post_type=product&#038;p=78414"},"modified":"2026-03-09T11:28:50","modified_gmt":"2026-03-09T10:28:50","slug":"inter-mediolan-2012-13-away-l","status":"publish","type":"product","link":"https:\/\/footballthrift.shop\/de\/inter-mediolan-2012-13-away-l\/","title":{"rendered":"Koszulka pi\u0142karska Inter Mediolan 2012\/13 Away [L]"},"content":{"rendered":"<p><strong>Verein:<\/strong> Inter Mailand<\/p>\n<p><strong>Saison:<\/strong> 2012\/13 Ausw\u00e4rts<\/p>\n<p><strong>Gr\u00f6\u00dfe: <\/strong>L<\/p>\n<p><strong>Zustand:<\/strong> Sehr gut - stellenweise sind Mikroflecken vorhanden.<\/p>\n<p><strong>Ma\u00dfe (Achselbreite\/L\u00e4nge) in cm: <\/strong>56\/73<\/p>","protected":false},"excerpt":{"rendered":"<p data-start=\"0\" data-end=\"122\"><strong data-start=\"0\" data-end=\"122\">Das Original Inter Mailand Ausw\u00e4rtstrikot aus der Saison 2012\/13 von Nike - ein roter Nerazzurri Klassiker.<\/strong><\/p>\n<p data-start=\"124\" data-end=\"552\">Diese <strong data-start=\"127\" data-end=\"193\">Original Inter Mailand Fu\u00dfballtrikot aus der Saison 2012\/13<\/strong> ist eines der ungew\u00f6hnlichsten und markantesten Modelle in der Geschichte des Clubs. Hergestellt von <strong data-start=\"302\" data-end=\"310\">Nike<\/strong>zeichnet sich durch seine K\u00fchnheit aus, <strong data-start=\"335\" data-end=\"356\">in Rot<\/strong>das v\u00f6llig mit der traditionellen Farbpalette der Nerazzurri bricht. Obwohl dieses Trikot bei einigen umstritten ist, wurde es zu einem der denkw\u00fcrdigsten alternativen Spieltrikots von Inter.<\/p>\n<p data-start=\"554\" data-end=\"879\">Das Design dieses Ausw\u00e4rtstrikots nimmt Bezug auf die Farben des Mail\u00e4nder Wappens und symbolisiert gleichzeitig Kampf, Energie und Leidenschaft. Das schlichte Design mit schwarzen und blauen Abschl\u00fcssen an Kragen und \u00c4rmeln harmoniert perfekt mit dem klassischen Pirelli-Logo - dem langj\u00e4hrigen Sponsor des Vereins - und dem minimalistischen wei\u00dfen Nike-Logo und Vereinswappen.<\/p>\n<p data-start=\"881\" data-end=\"1155\">Das T-Shirt ist aus hochwertigen Materialien in einer Technologie hergestellt <strong data-start=\"951\" data-end=\"967\">Nike Dri-FIT<\/strong>Er ist ein leichter, atmungsaktiver und stylischer Schuh, der auch bei starker Beanspruchung f\u00fcr gute Bel\u00fcftung und Komfort sorgt. Leicht, atmungsaktiv und stylisch - perfekt f\u00fcr den Einsatz auf dem Platz und im Alltag.<\/p>\n<p data-start=\"1157\" data-end=\"1430\">Saison <strong>2012\/13<\/strong> war eine Zeit gro\u00dfer Herausforderungen f\u00fcr Inter, das eine Phase des Wiederaufbaus und der Verj\u00fcngung des Kaders durchlief. Trotz des Ausbleibens spektakul\u00e4rer Ergebnisse zog der Verein immer noch die Aufmerksamkeit der Fans aus aller Welt auf sich, und das rote Spieltagstrikot ging als Symbol der Neuer\u00f6ffnung in die Geschichte ein.<\/p>\n<p data-start=\"1432\" data-end=\"1707\">Wenn Sie ein Sammler, ein Calcio-Fan oder einfach auf der Suche nach etwas Einzigartigem sind - dieses <strong data-start=\"1519\" data-end=\"1578\">Original Inter Mailand Ausw\u00e4rts-Fu\u00dfballtrikot<\/strong> aus der Saison 2012\/13 wird eine gute Wahl sein. Es ist nicht nur ein St\u00fcck Vereinsgeschichte, sondern auch stilvoll.<\/p>","protected":false},"featured_media":78903,"template":"","meta":{"_kad_blocks_custom_css":"","_kad_blocks_head_custom_js":"","_kad_blocks_body_custom_js":"","_kad_blocks_footer_custom_js":"","_kad_post_transparent":"default","_kad_post_title":"","_kad_post_layout":"default","_kad_post_sidebar_id":"","_kad_post_content_style":"default","_kad_post_vertical_padding":"default","_kad_post_feature":"","_kad_post_feature_position":"","_kad_post_header":false,"_kad_post_footer":false,"_kad_post_classname":""},"product_brand":[1284],"product_cat":[1458],"product_tag":[],"class_list":{"0":"post-78414","1":"product","2":"type-product","3":"status-publish","4":"has-post-thumbnail","6":"product_brand-nike","7":"product_cat-kluby-wloskie-intermediolan","8":"pa_homeawaythird-away","9":"pa_rozmiar-l","11":"first","12":"instock","13":"taxable","14":"shipping-taxable","15":"purchasable","16":"product-type-simple","17":"entry","18":"content-bg","19":"loop-entry"},"taxonomy_info":{"product_brand":[{"value":1284,"label":"Nike"}],"product_cat":[{"value":1458,"label":"Inter Mediolan"}],"pa_homeawaythird":[{"value":1598,"label":"Away"}],"pa_rozmiar":[{"value":1817,"label":"L"}]},"featured_image_src_large":["https:\/\/footballthrift.shop\/wp-content\/uploads\/2025\/06\/Photoroom_032_20250607_132852-1024x1024.png",1024,1024,true],"author_info":[],"comment_info":"","_links":{"self":[{"href":"https:\/\/footballthrift.shop\/de\/wp-json\/wp\/v2\/product\/78414","targetHints":{"allow":["GET"]}}],"collection":[{"href":"https:\/\/footballthrift.shop\/de\/wp-json\/wp\/v2\/product"}],"about":[{"href":"https:\/\/footballthrift.shop\/de\/wp-json\/wp\/v2\/types\/product"}],"wp:featuredmedia":[{"embeddable":true,"href":"https:\/\/footballthrift.shop\/de\/wp-json\/wp\/v2\/media\/78903"}],"wp:attachment":[{"href":"https:\/\/footballthrift.shop\/de\/wp-json\/wp\/v2\/media?parent=78414"}],"wp:term":[{"taxonomy":"product_brand","embeddable":true,"href":"https:\/\/footballthrift.shop\/de\/wp-json\/wp\/v2\/product_brand?post=78414"},{"taxonomy":"product_cat","embeddable":true,"href":"https:\/\/footballthrift.shop\/de\/wp-json\/wp\/v2\/product_cat?post=78414"},{"taxonomy":"product_tag","embeddable":true,"href":"https:\/\/footballthrift.shop\/de\/wp-json\/wp\/v2\/product_tag?post=78414"}],"curies":[{"name":"wp","href":"https:\/\/api.w.org\/{rel}","templated":true}]}}