{"id":78403,"date":"2025-06-08T17:51:48","date_gmt":"2025-06-08T15:51:48","guid":{"rendered":"https:\/\/footballthrift.shop\/?post_type=product&#038;p=78403"},"modified":"2026-03-09T11:28:49","modified_gmt":"2026-03-09T10:28:49","slug":"afc-ajax-2015-16-auswarts-9-milik-m","status":"publish","type":"product","link":"https:\/\/footballthrift.shop\/de\/afc-ajax-2015-16-away-9-milik-m\/","title":{"rendered":"Koszulka pi\u0142karska AFC Ajax 2015\/16 Away 9 Milik [M]"},"content":{"rendered":"<p><strong>Verein:<\/strong> AFC Ajax<\/p>\n<p><strong>Saison:<\/strong> 2015\/16 Ausw\u00e4rts<\/p>\n<p><strong>Gr\u00f6\u00dfe: <\/strong>M<\/p>\n<p><strong>Zustand:<\/strong> Gut - besch\u00e4digter \"climacool\"-Aufkleber, kleiner Riss an der Nummer auf der R\u00fcckseite und ein kleiner Fleck.<\/p>\n<p><strong>Ma\u00dfe (Achselbreite\/L\u00e4nge) in cm: <\/strong>55\/72<\/p>","protected":false},"excerpt":{"rendered":"<p data-start=\"22\" data-end=\"170\"><strong data-start=\"22\" data-end=\"168\">Das Original Ajax Amsterdam Ausw\u00e4rtstrikot aus der Saison 2015\/16 - produziert von Adidas, in Neonfarben, bedruckt mit Arkadiusz Milik.<\/strong><\/p>\n<p data-start=\"172\" data-end=\"616\">Pr\u00e4sentiert von <strong data-start=\"179\" data-end=\"255\">Ajax Amsterdams originales Ausw\u00e4rtstrikot aus der Saison 2015\/16<\/strong>hergestellt von <strong data-start=\"277\" data-end=\"288\">Adidas<\/strong> in einer auff\u00e4lligen Neonfarbe, die auf den Spielfeldern der Eredivisie und des Europapokals auffiel. Auf der R\u00fcckseite befindet sich ein offizieller Aufdruck <strong data-start=\"430\" data-end=\"451\">Arkadiusz Milik<\/strong>der polnische St\u00fcrmer, der in dieser Saison einer der wichtigsten Torsch\u00fctzen von Ajax war, wichtige Tore erzielte und in Amsterdam schnell zum Fanliebling wurde.<\/p>\n<p data-start=\"618\" data-end=\"1121\">Das T-Shirt hat ein modernes, dynamisches Design - fluoreszierendes Gr\u00fcn wird mit kontrastierenden schwarzen, roten und wei\u00dfen Details kombiniert, darunter die ber\u00fchmten drei Streifen von Adidas an den Schultern. Die Vorderseite zeigt das klassische Wappen <strong data-start=\"822\" data-end=\"841\">Ajax Amsterdam<\/strong>Adidas-Logo und Ziggo-Sponsor. Hergestellt aus leichtem und atmungsaktivem Material <strong data-start=\"975\" data-end=\"988\">Climacool<\/strong>garantiert vollen Komfort, hervorragende Bel\u00fcftung und Bewegungsfreiheit, egal ob im Alltag oder beim Spiel.<\/p>\n<p data-start=\"1123\" data-end=\"1467\">In der Saison 2015\/16 k\u00e4mpfte Ajax um die niederl\u00e4ndische Meisterschaft und nahm an europ\u00e4ischen Wettbewerben teil, w\u00e4hrend die <strong data-start=\"1230\" data-end=\"1249\">Arkadiusz Milik<\/strong> Er beeindruckte durch seine Effektivit\u00e4t, was sp\u00e4ter den Weg f\u00fcr seinen Wechsel zum SSC Napoli ebnete. <strong data-start=\"1333\" data-end=\"1386\">Original-Fu\u00dfballtrikot mit Miliks Namen darauf<\/strong> ist ein einzigartiges Modell f\u00fcr Sammler, Ajax-Fans und polnische Fu\u00dfballfans.<\/p>\n<p data-start=\"1469\" data-end=\"1693\">Wenn Sie auf der Suche nach <strong data-start=\"1483\" data-end=\"1548\">originelles Fu\u00dfballtrikot in einer einzigartigen Neonfarbe<\/strong>Dieses Modell von Ajax Amsterdam aus der Saison 2015\/16 ist eine ausgezeichnete Wahl, denn es vereint schlichtes Design, hohe Qualit\u00e4t und Erinnerungswert.<\/p>","protected":false},"featured_media":78878,"template":"","meta":{"_kad_blocks_custom_css":"","_kad_blocks_head_custom_js":"","_kad_blocks_body_custom_js":"","_kad_blocks_footer_custom_js":"","_kad_post_transparent":"default","_kad_post_title":"","_kad_post_layout":"default","_kad_post_sidebar_id":"","_kad_post_content_style":"default","_kad_post_vertical_padding":"default","_kad_post_feature":"","_kad_post_feature_position":"","_kad_post_header":false,"_kad_post_footer":false,"_kad_post_classname":""},"product_brand":[1283],"product_cat":[1466,1411],"product_tag":[],"class_list":{"0":"post-78403","1":"product","2":"type-product","3":"status-publish","4":"has-post-thumbnail","6":"product_brand-adidas","7":"product_cat-belgia-holandia","8":"product_cat-polscy-pilkarze","9":"pa_homeawaythird-away","10":"pa_rozmiar-m","12":"first","13":"instock","14":"taxable","15":"shipping-taxable","16":"purchasable","17":"product-type-simple","18":"entry","19":"content-bg","20":"loop-entry"},"taxonomy_info":{"product_brand":[{"value":1283,"label":"Adidas"}],"product_cat":[{"value":1466,"label":"Belgia i Holandia"},{"value":1411,"label":"POLSCY PI\u0141KARZE"}],"pa_homeawaythird":[{"value":1598,"label":"Away"}],"pa_rozmiar":[{"value":1816,"label":"M"}]},"featured_image_src_large":["https:\/\/footballthrift.shop\/wp-content\/uploads\/2025\/06\/Photoroom_011_20250607_132852-1024x1024.png",1024,1024,true],"author_info":[],"comment_info":"","_links":{"self":[{"href":"https:\/\/footballthrift.shop\/de\/wp-json\/wp\/v2\/product\/78403","targetHints":{"allow":["GET"]}}],"collection":[{"href":"https:\/\/footballthrift.shop\/de\/wp-json\/wp\/v2\/product"}],"about":[{"href":"https:\/\/footballthrift.shop\/de\/wp-json\/wp\/v2\/types\/product"}],"wp:featuredmedia":[{"embeddable":true,"href":"https:\/\/footballthrift.shop\/de\/wp-json\/wp\/v2\/media\/78878"}],"wp:attachment":[{"href":"https:\/\/footballthrift.shop\/de\/wp-json\/wp\/v2\/media?parent=78403"}],"wp:term":[{"taxonomy":"product_brand","embeddable":true,"href":"https:\/\/footballthrift.shop\/de\/wp-json\/wp\/v2\/product_brand?post=78403"},{"taxonomy":"product_cat","embeddable":true,"href":"https:\/\/footballthrift.shop\/de\/wp-json\/wp\/v2\/product_cat?post=78403"},{"taxonomy":"product_tag","embeddable":true,"href":"https:\/\/footballthrift.shop\/de\/wp-json\/wp\/v2\/product_tag?post=78403"}],"curies":[{"name":"wp","href":"https:\/\/api.w.org\/{rel}","templated":true}]}}