{"id":78402,"date":"2025-06-08T17:51:48","date_gmt":"2025-06-08T15:51:48","guid":{"rendered":"https:\/\/footballthrift.shop\/?post_type=product&#038;p=78402"},"modified":"2026-03-09T11:28:48","modified_gmt":"2026-03-09T10:28:48","slug":"spieler-ausgabe-ssc-napoli-2018-19-auswarts-20-zielinski-xxl","status":"publish","type":"product","link":"https:\/\/footballthrift.shop\/de\/player-issue-ssc-napoli-2018-19-away-20-zielinski-xxl\/","title":{"rendered":"Koszulka pi\u0142karska AUTHENTIC SSC Napoli 2018\/19 Away 20 Zieli\u0144ski [XXL]"},"content":{"rendered":"<p><strong>Verein:<\/strong> SSC Napoli<\/p>\n<p><strong>Saison:<\/strong> 2018\/19 Ausw\u00e4rts<\/p>\n<p><strong>Gr\u00f6\u00dfe: <\/strong>XXL<\/p>\n<p><strong>Zustand:<\/strong> Ausgezeichnet<\/p>\n<p><strong>Ma\u00dfe (Achselbreite\/L\u00e4nge) in cm: <\/strong>51\/74 - das Trikot f\u00e4llt realistischerweise in Gr\u00f6\u00dfe M\/L, das Material ist sehr dehnbar, da es sich um die Top-Match-Version des Trikots handelt.<\/p>","protected":false},"excerpt":{"rendered":"<p data-start=\"34\" data-end=\"173\"><strong data-start=\"34\" data-end=\"171\">Original SSC Napoli Heimtrikot aus der Saison 2018\/19 - produziert von Kappa, in einer von Piotr Zielinski gedruckten Matchversion.\u00a0<\/strong><\/p>\n<p data-start=\"175\" data-end=\"688\">Wir stellen vor: <strong data-start=\"189\" data-end=\"257\">Original Heimtrikot des SSC Napoli aus der Saison 2018\/19<\/strong>die von der renommierten Marke <strong data-start=\"296\" data-end=\"305\">Kappa<\/strong> Match-Version. Dieses Modell zeichnet sich durch seine ma\u00dfgeschneiderte Passform und sein ultraleichtes Material aus, das speziell f\u00fcr Profispieler entwickelt wurde. Auf der R\u00fcckseite befindet sich der offizielle Aufdruck <strong data-start=\"486\" data-end=\"509\">Piotr Zielinski<\/strong>, Neapels zentraler Mittelfeldspieler und polnischer Vertreter, der in dieser Saison mit seiner Technik und seiner Spiel\u00fcbersicht beeindruckte und eine der S\u00e4ulen des Teams unter der Leitung von <strong>Carlo Ancelotti<\/strong>.<\/p>\n<p data-start=\"690\" data-end=\"1161\">Das T-Shirt besticht durch seine markante, intensiv dunkle Farbe mit kr\u00e4ftigen blauen Eins\u00e4tzen - das Symbol der <strong data-start=\"770\" data-end=\"790\">Parthenopeen.<\/strong>\u00a0Auf der Vorderseite befindet sich <strong data-start=\"915\" data-end=\"934\">Wappen des SSC Napoli<\/strong>Kappa Logo und Sponsorenaufdrucke. Die Match-Version garantiert eine perfekte Passform, maximale Atmungsaktivit\u00e4t und Komfort auch bei den anspruchsvollsten Aktivit\u00e4ten.<\/p>\n<p data-start=\"1163\" data-end=\"1559\">Saison <strong>2018\/19<\/strong> war eine Zeit des Kampfes f\u00fcr Napoli in <strong>Serie A<\/strong> Piotr Zielinski spielte in dieser Mannschaft eine \u00e4u\u00dferst wichtige Rolle und erzielte wichtige Tore und Vorlagen. <strong data-start=\"1338\" data-end=\"1404\">Original Napoli-Fu\u00dfballtrikot mit Zielinskis Namen darauf<\/strong> ist nicht nur ein Teil der Sportgeschichte, sondern auch ein wertvolles Souvenir f\u00fcr die Fans des italienischen Vereins und die polnischen Anh\u00e4nger, die die Karriere unseres Vertreters verfolgen.<\/p>\n<p data-start=\"1561\" data-end=\"1827\">Wenn Sie auf der Suche nach <strong data-start=\"1575\" data-end=\"1629\">original match version Fu\u00dfballtrikot bedruckt vom Polen Piotr Zielinski<\/strong>das modernes Design, Spitzenqualit\u00e4t und Sammlerwert vereint, ist dieses Modell des SSC Napoli eine ideale Wahl - sowohl f\u00fcr Sammler als auch als Geschenk f\u00fcr einen echten Fu\u00dfballfan, insbesondere f\u00fcr polnische Fu\u00dfballer.<\/p>","protected":false},"featured_media":78876,"template":"","meta":{"_kad_blocks_custom_css":"","_kad_blocks_head_custom_js":"","_kad_blocks_body_custom_js":"","_kad_blocks_footer_custom_js":"","_kad_post_transparent":"default","_kad_post_title":"","_kad_post_layout":"default","_kad_post_sidebar_id":"","_kad_post_content_style":"default","_kad_post_vertical_padding":"default","_kad_post_feature":"","_kad_post_feature_position":"","_kad_post_header":false,"_kad_post_footer":false,"_kad_post_classname":""},"product_brand":[1290],"product_cat":[1474,1411],"product_tag":[],"class_list":{"0":"post-78402","1":"product","2":"type-product","3":"status-publish","4":"has-post-thumbnail","6":"product_brand-kappa","7":"product_cat-kluby-wloskie-sscnapoli","8":"product_cat-polscy-pilkarze","9":"pa_homeawaythird-away","10":"pa_rozmiar-xxl","12":"first","13":"instock","14":"taxable","15":"shipping-taxable","16":"purchasable","17":"product-type-simple","18":"entry","19":"content-bg","20":"loop-entry"},"taxonomy_info":{"product_brand":[{"value":1290,"label":"Kappa"}],"product_cat":[{"value":1474,"label":"SSC Napoli"},{"value":1411,"label":"POLSCY PI\u0141KARZE"}],"pa_homeawaythird":[{"value":1598,"label":"Away"}],"pa_rozmiar":[{"value":1819,"label":"XXL"}]},"featured_image_src_large":["https:\/\/footballthrift.shop\/wp-content\/uploads\/2025\/06\/Photoroom_009_20250607_132852-1024x1024.png",1024,1024,true],"author_info":[],"comment_info":"","_links":{"self":[{"href":"https:\/\/footballthrift.shop\/de\/wp-json\/wp\/v2\/product\/78402","targetHints":{"allow":["GET"]}}],"collection":[{"href":"https:\/\/footballthrift.shop\/de\/wp-json\/wp\/v2\/product"}],"about":[{"href":"https:\/\/footballthrift.shop\/de\/wp-json\/wp\/v2\/types\/product"}],"wp:featuredmedia":[{"embeddable":true,"href":"https:\/\/footballthrift.shop\/de\/wp-json\/wp\/v2\/media\/78876"}],"wp:attachment":[{"href":"https:\/\/footballthrift.shop\/de\/wp-json\/wp\/v2\/media?parent=78402"}],"wp:term":[{"taxonomy":"product_brand","embeddable":true,"href":"https:\/\/footballthrift.shop\/de\/wp-json\/wp\/v2\/product_brand?post=78402"},{"taxonomy":"product_cat","embeddable":true,"href":"https:\/\/footballthrift.shop\/de\/wp-json\/wp\/v2\/product_cat?post=78402"},{"taxonomy":"product_tag","embeddable":true,"href":"https:\/\/footballthrift.shop\/de\/wp-json\/wp\/v2\/product_tag?post=78402"}],"curies":[{"name":"wp","href":"https:\/\/api.w.org\/{rel}","templated":true}]}}