{"id":77086,"date":"2025-05-25T17:27:13","date_gmt":"2025-05-25T15:27:13","guid":{"rendered":"https:\/\/footballthrift.shop\/?post_type=product&#038;p=77086"},"modified":"2026-03-09T11:28:51","modified_gmt":"2026-03-09T10:28:51","slug":"bnwt-ssc-napoli-2014-15-home-9-higuain-m","status":"publish","type":"product","link":"https:\/\/footballthrift.shop\/de\/bnwt-ssc-napoli-2014-15-home-9-higuain-m\/","title":{"rendered":"Koszulka pi\u0142karska BNWT SSC Napoli 2014\/15 Home 9 Higuain [M]"},"content":{"rendered":"<p><strong>Verein:<\/strong> SSC Napoli<\/p>\n<p><strong>Saison:<\/strong> 2014\/15 Startseite<\/p>\n<p><strong>Gr\u00f6\u00dfe: <\/strong>M<\/p>\n<p><strong>Zustand:<\/strong> BNWT - T-Shirt neu, mit Tags, aber es hat eine kleine Verschmutzung unter dem Namen.<\/p>\n<p><strong>Ma\u00dfe (Achselbreite\/L\u00e4nge) in cm: <\/strong>47\/67<\/p>","protected":false},"excerpt":{"rendered":"<article class=\"text-token-text-primary w-full focus:outline-none scroll-mt-[calc(var(--header-height)+min(200px,max(70px,20svh)))]\" dir=\"auto\" tabindex=\"-1\" data-testid=\"conversation-turn-16\" data-scroll-anchor=\"true\" data-turn=\"assistant\">\n<div class=\"text-base my-auto mx-auto pb-10 [--thread-content-margin:--spacing(4)] @[37rem]:[--thread-content-margin:--spacing(6)] @[72rem]:[--thread-content-margin:--spacing(16)] px-(--thread-content-margin)\">\n<div class=\"[--thread-content-max-width:32rem] @[34rem]:[--thread-content-max-width:40rem] @[64rem]:[--thread-content-max-width:48rem] mx-auto max-w-(--thread-content-max-width) flex-1 group\/turn-messages focus-visible:outline-hidden relative flex w-full min-w-0 flex-col agent-turn\" tabindex=\"-1\">\n<div class=\"flex max-w-full flex-col grow\">\n<div class=\"min-h-8 text-message relative flex w-full flex-col items-end gap-2 text-start break-words whitespace-normal [.text-message+&amp;]:mt-5\" dir=\"auto\" data-message-author-role=\"assistant\" data-message-id=\"a87e19eb-2b92-455b-9088-cbb19d4a5428\" data-message-model-slug=\"gpt-4o\">\n<div class=\"flex w-full flex-col gap-1 empty:hidden first:pt-[3px]\">\n<div class=\"markdown prose dark:prose-invert w-full break-words light\">\n<p data-start=\"0\" data-end=\"101\"><strong data-start=\"0\" data-end=\"101\">Oryginalna koszulka pi\u0142karska SSC Napoli z sezonu 2014\/15 w wersji domowej z nazwiskiem Gonzalo Higua\u00edna.<\/strong><\/p>\n<p data-start=\"103\" data-end=\"623\">Ta <strong data-start=\"106\" data-end=\"150\">oryginalna koszulka pi\u0142karska SSC Napoli<\/strong> z sezonu <strong data-start=\"160\" data-end=\"171\">2014\/15<\/strong> to stylowy i autentyczny egzemplarz w wersji domowej, wyprodukowany przez renomowan\u0105 firm\u0119 <strong data-start=\"263\" data-end=\"273\">Macron<\/strong>. Model zachowany jest w <strong data-start=\"298\" data-end=\"319\">fabrycznym stanie<\/strong>, z kompletem <strong data-start=\"333\" data-end=\"366\">oryginalnych metek sklepowych<\/strong>, co czyni go niezwykle cennym dla <strong data-start=\"401\" data-end=\"418\">kolekcjoner\u00f3w<\/strong> i fan\u00f3w w\u0142oskiego futbolu. Oficjalny <strong data-start=\"456\" data-end=\"492\">nadruk nazwiska Gonzalo Higua\u00edna<\/strong> oraz numer 9 nadaj\u0105 koszulce wyj\u0105tkowego charakteru \u2013 to w\u0142a\u015bnie Argenty\u0144czyk by\u0142 w tamtym sezonie g\u0142\u00f3wn\u0105 gwiazd\u0105 ofensywy Napoli.<\/p>\n<p data-start=\"625\" data-end=\"948\">Koszulka utrzymana jest w klasycznym <strong data-start=\"662\" data-end=\"683\">b\u0142\u0119kitnym kolorze<\/strong>, z bia\u0142ymi wyko\u0144czeniami i detalami, kt\u00f3re oddaj\u0105 estetyk\u0119 klubow\u0105. Na piersi znajdziemy <strong data-start=\"773\" data-end=\"792\">herb SSC Napoli<\/strong>, logo Macron oraz <strong data-start=\"811\" data-end=\"839\">sponsora g\u0142\u00f3wnego \u2013 Lete<\/strong>, umieszczone centralnie. Design \u0142\u0105czy w sobie nowoczesny wygl\u0105d z ho\u0142dem dla tradycji neapolita\u0144skiej pi\u0142ki.<\/p>\n<p data-start=\"950\" data-end=\"1210\">Sezon <strong>2014\/15<\/strong> to czas, gdy Napoli rywalizowa\u0142o w <strong data-start=\"999\" data-end=\"1010\">Serie A<\/strong> oraz w europejskich pucharach, a <strong data-start=\"1044\" data-end=\"1055\">Higua\u00edn<\/strong> by\u0142 w szczytowej formie, zdobywaj\u0105c gole i prowadz\u0105c zesp\u00f3\u0142 do kluczowych zwyci\u0119stw. Ta koszulka jest \u015bwiadectwem jego wp\u0142ywu i miejscem w historii klubu.<\/p>\n<p data-start=\"1212\" data-end=\"1499\" data-is-last-node=\"\" data-is-only-node=\"\">To idealna pozycja dla ka\u017cdego, kto szuka <strong data-start=\"1254\" data-end=\"1302\">oryginalnych koszulek pi\u0142karskich z histori\u0105<\/strong>, szczeg\u00f3lnie zwi\u0105zan\u0105 z ikon\u0105 nowoczesnego Napoli. <strong data-start=\"1354\" data-end=\"1365\">Stylowa<\/strong>, <strong data-start=\"1367\" data-end=\"1382\">autentyczna<\/strong> i pe\u0142na pi\u0142karskiej pasji \u2013 \u015bwietna zar\u00f3wno do kolekcji, jak i jako wyj\u0105tkowy element garderoby ka\u017cdego fana calcio.<\/p>\n<\/div>\n<\/div>\n<\/div>\n<\/div>\n<\/div>\n<\/div>\n<\/article>\n","protected":false},"featured_media":77131,"template":"","meta":{"_kad_blocks_custom_css":"","_kad_blocks_head_custom_js":"","_kad_blocks_body_custom_js":"","_kad_blocks_footer_custom_js":"","_kad_post_transparent":"default","_kad_post_title":"","_kad_post_layout":"default","_kad_post_sidebar_id":"","_kad_post_content_style":"default","_kad_post_vertical_padding":"default","_kad_post_feature":"","_kad_post_feature_position":"","_kad_post_header":false,"_kad_post_footer":false,"_kad_post_classname":""},"product_brand":[1296],"product_cat":[1474,2033],"product_tag":[],"class_list":{"0":"post-77086","1":"product","2":"type-product","3":"status-publish","4":"has-post-thumbnail","6":"product_brand-macron","7":"product_cat-kluby-wloskie-sscnapoli","8":"product_cat-bnwt","9":"pa_homeawaythird-home","10":"pa_rozmiar-m","12":"first","13":"instock","14":"taxable","15":"shipping-taxable","16":"purchasable","17":"product-type-simple","18":"entry","19":"content-bg","20":"loop-entry"},"taxonomy_info":{"product_brand":[{"value":1296,"label":"macron"}],"product_cat":[{"value":1474,"label":"SSC Napoli"},{"value":2033,"label":"BNWT"}],"pa_homeawaythird":[{"value":1597,"label":"Home"}],"pa_rozmiar":[{"value":1816,"label":"M"}]},"featured_image_src_large":["https:\/\/footballthrift.shop\/wp-content\/uploads\/2025\/05\/Photoroom_033_20250521_104552-1024x1024.png",1024,1024,true],"author_info":[],"comment_info":"","_links":{"self":[{"href":"https:\/\/footballthrift.shop\/de\/wp-json\/wp\/v2\/product\/77086","targetHints":{"allow":["GET"]}}],"collection":[{"href":"https:\/\/footballthrift.shop\/de\/wp-json\/wp\/v2\/product"}],"about":[{"href":"https:\/\/footballthrift.shop\/de\/wp-json\/wp\/v2\/types\/product"}],"wp:featuredmedia":[{"embeddable":true,"href":"https:\/\/footballthrift.shop\/de\/wp-json\/wp\/v2\/media\/77131"}],"wp:attachment":[{"href":"https:\/\/footballthrift.shop\/de\/wp-json\/wp\/v2\/media?parent=77086"}],"wp:term":[{"taxonomy":"product_brand","embeddable":true,"href":"https:\/\/footballthrift.shop\/de\/wp-json\/wp\/v2\/product_brand?post=77086"},{"taxonomy":"product_cat","embeddable":true,"href":"https:\/\/footballthrift.shop\/de\/wp-json\/wp\/v2\/product_cat?post=77086"},{"taxonomy":"product_tag","embeddable":true,"href":"https:\/\/footballthrift.shop\/de\/wp-json\/wp\/v2\/product_tag?post=77086"}],"curies":[{"name":"wp","href":"https:\/\/api.w.org\/{rel}","templated":true}]}}