{"id":77082,"date":"2025-05-25T17:27:17","date_gmt":"2025-05-25T15:27:17","guid":{"rendered":"https:\/\/footballthrift.shop\/?post_type=product&#038;p=77082"},"modified":"2026-03-09T11:28:50","modified_gmt":"2026-03-09T10:28:50","slug":"rc-lens-2009-10-home-s","status":"publish","type":"product","link":"https:\/\/footballthrift.shop\/de\/rc-lens-2009-10-home-s\/","title":{"rendered":"Koszulka pi\u0142karska RC Lens 2009\/10 Home [S]"},"content":{"rendered":"<p><strong>Verein:<\/strong> RC-Objektiv<\/p>\n<p><strong>Saison:<\/strong> 2009\/10 Startseite<\/p>\n<p><strong>Gr\u00f6\u00dfe: <\/strong>S<\/p>\n<p><strong>Zustand:<\/strong> Gut - ein paar Mikrozerrungen und ein abgenutzter Gr\u00f6\u00dfenaufkleber am Hals.<\/p>\n<p><strong>Ma\u00dfe (Achselbreite\/L\u00e4nge) in cm: <\/strong>49\/69<\/p>","protected":false},"excerpt":{"rendered":"<p data-start=\"0\" data-end=\"94\"><strong data-start=\"0\" data-end=\"94\">Das Original RC Lens Heimtrikot aus der Saison 2008\/09 von Reebok.<\/strong><\/p>\n<p data-start=\"96\" data-end=\"429\">Diese <strong data-start=\"99\" data-end=\"157\">original RC Lens Fu\u00dfballtrikot aus der Saison 2008\/09<\/strong> ist ein Klassiker des franz\u00f6sischen Fu\u00dfballs in den bekanntesten Farben des Vereins - Rot und Gelb. Hergestellt von <strong data-start=\"274\" data-end=\"285\">Reebok<\/strong>Sie zeichnet sich durch ein dynamisches Design mit asymmetrischen Eins\u00e4tzen und eine solide Verarbeitung aus, die auch nach Jahren noch Komfort und Haltbarkeit garantiert.<\/p>\n<p data-start=\"431\" data-end=\"730\">Das Trikot zeigt das historische Wappen des Vereins und das Logo des Hauptsponsors Invicta in der Mitte der Vorderseite. Saison <strong>2008\/09<\/strong> war f\u00fcr <strong>RC-Objektiv<\/strong> Zeit des Wiederaufbaus - das Team f\u00fchrte in<strong> Liga 2<\/strong>Die Mannschaft k\u00e4mpfte um die R\u00fcckkehr in die erste Liga und erreichte dieses Ziel, indem sie die Saison auf Platz 1 beendete.<\/p>\n<p data-start=\"732\" data-end=\"976\" data-is-last-node=\"\" data-is-only-node=\"\">Das T-Shirt ist ein Leckerbissen f\u00fcr Fans <strong>Les Sang et Or<\/strong> und Sammler, die auf der Suche sind nach <strong data-start=\"811\" data-end=\"848\">Original-Fu\u00dfballtrikots<\/strong> mit einer authentischen Geschichte. Stilvoll, retro und voller Fu\u00dfballcharakter - eine gute Wahl f\u00fcr alle Liebhaber des franz\u00f6sischen Fu\u00dfballs.<\/p>","protected":false},"featured_media":77094,"template":"","meta":{"_kad_blocks_custom_css":"","_kad_blocks_head_custom_js":"","_kad_blocks_body_custom_js":"","_kad_blocks_footer_custom_js":"","_kad_post_transparent":"default","_kad_post_title":"","_kad_post_layout":"default","_kad_post_sidebar_id":"","_kad_post_content_style":"default","_kad_post_vertical_padding":"default","_kad_post_feature":"","_kad_post_feature_position":"","_kad_post_header":false,"_kad_post_footer":false,"_kad_post_classname":""},"product_brand":[1286],"product_cat":[1475],"product_tag":[],"class_list":{"0":"post-77082","1":"product","2":"type-product","3":"status-publish","4":"has-post-thumbnail","6":"product_brand-reebok","7":"product_cat-pozostale-kluby-francuskie","8":"pa_homeawaythird-home","9":"pa_rozmiar-s","11":"first","12":"instock","13":"taxable","14":"shipping-taxable","15":"purchasable","16":"product-type-simple","17":"entry","18":"content-bg","19":"loop-entry"},"taxonomy_info":{"product_brand":[{"value":1286,"label":"Reebok"}],"product_cat":[{"value":1475,"label":"Pozosta\u0142e kluby francuskie"}],"pa_homeawaythird":[{"value":1597,"label":"Home"}],"pa_rozmiar":[{"value":1815,"label":"S"}]},"featured_image_src_large":["https:\/\/footballthrift.shop\/wp-content\/uploads\/2025\/05\/Photoroom_016_20250521_104552-1024x1024.png",1024,1024,true],"author_info":[],"comment_info":"","_links":{"self":[{"href":"https:\/\/footballthrift.shop\/de\/wp-json\/wp\/v2\/product\/77082","targetHints":{"allow":["GET"]}}],"collection":[{"href":"https:\/\/footballthrift.shop\/de\/wp-json\/wp\/v2\/product"}],"about":[{"href":"https:\/\/footballthrift.shop\/de\/wp-json\/wp\/v2\/types\/product"}],"wp:featuredmedia":[{"embeddable":true,"href":"https:\/\/footballthrift.shop\/de\/wp-json\/wp\/v2\/media\/77094"}],"wp:attachment":[{"href":"https:\/\/footballthrift.shop\/de\/wp-json\/wp\/v2\/media?parent=77082"}],"wp:term":[{"taxonomy":"product_brand","embeddable":true,"href":"https:\/\/footballthrift.shop\/de\/wp-json\/wp\/v2\/product_brand?post=77082"},{"taxonomy":"product_cat","embeddable":true,"href":"https:\/\/footballthrift.shop\/de\/wp-json\/wp\/v2\/product_cat?post=77082"},{"taxonomy":"product_tag","embeddable":true,"href":"https:\/\/footballthrift.shop\/de\/wp-json\/wp\/v2\/product_tag?post=77082"}],"curies":[{"name":"wp","href":"https:\/\/api.w.org\/{rel}","templated":true}]}}