{"id":77073,"date":"2025-05-25T17:26:59","date_gmt":"2025-05-25T15:26:59","guid":{"rendered":"https:\/\/footballthrift.shop\/?post_type=product&#038;p=77073"},"modified":"2026-03-09T11:28:53","modified_gmt":"2026-03-09T10:28:53","slug":"inter-mediolan-2016-17-away-s","status":"publish","type":"product","link":"https:\/\/footballthrift.shop\/de\/inter-mediolan-2016-17-away-s\/","title":{"rendered":"Koszulka pi\u0142karska Inter Mediolan 2016\/17 Away [S]"},"content":{"rendered":"<p><strong>Verein:<\/strong> Inter Mailand<\/p>\n<p><strong>Saison:<\/strong> 2016\/17 Ausw\u00e4rts<\/p>\n<p><strong>Gr\u00f6\u00dfe: <\/strong>S<\/p>\n<p><strong>Zustand:<\/strong> Gut - leicht besch\u00e4digter Sponsorenaufdruck auf der R\u00fcckseite und eine leichte Verschmutzung.<\/p>\n<p><strong>Ma\u00dfe (Achselbreite\/L\u00e4nge) in cm: <\/strong>48\/69<\/p>","protected":false},"excerpt":{"rendered":"<article class=\"text-token-text-primary w-full focus:outline-none scroll-mt-[calc(var(--header-height)+min(200px,max(70px,20svh)))]\" dir=\"auto\" tabindex=\"-1\" data-testid=\"conversation-turn-126\" data-scroll-anchor=\"true\" data-turn=\"assistant\">\n<div class=\"text-base my-auto mx-auto pb-10 [--thread-content-margin:--spacing(4)] @[37rem]:[--thread-content-margin:--spacing(6)] @[72rem]:[--thread-content-margin:--spacing(16)] px-(--thread-content-margin)\">\n<div class=\"[--thread-content-max-width:32rem] @[34rem]:[--thread-content-max-width:40rem] @[64rem]:[--thread-content-max-width:48rem] mx-auto max-w-(--thread-content-max-width) flex-1 group\/turn-messages focus-visible:outline-hidden relative flex w-full min-w-0 flex-col agent-turn\" tabindex=\"-1\">\n<div class=\"flex max-w-full flex-col grow\">\n<div class=\"min-h-8 text-message relative flex w-full flex-col items-end gap-2 text-start break-words whitespace-normal [.text-message+&amp;]:mt-5\" dir=\"auto\" data-message-author-role=\"assistant\" data-message-id=\"472ab47e-dc9f-4957-bf47-3eb442a87ccb\" data-message-model-slug=\"gpt-4o\">\n<div class=\"flex w-full flex-col gap-1 empty:hidden first:pt-[3px]\">\n<div class=\"markdown prose dark:prose-invert w-full break-words light markdown-new-styling\">\n<p data-start=\"0\" data-end=\"106\"><strong data-start=\"0\" data-end=\"104\">Oryginalna koszulka pi\u0142karska Interu Mediolan z sezonu 2016\/17 w wersji wyjazdowej \u2013 produkcji Nike.<\/strong><\/p>\n<p data-start=\"108\" data-end=\"559\">Ta <strong data-start=\"111\" data-end=\"160\">oryginalna wyjazdowa koszulka Interu Mediolan<\/strong> z sezonu <strong data-start=\"170\" data-end=\"181\">2016\/17<\/strong> to oficjalny model meczowy wyprodukowany przez <strong data-start=\"229\" data-end=\"237\">Nike<\/strong>, zaprojektowany z my\u015bl\u0105 o wyst\u0119pach \u201eNerazzurrich\u201d poza Stadio Giuseppe Meazza. Utrzymana w nowoczesnej, ale stonowanej stylistyce, koszulka \u0142\u0105czy <strong data-start=\"385\" data-end=\"403\">klasyczn\u0105 biel<\/strong> z <strong data-start=\"406\" data-end=\"454\">wyrazistymi niebieskimi i czarnymi akcentami<\/strong>, co doskonale nawi\u0105zuje do klubowej to\u017csamo\u015bci Interu, a jednocze\u015bnie oferuje \u015bwie\u017cy, dynamiczny wygl\u0105d.<\/p>\n<p data-start=\"561\" data-end=\"975\">Na froncie znajduje si\u0119 <strong data-start=\"585\" data-end=\"619\">haftowany herb Interu Mediolan<\/strong>, umieszczony po lewej stronie klatki piersiowej, naprzeciwko logo <strong data-start=\"686\" data-end=\"694\">Nike<\/strong>, a poni\u017cej widnieje <strong data-start=\"715\" data-end=\"741\">sponsor g\u0142\u00f3wny Pirelli<\/strong> \u2013 jeden z najd\u0142u\u017cej wsp\u00f3\u0142pracuj\u0105cych z klubem partner\u00f3w w europejskim futbolu. R\u0119kawy ozdobione s\u0105 szerokimi <strong data-start=\"851\" data-end=\"892\">paskami w odcieniach niebieskiego i czerni<\/strong>, kt\u00f3re podkre\u015blaj\u0105 sylwetk\u0119 i nadaj\u0105 koszulce nowoczesnego, sportowego charakteru.<\/p>\n<p data-start=\"977\" data-end=\"1303\">Koszulka zosta\u0142a wykonana z lekkiego, oddychaj\u0105cego materia\u0142u w technologii <strong data-start=\"1053\" data-end=\"1069\">Nike Dri-FIT<\/strong>, zapewniaj\u0105cej skuteczne odprowadzanie wilgoci i komfort termiczny podczas gry i codziennego noszenia. Kr\u00f3j dopasowany jest do cia\u0142a, z elastycznym wyko\u0144czeniem przy ko\u0142nierzu i r\u0119kawach, co zapewnia wygod\u0119 ruchu i estetyczny wygl\u0105d.<\/p>\n<p data-start=\"1305\" data-end=\"1727\">Sezon <strong data-start=\"1311\" data-end=\"1322\">2016\/17<\/strong> by\u0142 dla Interu okresem przej\u015bciowym \u2013 dru\u017cyna przechodzi\u0142a reorganizacj\u0119 kadrow\u0105 i zmiany na \u0142awce trenerskiej, a mimo to w sk\u0142adzie znajdowali si\u0119 kluczowi zawodnicy tacy jak <strong data-start=\"1499\" data-end=\"1563\">Mauro Icardi, Ivan Peri\u0161i\u0107, \u00c9ver Banega czy Samir Handanovi\u0107<\/strong>. Klub zako\u0144czy\u0142 sezon w \u015brodku tabeli Serie A, jednak koszulki z tego okresu sta\u0142y si\u0119 symbolem nowego kierunku i przebudowy zespo\u0142u pod k\u0105tem przysz\u0142ych sukces\u00f3w.<\/p>\n<p data-start=\"1729\" data-end=\"1998\">Koszulka wyjazdowa z sezonu 2016\/17 to nie tylko element nowoczesnej historii Interu, ale tak\u017ce atrakcyjny model kolekcjonerski \u2013 szczeg\u00f3lnie ceniony za <strong data-start=\"1882\" data-end=\"1901\">czyst\u0105 estetyk\u0119<\/strong>, <strong data-start=\"1903\" data-end=\"1938\">technologiczn\u0105 jako\u015b\u0107 wykonania<\/strong> oraz <strong data-start=\"1944\" data-end=\"1997\">zachowanie tradycyjnych barw klubu w nowej formie<\/strong>.<\/p>\n<p data-start=\"2000\" data-end=\"2307\" data-is-last-node=\"\" data-is-only-node=\"\">To doskona\u0142y wyb\u00f3r dla fan\u00f3w <strong data-start=\"2029\" data-end=\"2048\">Interu Mediolan<\/strong>, mi\u0142o\u015bnik\u00f3w w\u0142oskiej pi\u0142ki, a tak\u017ce kolekcjoner\u00f3w poszukuj\u0105cych <strong data-start=\"2113\" data-end=\"2192\">oryginalnych koszulek meczowych z unikalnym designem i kontekstem sezonowym<\/strong>. Koszulka \u0142\u0105czy w sobie <strong data-start=\"2217\" data-end=\"2263\">styl, funkcjonalno\u015b\u0107 i pi\u0142karsk\u0105 to\u017csamo\u015b\u0107<\/strong>, b\u0119d\u0105c godnym dodatkiem do ka\u017cdej kolekcji.<\/p>\n<\/div>\n<\/div>\n<\/div>\n<\/div>\n<\/div>\n<\/div>\n<\/article>\n<div class=\"pointer-events-none h-px w-px\" aria-hidden=\"true\" data-edge=\"true\"><\/div>\n","protected":false},"featured_media":77259,"template":"","meta":{"_kad_blocks_custom_css":"","_kad_blocks_head_custom_js":"","_kad_blocks_body_custom_js":"","_kad_blocks_footer_custom_js":"","_kad_post_transparent":"default","_kad_post_title":"","_kad_post_layout":"default","_kad_post_sidebar_id":"","_kad_post_content_style":"default","_kad_post_vertical_padding":"default","_kad_post_feature":"","_kad_post_feature_position":"","_kad_post_header":false,"_kad_post_footer":false,"_kad_post_classname":""},"product_brand":[1284],"product_cat":[1458],"product_tag":[],"class_list":{"0":"post-77073","1":"product","2":"type-product","3":"status-publish","4":"has-post-thumbnail","6":"product_brand-nike","7":"product_cat-kluby-wloskie-intermediolan","8":"pa_homeawaythird-away","9":"pa_rozmiar-s","11":"first","12":"instock","13":"taxable","14":"shipping-taxable","15":"purchasable","16":"product-type-simple","17":"entry","18":"content-bg","19":"loop-entry"},"taxonomy_info":{"product_brand":[{"value":1284,"label":"Nike"}],"product_cat":[{"value":1458,"label":"Inter Mediolan"}],"pa_homeawaythird":[{"value":1598,"label":"Away"}],"pa_rozmiar":[{"value":1815,"label":"S"}]},"featured_image_src_large":["https:\/\/footballthrift.shop\/wp-content\/uploads\/2025\/05\/Photoroom_002_20250521_104552-1024x1024.png",1024,1024,true],"author_info":[],"comment_info":"","_links":{"self":[{"href":"https:\/\/footballthrift.shop\/de\/wp-json\/wp\/v2\/product\/77073","targetHints":{"allow":["GET"]}}],"collection":[{"href":"https:\/\/footballthrift.shop\/de\/wp-json\/wp\/v2\/product"}],"about":[{"href":"https:\/\/footballthrift.shop\/de\/wp-json\/wp\/v2\/types\/product"}],"wp:featuredmedia":[{"embeddable":true,"href":"https:\/\/footballthrift.shop\/de\/wp-json\/wp\/v2\/media\/77259"}],"wp:attachment":[{"href":"https:\/\/footballthrift.shop\/de\/wp-json\/wp\/v2\/media?parent=77073"}],"wp:term":[{"taxonomy":"product_brand","embeddable":true,"href":"https:\/\/footballthrift.shop\/de\/wp-json\/wp\/v2\/product_brand?post=77073"},{"taxonomy":"product_cat","embeddable":true,"href":"https:\/\/footballthrift.shop\/de\/wp-json\/wp\/v2\/product_cat?post=77073"},{"taxonomy":"product_tag","embeddable":true,"href":"https:\/\/footballthrift.shop\/de\/wp-json\/wp\/v2\/product_tag?post=77073"}],"curies":[{"name":"wp","href":"https:\/\/api.w.org\/{rel}","templated":true}]}}