{"id":77069,"date":"2025-05-25T17:27:02","date_gmt":"2025-05-25T15:27:02","guid":{"rendered":"https:\/\/footballthrift.shop\/?post_type=product&#038;p=77069"},"modified":"2026-03-09T11:28:52","modified_gmt":"2026-03-09T10:28:52","slug":"kroatien-2020-22-heim-l","status":"publish","type":"product","link":"https:\/\/footballthrift.shop\/de\/chorwacja-2020-22-home-l\/","title":{"rendered":"Koszulka pi\u0142karska Chorwacja 2020\/22 Home [L]"},"content":{"rendered":"<p><strong>Verein:<\/strong> Kroatien<\/p>\n<p><strong>Saison:<\/strong> 2020\/22 Startseite<\/p>\n<p><strong>Gr\u00f6\u00dfe: <\/strong>L<\/p>\n<p><strong>Zustand:<\/strong> Sehr gut - drei kleine Flecken auf dem \u00c4rmel.<\/p>\n<p><strong>Ma\u00dfe (Achselbreite\/L\u00e4nge) in cm: <\/strong>56\/76<\/p>","protected":false},"excerpt":{"rendered":"<article class=\"text-token-text-primary w-full focus:outline-none scroll-mt-[calc(var(--header-height)+min(200px,max(70px,20svh)))]\" dir=\"auto\" tabindex=\"-1\" data-testid=\"conversation-turn-120\" data-scroll-anchor=\"true\" data-turn=\"assistant\">\n<div class=\"text-base my-auto mx-auto pb-10 [--thread-content-margin:--spacing(4)] @[37rem]:[--thread-content-margin:--spacing(6)] @[72rem]:[--thread-content-margin:--spacing(16)] px-(--thread-content-margin)\">\n<div class=\"[--thread-content-max-width:32rem] @[34rem]:[--thread-content-max-width:40rem] @[64rem]:[--thread-content-max-width:48rem] mx-auto max-w-(--thread-content-max-width) flex-1 group\/turn-messages focus-visible:outline-hidden relative flex w-full min-w-0 flex-col agent-turn\" tabindex=\"-1\">\n<div class=\"flex max-w-full flex-col grow\">\n<div class=\"min-h-8 text-message relative flex w-full flex-col items-end gap-2 text-start break-words whitespace-normal [.text-message+&amp;]:mt-5\" dir=\"auto\" data-message-author-role=\"assistant\" data-message-id=\"8b1634be-5a98-4890-ada7-3f89cf762d89\" data-message-model-slug=\"gpt-4o\">\n<div class=\"flex w-full flex-col gap-1 empty:hidden first:pt-[3px]\">\n<div class=\"markdown prose dark:prose-invert w-full break-words light markdown-new-styling\">\n<p data-start=\"0\" data-end=\"110\"><strong data-start=\"0\" data-end=\"108\">Oryginalna koszulka pi\u0142karska reprezentacji Chorwacji z lat 2020\u20132022 w wersji domowej \u2013 produkcji Nike.<\/strong><\/p>\n<p data-start=\"112\" data-end=\"546\">Ta <strong data-start=\"115\" data-end=\"169\">oryginalna domowa koszulka reprezentacji Chorwacji<\/strong> z lat <strong data-start=\"176\" data-end=\"189\">2020\u20132022<\/strong> to oficjalny model wyprodukowany przez <strong data-start=\"229\" data-end=\"237\">Nike<\/strong>, noszony przez kadr\u0119 podczas <strong data-start=\"267\" data-end=\"280\">EURO 2020<\/strong> (rozgrywanego w 2021 roku) oraz eliminacji do <strong data-start=\"327\" data-end=\"353\">Mistrzostw \u015awiata 2022<\/strong>. Utrzymana w klasycznym, rozpoznawalnym na ca\u0142ym \u015bwiecie stylu, koszulka prezentuje <strong data-start=\"438\" data-end=\"478\">ikoniczne bia\u0142o-czerwone szachownice<\/strong>, b\u0119d\u0105ce symbolem narodowej to\u017csamo\u015bci i pi\u0142karskiej dumy Chorwat\u00f3w.<\/p>\n<p data-start=\"548\" data-end=\"1003\">Model ten cechuje si\u0119 nowoczesnym, dynamicznym wzorem \u2013 <strong data-start=\"604\" data-end=\"622\">wi\u0119ksze kratki<\/strong> w kontrastuj\u0105cych kolorach nadaj\u0105 koszulce bardziej graficznego i wyrazistego wygl\u0105du ni\u017c w poprzednich edycjach. Na piersi znajduje si\u0119 <strong data-start=\"760\" data-end=\"818\">haftowany herb Chorwackiego Zwi\u0105zku Pi\u0142ki No\u017cnej (HNS)<\/strong> oraz logo <strong data-start=\"829\" data-end=\"837\">Nike<\/strong>, umieszczone po przeciwnej stronie.<\/p>\n<p data-start=\"1005\" data-end=\"1322\">Koszulka zosta\u0142a wykonana z wysokiej jako\u015bci materia\u0142u, zapewniaj\u0105cego <strong data-start=\"1106\" data-end=\"1167\">odprowadzanie wilgoci, przewiewno\u015b\u0107 i komfort u\u017cytkowania<\/strong> podczas intensywnego wysi\u0142ku. Ergonomiczny, lekko dopasowany kr\u00f3j i elastyczne panele boczne gwarantuj\u0105 swobod\u0119 ruch\u00f3w, zar\u00f3wno na boisku, jak i poza nim.<\/p>\n<p data-start=\"1324\" data-end=\"1718\">W latach 2020\u20132022 reprezentacja Chorwacji wci\u0105\u017c opiera\u0142a si\u0119 na filarach, kt\u00f3re doprowadzi\u0142y j\u0105 do wicemistrzostwa \u015bwiata w 2018 roku \u2013 takich jak <strong data-start=\"1472\" data-end=\"1534\">Luka Modri\u0107, Marcelo Brozovi\u0107, Ivan Peri\u0161i\u0107, Mateo Kova\u010di\u0107<\/strong> czy <strong data-start=\"1539\" data-end=\"1555\">Domagoj Vida<\/strong>. Pomimo zmiany pokoleniowej, zesp\u00f3\u0142 utrzyma\u0142 konkurencyjny poziom, awansuj\u0105c z grupy podczas EURO 2020 i kontynuuj\u0105c udane wyst\u0119py w mi\u0119dzynarodowych rozgrywkach.<\/p>\n<p data-start=\"1720\" data-end=\"2078\">Koszulka ta to wi\u0119cej ni\u017c tylko element sportowej garderoby \u2013 to <strong data-start=\"1785\" data-end=\"1846\">symbol chorwackiego futbolu, waleczno\u015bci i narodowej dumy<\/strong>. Dzi\u0119ki po\u0142\u0105czeniu <strong data-start=\"1866\" data-end=\"1933\">nowoczesnego designu, funkcjonalno\u015bci i historycznego znaczenia<\/strong>, stanowi doskona\u0142y wyb\u00f3r dla fan\u00f3w reprezentacji Chorwacji, mi\u0142o\u015bnik\u00f3w pi\u0142ki mi\u0119dzynarodowej i <strong data-start=\"2029\" data-end=\"2077\">kolekcjoner\u00f3w oficjalnych koszulek meczowych<\/strong>.<\/p>\n<p data-start=\"2080\" data-end=\"2234\" data-is-last-node=\"\" data-is-only-node=\"\"><strong data-start=\"2080\" data-end=\"2137\">Wyrazista, nowoczesna i pe\u0142na pi\u0142karskiego charakteru<\/strong> \u2013 koszulka Chorwacji z lat 2020\u20132022 to ikona wsp\u00f3\u0142czesnego futbolu z silnym narodowym akcentem.<\/p>\n<\/div>\n<\/div>\n<\/div>\n<\/div>\n<\/div>\n<\/div>\n<\/article>\n<div class=\"pointer-events-none h-px w-px\" aria-hidden=\"true\" data-edge=\"true\"><\/div>\n","protected":false},"featured_media":77230,"template":"","meta":{"_kad_blocks_custom_css":"","_kad_blocks_head_custom_js":"","_kad_blocks_body_custom_js":"","_kad_blocks_footer_custom_js":"","_kad_post_transparent":"default","_kad_post_title":"","_kad_post_layout":"default","_kad_post_sidebar_id":"","_kad_post_content_style":"default","_kad_post_vertical_padding":"default","_kad_post_feature":"","_kad_post_feature_position":"","_kad_post_header":false,"_kad_post_footer":false,"_kad_post_classname":""},"product_brand":[1284],"product_cat":[1489],"product_tag":[],"class_list":{"0":"post-77069","1":"product","2":"type-product","3":"status-publish","4":"has-post-thumbnail","6":"product_brand-nike","7":"product_cat-pozostale-reprezentacje-europa","8":"pa_homeawaythird-home","9":"pa_rozmiar-l","11":"first","12":"instock","13":"taxable","14":"shipping-taxable","15":"purchasable","16":"product-type-simple","17":"entry","18":"content-bg","19":"loop-entry"},"taxonomy_info":{"product_brand":[{"value":1284,"label":"Nike"}],"product_cat":[{"value":1489,"label":"Pozosta\u0142e"}],"pa_homeawaythird":[{"value":1597,"label":"Home"}],"pa_rozmiar":[{"value":1817,"label":"L"}]},"featured_image_src_large":["https:\/\/footballthrift.shop\/wp-content\/uploads\/2025\/05\/Photoroom_014_20250521_104552-1024x1024.png",1024,1024,true],"author_info":[],"comment_info":"","_links":{"self":[{"href":"https:\/\/footballthrift.shop\/de\/wp-json\/wp\/v2\/product\/77069","targetHints":{"allow":["GET"]}}],"collection":[{"href":"https:\/\/footballthrift.shop\/de\/wp-json\/wp\/v2\/product"}],"about":[{"href":"https:\/\/footballthrift.shop\/de\/wp-json\/wp\/v2\/types\/product"}],"wp:featuredmedia":[{"embeddable":true,"href":"https:\/\/footballthrift.shop\/de\/wp-json\/wp\/v2\/media\/77230"}],"wp:attachment":[{"href":"https:\/\/footballthrift.shop\/de\/wp-json\/wp\/v2\/media?parent=77069"}],"wp:term":[{"taxonomy":"product_brand","embeddable":true,"href":"https:\/\/footballthrift.shop\/de\/wp-json\/wp\/v2\/product_brand?post=77069"},{"taxonomy":"product_cat","embeddable":true,"href":"https:\/\/footballthrift.shop\/de\/wp-json\/wp\/v2\/product_cat?post=77069"},{"taxonomy":"product_tag","embeddable":true,"href":"https:\/\/footballthrift.shop\/de\/wp-json\/wp\/v2\/product_tag?post=77069"}],"curies":[{"name":"wp","href":"https:\/\/api.w.org\/{rel}","templated":true}]}}