{"id":77063,"date":"2025-05-25T17:27:07","date_gmt":"2025-05-25T15:27:07","guid":{"rendered":"https:\/\/footballthrift.shop\/?post_type=product&#038;p=77063"},"modified":"2026-03-09T11:28:52","modified_gmt":"2026-03-09T10:28:52","slug":"as-saint-etienne-1995-98-home-xl","status":"publish","type":"product","link":"https:\/\/footballthrift.shop\/de\/as-saint-etienne-1995-98-home-xl\/","title":{"rendered":"Koszulka pi\u0142karska AS Saint Etienne 1995\/98 Home [XL]"},"content":{"rendered":"<p><strong>Verein:<\/strong> AS Saint-Etienne<\/p>\n<p><strong>Saison:<\/strong> 1995\/98 Heim<\/p>\n<p><strong>Gr\u00f6\u00dfe: <\/strong>XL<\/p>\n<p><strong>Zustand:<\/strong> Gut - besch\u00e4digter Sponsoraufdruck auf der Vorderseite und ein paar Mikrostiche.<\/p>\n<p><strong>Ma\u00dfe (Achselbreite\/L\u00e4nge) in cm: <\/strong>57\/76<\/p>","protected":false},"excerpt":{"rendered":"<p data-start=\"0\" data-end=\"104\"><strong data-start=\"0\" data-end=\"102\">Original AS Saint-\u00c9tienne Fu\u00dfballtrikot von 1995-1998 in der Heimversion - hergestellt von Lotto.<\/strong><\/p>\n<p data-start=\"106\" data-end=\"553\">Diese <strong data-start=\"109\" data-end=\"156\">Original AS Saint-\u00c9tienne Heimtrikot<\/strong> im Laufe der Jahre <strong data-start=\"163\" data-end=\"176\">1995-1998<\/strong> ist ein klassisches Modell, das von der italienischen Marke <strong data-start=\"238\" data-end=\"247\">Lotto<\/strong>die Mitte der 1990er Jahre offizieller Ausr\u00fcster eines der erfolgreichsten Vereine Frankreichs war. Das Trikot wurde entworfen in <strong data-start=\"405\" data-end=\"437\">dominante gr\u00fcne Farbe<\/strong>das seit Jahrzehnten das Symbol f\u00fcr die Identit\u00e4t der \"Les Verts\" ist, und wird erg\u00e4nzt durch das <strong data-start=\"509\" data-end=\"526\">wei\u00dfe Eins\u00e4tze<\/strong> an \u00c4rmeln, Vorderseite und Kragen.<\/p>\n<p data-start=\"555\" data-end=\"990\">Eines der markantesten Elemente dieses Modells ist die <strong data-start=\"622\" data-end=\"658\">Retro-Kragen mit Kordelzug<\/strong> auf der Vorderseite - ein unverwechselbares Detail, das dem Trikot einen klassischen und eleganten Look verleiht, inspiriert von den Fu\u00dfballoutfits vergangener Zeiten. Die Brust zeigt <strong data-start=\"824\" data-end=\"859\">Gesticktes Wappen der AS Saint-\u00c9tienne<\/strong>, Logo <strong data-start=\"866\" data-end=\"875\">Lotto<\/strong> und legend\u00e4rem Sponsor - <strong data-start=\"902\" data-end=\"912\">Kasino<\/strong>dessen Logo seinerzeit fast untrennbar mit dem Image des Vereins verbunden war.<\/p>\n<p data-start=\"992\" data-end=\"1386\">Das Modell wurde von der Mannschaft w\u00e4hrend einer schwierigen, aber charaktervollen Zeit f\u00fcr ASSE getragen - der Verein nahm an der <strong>Ligue 1 und Ligue 2<\/strong>Der Verein k\u00e4mpft mit sportlichen Problemen, hat aber gleichzeitig eine gro\u00dfe Unterst\u00fctzung durch treue Fans und einen Kultstatus unter den franz\u00f6sischen Fu\u00dfballfans. Dieses Trikot f\u00e4ngt den Geist jener Jahre perfekt ein - voller Kampf um die R\u00fcckkehr an die Spitze, Tradition und Stolz auf die Identit\u00e4t des Vereins.<\/p>\n<p data-start=\"1388\" data-end=\"1770\">Das Trikot ist aus einem klassischen Polyestermaterial mit leicht gl\u00e4nzender Textur gefertigt und hat einen f\u00fcr die 1990er Jahre typischen lockeren Schnitt, der es nicht nur bequem, sondern auch bis ins Detail authentisch macht. Es ist eines der bekanntesten Modelle von AS Saint-\u00c9tienne aus dieser Zeit und ein begehrtes St\u00fcck unter den Fans. <strong data-start=\"1725\" data-end=\"1769\">Sammler von Retro-Fu\u00dfballtrikots<\/strong>.<\/p>\n<p data-start=\"1772\" data-end=\"2104\" data-is-last-node=\"\" data-is-only-node=\"\">Dies ist ein hervorragendes Angebot f\u00fcr Fans von <strong data-start=\"1806\" data-end=\"1830\">franz\u00f6sischer Fu\u00dfball<\/strong>Liebhabern des Vintage-Stils und allen, die es zu sch\u00e4tzen wissen <strong data-start=\"1880\" data-end=\"1928\">Original-T-Shirts mit Geschichte und Charakter<\/strong>. Das T-Shirt kombiniert <strong data-start=\"1953\" data-end=\"2014\">ikonisches Design, Clubidentit\u00e4t und nostalgische \u00c4sthetik<\/strong> - ideal f\u00fcr die Sammlung oder als stilvolles Kleidungsst\u00fcck mit der Seele der Fu\u00dfballvergangenheit.<\/p>","protected":false},"featured_media":77187,"template":"","meta":{"_kad_blocks_custom_css":"","_kad_blocks_head_custom_js":"","_kad_blocks_body_custom_js":"","_kad_blocks_footer_custom_js":"","_kad_post_transparent":"default","_kad_post_title":"","_kad_post_layout":"default","_kad_post_sidebar_id":"","_kad_post_content_style":"default","_kad_post_vertical_padding":"default","_kad_post_feature":"","_kad_post_feature_position":"","_kad_post_header":false,"_kad_post_footer":false,"_kad_post_classname":""},"product_brand":[1297],"product_cat":[1475],"product_tag":[],"class_list":{"0":"post-77063","1":"product","2":"type-product","3":"status-publish","4":"has-post-thumbnail","6":"product_brand-lotto","7":"product_cat-pozostale-kluby-francuskie","8":"pa_homeawaythird-home","9":"pa_rozmiar-xl","11":"first","12":"instock","13":"taxable","14":"shipping-taxable","15":"purchasable","16":"product-type-simple","17":"entry","18":"content-bg","19":"loop-entry"},"taxonomy_info":{"product_brand":[{"value":1297,"label":"Lotto"}],"product_cat":[{"value":1475,"label":"Pozosta\u0142e kluby francuskie"}],"pa_homeawaythird":[{"value":1597,"label":"Home"}],"pa_rozmiar":[{"value":1818,"label":"XL"}]},"featured_image_src_large":["https:\/\/footballthrift.shop\/wp-content\/uploads\/2025\/05\/Photoroom_020_20250521_104552-1024x1024.png",1024,1024,true],"author_info":[],"comment_info":"","_links":{"self":[{"href":"https:\/\/footballthrift.shop\/de\/wp-json\/wp\/v2\/product\/77063","targetHints":{"allow":["GET"]}}],"collection":[{"href":"https:\/\/footballthrift.shop\/de\/wp-json\/wp\/v2\/product"}],"about":[{"href":"https:\/\/footballthrift.shop\/de\/wp-json\/wp\/v2\/types\/product"}],"wp:featuredmedia":[{"embeddable":true,"href":"https:\/\/footballthrift.shop\/de\/wp-json\/wp\/v2\/media\/77187"}],"wp:attachment":[{"href":"https:\/\/footballthrift.shop\/de\/wp-json\/wp\/v2\/media?parent=77063"}],"wp:term":[{"taxonomy":"product_brand","embeddable":true,"href":"https:\/\/footballthrift.shop\/de\/wp-json\/wp\/v2\/product_brand?post=77063"},{"taxonomy":"product_cat","embeddable":true,"href":"https:\/\/footballthrift.shop\/de\/wp-json\/wp\/v2\/product_cat?post=77063"},{"taxonomy":"product_tag","embeddable":true,"href":"https:\/\/footballthrift.shop\/de\/wp-json\/wp\/v2\/product_tag?post=77063"}],"curies":[{"name":"wp","href":"https:\/\/api.w.org\/{rel}","templated":true}]}}