{"id":76167,"date":"2025-05-11T18:19:40","date_gmt":"2025-05-11T16:19:40","guid":{"rendered":"https:\/\/footballthrift.shop\/?post_type=product&#038;p=76167"},"modified":"2026-03-09T11:28:57","modified_gmt":"2026-03-09T10:28:57","slug":"zaglebie-lubin-2011-12-away-xxl","status":"publish","type":"product","link":"https:\/\/footballthrift.shop\/de\/zaglebie-lubin-2011-12-away-xxl\/","title":{"rendered":"Koszulka pi\u0142karska Zag\u0142\u0119bie Lubin 2011\/12 Away [XXL]"},"content":{"rendered":"<p><strong>Verein:<\/strong> Zag\u0142\u0119bie Lubin<\/p>\n<p><strong>Saison:<\/strong> 2011\/12 Ausw\u00e4rts<\/p>\n<p><strong>Gr\u00f6\u00dfe: <\/strong>XXL<\/p>\n<p><strong>Zustand:<\/strong> Sehr gut - leicht besch\u00e4digter Sponsorenaufdruck auf der Vorderseite und zwei leichte Verschmutzungen.<\/p>\n<p><strong>Ma\u00dfe (Achselbreite\/L\u00e4nge) in cm: <\/strong>64\/79<\/p>","protected":false},"excerpt":{"rendered":"<p data-start=\"0\" data-end=\"85\"><strong data-start=\"0\" data-end=\"83\">Original Zag\u0142\u0119bie Lubin Fu\u00dfballtrikot aus der Saison 2011\/12 - hergestellt von Nike.<\/strong><\/p>\n<p data-start=\"87\" data-end=\"490\">Diese <strong data-start=\"90\" data-end=\"155\">Original Zag\u0142\u0119bie Lubin Ausw\u00e4rtstrikot aus der Saison 2011\/12<\/strong>hergestellt von <strong data-start=\"177\" data-end=\"185\">Nike<\/strong>ist ein stilvolles Modell in den charakteristischen Farben von \"Copper\". Gepflegt in <strong data-start=\"261\" data-end=\"279\">wei\u00dfer Farbe<\/strong> mit ausgepr\u00e4gter <strong data-start=\"293\" data-end=\"329\">schr\u00e4ger schwarzer Streifen auf der Vorderseite<\/strong>Es zeichnet sich durch ein modernes und dynamisches Design aus. In der Mitte des Trikots befindet sich ein Sponsorenaufdruck. <strong data-start=\"427\" data-end=\"435\">KGHM<\/strong>der seit vielen Jahren untrennbar mit dem Verein verbunden ist.<\/p>\n<p data-start=\"492\" data-end=\"786\">Auf der Brust befindet sich ein <strong data-start=\"515\" data-end=\"538\">Wappen von Zag\u0142\u0119bie Lubin<\/strong> und Logo <strong data-start=\"549\" data-end=\"557\">Nike<\/strong>und das Ganze ist aus einem atmungsaktiven Material gefertigt, das den Spielern <strong data-start=\"647\" data-end=\"675\">Komfort und Bewegungsfreiheit<\/strong>. Das minimalistische und doch auff\u00e4llige Design l\u00e4sst das T-Shirt auch nach Jahren noch besonders aussehen.<\/p>\n<p data-start=\"788\" data-end=\"1120\">Saison <strong data-start=\"794\" data-end=\"805\">2011\/12<\/strong> war die Zeit f\u00fcr Zag\u0142\u0119bie Lubin, in der <strong data-start=\"842\" data-end=\"858\">Ekstraklasa<\/strong>Die Mannschaft k\u00e4mpfte um einen festen Platz in der Liga. In der Mannschaft spielten damals unter anderem. <strong data-start=\"954\" data-end=\"1016\">Arkadiusz Wo\u017aniak, Aleksander Kwiek oder Michal Papadopulos<\/strong>und der Verein konzentrierte sich auf den Aufbau eines soliden Mitarbeiterstabs, der auf Erfahrung und jungen Absolventen basiert.<\/p>\n<p data-start=\"1122\" data-end=\"1308\">Dieses T-Shirt ist eine ausgezeichnete Wahl f\u00fcr <strong data-start=\"1162\" data-end=\"1212\">Sammler von Original-Fu\u00dfballkleidern<\/strong> und <strong data-start=\"1218\" data-end=\"1242\">Fans von Zag\u0142\u0119bie Lubin<\/strong>die ein Andenken an den Beginn des zweiten Jahrzehnts des 21. Jahrhunderts suchen.<\/p>","protected":false},"featured_media":76315,"template":"","meta":{"_kad_blocks_custom_css":"","_kad_blocks_head_custom_js":"","_kad_blocks_body_custom_js":"","_kad_blocks_footer_custom_js":"","_kad_post_transparent":"default","_kad_post_title":"","_kad_post_layout":"default","_kad_post_sidebar_id":"","_kad_post_content_style":"default","_kad_post_vertical_padding":"default","_kad_post_feature":"","_kad_post_feature_position":"","_kad_post_header":false,"_kad_post_footer":false,"_kad_post_classname":""},"product_brand":[1284],"product_cat":[1468],"product_tag":[],"class_list":{"0":"post-76167","1":"product","2":"type-product","3":"status-publish","4":"has-post-thumbnail","6":"product_brand-nike","7":"product_cat-pozostale-kluby-polskie","8":"pa_homeawaythird-away","9":"pa_rozmiar-xxl","11":"first","12":"instock","13":"taxable","14":"shipping-taxable","15":"purchasable","16":"product-type-simple","17":"entry","18":"content-bg","19":"loop-entry"},"taxonomy_info":{"product_brand":[{"value":1284,"label":"Nike"}],"product_cat":[{"value":1468,"label":"Pozosta\u0142e kluby polskie"}],"pa_homeawaythird":[{"value":1598,"label":"Away"}],"pa_rozmiar":[{"value":1819,"label":"XXL"}]},"featured_image_src_large":["https:\/\/footballthrift.shop\/wp-content\/uploads\/2025\/05\/Photoroom_076_20250510_214825-1024x1024.png",1024,1024,true],"author_info":[],"comment_info":"","_links":{"self":[{"href":"https:\/\/footballthrift.shop\/de\/wp-json\/wp\/v2\/product\/76167","targetHints":{"allow":["GET"]}}],"collection":[{"href":"https:\/\/footballthrift.shop\/de\/wp-json\/wp\/v2\/product"}],"about":[{"href":"https:\/\/footballthrift.shop\/de\/wp-json\/wp\/v2\/types\/product"}],"wp:featuredmedia":[{"embeddable":true,"href":"https:\/\/footballthrift.shop\/de\/wp-json\/wp\/v2\/media\/76315"}],"wp:attachment":[{"href":"https:\/\/footballthrift.shop\/de\/wp-json\/wp\/v2\/media?parent=76167"}],"wp:term":[{"taxonomy":"product_brand","embeddable":true,"href":"https:\/\/footballthrift.shop\/de\/wp-json\/wp\/v2\/product_brand?post=76167"},{"taxonomy":"product_cat","embeddable":true,"href":"https:\/\/footballthrift.shop\/de\/wp-json\/wp\/v2\/product_cat?post=76167"},{"taxonomy":"product_tag","embeddable":true,"href":"https:\/\/footballthrift.shop\/de\/wp-json\/wp\/v2\/product_tag?post=76167"}],"curies":[{"name":"wp","href":"https:\/\/api.w.org\/{rel}","templated":true}]}}