{"id":76159,"date":"2025-05-11T18:19:43","date_gmt":"2025-05-11T16:19:43","guid":{"rendered":"https:\/\/footballthrift.shop\/?post_type=product&#038;p=76159"},"modified":"2026-03-09T11:28:57","modified_gmt":"2026-03-09T10:28:57","slug":"wales-2004-06-heim-xl","status":"publish","type":"product","link":"https:\/\/footballthrift.shop\/de\/walia-2004-06-home-xl\/","title":{"rendered":"Koszulka pi\u0142karska Walia 2004\/06 Home [XL]"},"content":{"rendered":"<p><strong>Verein:<\/strong> Wales<\/p>\n<p><strong>Saison:<\/strong> 2004\/06 Heim<\/p>\n<p><strong>Gr\u00f6\u00dfe: <\/strong>XL<\/p>\n<p><strong>Zustand:<\/strong> Sehr gut - eine Mikroverschmutzung oberhalb des Wappens.<\/p>\n<p><strong>Ma\u00dfe (Achselbreite\/L\u00e4nge) in cm: <\/strong>52\/69<\/p>","protected":false},"excerpt":{"rendered":"<p data-start=\"0\" data-end=\"90\"><strong data-start=\"0\" data-end=\"88\">Original Trikot der walisischen Fu\u00dfballnationalmannschaft von 2004-2006 - hergestellt von Kappa.<\/strong><\/p>\n<p data-start=\"92\" data-end=\"456\">Diese <strong data-start=\"95\" data-end=\"161\">Original Wales Nationalmannschaft Heimtrikot von 2004-2006<\/strong>hergestellt von <strong data-start=\"183\" data-end=\"192\">Kappa<\/strong>ist ein klassisches Modell in einem unverwechselbaren <strong data-start=\"234\" data-end=\"255\">rot gef\u00e4rbt<\/strong> Mit wei\u00dfen Verzierungen. Es zeichnet sich durch die f\u00fcr Kappa-Designs dieser Zeit typische taillierte Passform und ein minimalistisches, elegantes Design aus, das die nationale Identit\u00e4t der walisischen Mannschaft unterstreicht.<\/p>\n<p data-start=\"458\" data-end=\"823\">Die Vorderseite des T-Shirts zeigt <strong data-start=\"491\" data-end=\"529\">Wappen Fu\u00dfballverband von Wales<\/strong>, Logo <strong data-start=\"536\" data-end=\"545\">Kappy<\/strong>was ihm ein sauberes und vorzeigbares Aussehen verleiht. Dank der Verwendung flexibler, atmungsaktiver Materialien bietet das Trikot den Spielern ein <strong data-start=\"741\" data-end=\"768\">Komfort und Bewegungsfreiheit<\/strong>und sieht dabei auch noch gut aus.<\/p>\n<p data-start=\"825\" data-end=\"1155\">In Jahren <strong data-start=\"834\" data-end=\"847\">2004-2006<\/strong> Die walisische Nationalmannschaft konnte sich zwar nicht f\u00fcr gro\u00dfe Turniere qualifizieren, aber in der Mannschaft spielten bekannte walisische Fu\u00dfballgr\u00f6\u00dfen wie <strong data-start=\"991\" data-end=\"1038\">Ryan Giggs, Craig Bellamy oder Robbie Savage<\/strong>. Es war eine \u00dcbergangszeit, in der der Kader die Grundlagen f\u00fcr die k\u00fcnftigen Erfolge legte, die sich ein Jahrzehnt sp\u00e4ter einstellten.<\/p>\n<p data-start=\"1157\" data-end=\"1367\">Dieses T-Shirt ist eine gute Wahl f\u00fcr <strong data-start=\"1195\" data-end=\"1245\">Sammler von Original-Fu\u00dfballkleidern<\/strong> und <strong data-start=\"1251\" data-end=\"1280\">Fans der walisischen Nationalmannschaft<\/strong>die ein Souvenir aus der klassischen Vor-Euro-2016-\u00c4ra des nationalen Fu\u00dfballs besitzen m\u00f6chten.<\/p>","protected":false},"featured_media":76287,"template":"","meta":{"_kad_blocks_custom_css":"","_kad_blocks_head_custom_js":"","_kad_blocks_body_custom_js":"","_kad_blocks_footer_custom_js":"","_kad_post_transparent":"default","_kad_post_title":"","_kad_post_layout":"default","_kad_post_sidebar_id":"","_kad_post_content_style":"default","_kad_post_vertical_padding":"default","_kad_post_feature":"","_kad_post_feature_position":"","_kad_post_header":false,"_kad_post_footer":false,"_kad_post_classname":""},"product_brand":[1290],"product_cat":[15,1489],"product_tag":[],"class_list":{"0":"post-76159","1":"product","2":"type-product","3":"status-publish","4":"has-post-thumbnail","6":"product_brand-kappa","7":"product_cat-bez-kategorii","8":"product_cat-pozostale-reprezentacje-europa","9":"pa_homeawaythird-home","10":"pa_rozmiar-xl","12":"first","13":"instock","14":"taxable","15":"shipping-taxable","16":"purchasable","17":"product-type-simple","18":"entry","19":"content-bg","20":"loop-entry"},"taxonomy_info":{"product_brand":[{"value":1290,"label":"Kappa"}],"product_cat":[{"value":15,"label":"Bez kategorii"},{"value":1489,"label":"Pozosta\u0142e"}],"pa_homeawaythird":[{"value":1597,"label":"Home"}],"pa_rozmiar":[{"value":1818,"label":"XL"}]},"featured_image_src_large":["https:\/\/footballthrift.shop\/wp-content\/uploads\/2025\/05\/Photoroom_036_20250510_214825-1024x1024.png",1024,1024,true],"author_info":[],"comment_info":"","_links":{"self":[{"href":"https:\/\/footballthrift.shop\/de\/wp-json\/wp\/v2\/product\/76159","targetHints":{"allow":["GET"]}}],"collection":[{"href":"https:\/\/footballthrift.shop\/de\/wp-json\/wp\/v2\/product"}],"about":[{"href":"https:\/\/footballthrift.shop\/de\/wp-json\/wp\/v2\/types\/product"}],"wp:featuredmedia":[{"embeddable":true,"href":"https:\/\/footballthrift.shop\/de\/wp-json\/wp\/v2\/media\/76287"}],"wp:attachment":[{"href":"https:\/\/footballthrift.shop\/de\/wp-json\/wp\/v2\/media?parent=76159"}],"wp:term":[{"taxonomy":"product_brand","embeddable":true,"href":"https:\/\/footballthrift.shop\/de\/wp-json\/wp\/v2\/product_brand?post=76159"},{"taxonomy":"product_cat","embeddable":true,"href":"https:\/\/footballthrift.shop\/de\/wp-json\/wp\/v2\/product_cat?post=76159"},{"taxonomy":"product_tag","embeddable":true,"href":"https:\/\/footballthrift.shop\/de\/wp-json\/wp\/v2\/product_tag?post=76159"}],"curies":[{"name":"wp","href":"https:\/\/api.w.org\/{rel}","templated":true}]}}