{"id":76148,"date":"2025-05-11T18:19:49","date_gmt":"2025-05-11T16:19:49","guid":{"rendered":"https:\/\/footballthrift.shop\/?post_type=product&#038;p=76148"},"modified":"2026-03-09T11:28:56","modified_gmt":"2026-03-09T10:28:56","slug":"rangers-fc-2006-07-home-s","status":"publish","type":"product","link":"https:\/\/footballthrift.shop\/de\/rangers-fc-2006-07-home-s\/","title":{"rendered":"Koszulka pi\u0142karska Rangers FC 2006\/07 Home [S]"},"content":{"rendered":"<p><strong>Verein:<\/strong> Rangers FC<\/p>\n<p><strong>Saison:<\/strong> 2006\/07 Startseite<\/p>\n<p><strong>Gr\u00f6\u00dfe: <\/strong>S<\/p>\n<p><strong>Zustand:<\/strong> Ausgezeichnet<\/p>\n<p><strong>Ma\u00dfe (Achselbreite\/L\u00e4nge) in cm: <\/strong>50\/68<\/p>","protected":false},"excerpt":{"rendered":"<article class=\"text-token-text-primary w-full focus:outline-none scroll-mt-[calc(var(--header-height)+min(200px,max(70px,20svh)))]\" dir=\"auto\" tabindex=\"-1\" data-turn-id=\"request-68950bf4-d268-832b-b17f-2a1c03cf50f2-5\" data-testid=\"conversation-turn-26\" data-scroll-anchor=\"true\" data-turn=\"assistant\">\n<div class=\"text-base my-auto mx-auto pb-10 [--thread-content-margin:--spacing(4)] @[37rem]:[--thread-content-margin:--spacing(6)] @[72rem]:[--thread-content-margin:--spacing(16)] px-(--thread-content-margin)\">\n<div class=\"[--thread-content-max-width:32rem] @[34rem]:[--thread-content-max-width:40rem] @[64rem]:[--thread-content-max-width:48rem] mx-auto max-w-(--thread-content-max-width) flex-1 group\/turn-messages focus-visible:outline-hidden relative flex w-full min-w-0 flex-col agent-turn\" tabindex=\"-1\">\n<div class=\"flex max-w-full flex-col grow\">\n<div class=\"min-h-8 text-message relative flex w-full flex-col items-end gap-2 text-start break-words whitespace-normal [.text-message+&amp;]:mt-5\" dir=\"auto\" data-message-author-role=\"assistant\" data-message-id=\"1764063a-84b8-41b1-9e45-956a39915401\" data-message-model-slug=\"gpt-4o-mini\">\n<div class=\"flex w-full flex-col gap-1 empty:hidden first:pt-[3px]\">\n<div class=\"markdown prose dark:prose-invert w-full break-words light markdown-new-styling\">\n<p data-start=\"0\" data-end=\"85\"><strong data-start=\"0\" data-end=\"85\">Oryginalna domowa koszulka pi\u0142karska Rangers FC z sezonu 2006\/07 produkcji Umbro.<\/strong><\/p>\n<p data-start=\"87\" data-end=\"433\">Ta <strong data-start=\"90\" data-end=\"130\">oryginalna domowa koszulka pi\u0142karska<\/strong> Rangers FC z sezonu 2006\/07, wyprodukowana przez <strong data-start=\"180\" data-end=\"189\">Umbro<\/strong>, to model, kt\u00f3ry na sta\u0142e wpisa\u0142 si\u0119 w histori\u0119 szkockiego futbolu. Koszulka ta jest wyj\u0105tkowym przyk\u0142adem klasycznego, sportowego designu, kt\u00f3ry sta\u0142 si\u0119 symbolem dru\u017cyny walcz\u0105cej o najwy\u017csze laury w Szkocji oraz na mi\u0119dzynarodowych arenach.<\/p>\n<p data-start=\"435\" data-end=\"940\">Koszulka jest utrzymana w tradycyjnej <strong data-start=\"473\" data-end=\"488\">niebieskiej<\/strong> barwie, kt\u00f3ra jest podstaw\u0105 kolorystyki Rangers\u00f3w. Na froncie znajduje si\u0119 <strong data-start=\"563\" data-end=\"592\">ikoniczny sponsor Carling<\/strong>, kt\u00f3ry przez wiele lat towarzyszy\u0142 dru\u017cynie, a tak\u017ce <strong data-start=\"646\" data-end=\"665\">herb Rangers FC<\/strong> w pe\u0142nej okaza\u0142o\u015bci, co podkre\u015bla autentyczno\u015b\u0107 i presti\u017c klubu. Logo <strong data-start=\"736\" data-end=\"745\">Umbro<\/strong> na prawym ramieniu stanowi kolejny dow\u00f3d na wysok\u0105 jako\u015b\u0107 produktu, a proste, ale eleganckie detale, takie jak <strong data-start=\"857\" data-end=\"874\">bia\u0142e akcenty<\/strong> na ko\u0142nierzyku i r\u0119kawach, dodaj\u0105 koszulce sportowego charakteru.<\/p>\n<p data-start=\"942\" data-end=\"1227\">Koszulka wykonana jest z lekkiego, przewiewnego materia\u0142u, kt\u00f3ry zapewnia <strong data-start=\"1016\" data-end=\"1027\">komfort<\/strong> oraz <strong data-start=\"1033\" data-end=\"1049\">oddychalno\u015b\u0107<\/strong>, dzi\u0119ki technologii <strong data-start=\"1070\" data-end=\"1083\">MicroCool<\/strong>. To czyni j\u0105 idealnym wyborem nie tylko do intensywnych zmaga\u0144 na boisku, ale tak\u017ce jako cz\u0119\u015b\u0107 codziennej garderoby dla ka\u017cdego fana Rangers\u00f3w.<\/p>\n<p data-start=\"1229\" data-end=\"1630\">Sezon 2006\/07 to okres, kiedy Rangers FC rywalizowa\u0142 w <strong data-start=\"1284\" data-end=\"1311\">Scottish Premier League<\/strong>, staraj\u0105c si\u0119 zdoby\u0107 <strong data-start=\"1333\" data-end=\"1356\">mistrzostwo Szkocji<\/strong>, a tak\u017ce wyst\u0119powa\u0142 na mi\u0119dzynarodowej scenie w <strong data-start=\"1405\" data-end=\"1422\">Pucharze UEFA<\/strong>. Dru\u017cyna, w kt\u00f3rej wyst\u0119powali zawodnicy tacy jak <strong data-start=\"1473\" data-end=\"1491\">Barry Ferguson<\/strong>, <strong data-start=\"1493\" data-end=\"1507\">Nacho Novo<\/strong>, <strong data-start=\"1509\" data-end=\"1522\">Kris Boyd<\/strong> czy <strong data-start=\"1527\" data-end=\"1541\">David Weir<\/strong>, by\u0142a jedn\u0105 z najsilniejszych ekip w Szkocji, walcz\u0105c o dominacj\u0119 na krajowych boiskach.<\/p>\n<p data-start=\"1632\" data-end=\"1978\" data-is-last-node=\"\" data-is-only-node=\"\">Dla <strong data-start=\"1636\" data-end=\"1656\">fan\u00f3w Rangers FC<\/strong>, <strong data-start=\"1658\" data-end=\"1669\">kibic\u00f3w<\/strong> szkockiego futbolu oraz <strong data-start=\"1694\" data-end=\"1732\">kolekcjoner\u00f3w koszulek pi\u0142karskich<\/strong>, ta koszulka stanowi cenny element w ka\u017cdej kolekcji. <strong data-start=\"1787\" data-end=\"1801\">Oryginalna<\/strong>, <strong data-start=\"1803\" data-end=\"1818\">autentyczna<\/strong> i pe\u0142na historii \u2013 to doskona\u0142y wyb\u00f3r do kolekcji lub jako element garderoby, kt\u00f3ry przypomina o jednym z wa\u017cniejszych okres\u00f3w w historii tego wielkiego klubu.<\/p>\n<\/div>\n<\/div>\n<\/div>\n<\/div>\n<\/div>\n<\/div>\n<\/article>\n<div class=\"pointer-events-none h-px w-px\" aria-hidden=\"true\" data-edge=\"true\"><\/div>\n","protected":false},"featured_media":76228,"template":"","meta":{"_kad_blocks_custom_css":"","_kad_blocks_head_custom_js":"","_kad_blocks_body_custom_js":"","_kad_blocks_footer_custom_js":"","_kad_post_transparent":"default","_kad_post_title":"","_kad_post_layout":"default","_kad_post_sidebar_id":"","_kad_post_content_style":"default","_kad_post_vertical_padding":"default","_kad_post_feature":"","_kad_post_feature_position":"","_kad_post_header":false,"_kad_post_footer":false,"_kad_post_classname":""},"product_brand":[1285],"product_cat":[1491],"product_tag":[],"class_list":{"0":"post-76148","1":"product","2":"type-product","3":"status-publish","4":"has-post-thumbnail","6":"product_brand-umbro","7":"product_cat-kluby-szkockie","8":"pa_homeawaythird-home","9":"pa_rozmiar-s","11":"first","12":"instock","13":"taxable","14":"shipping-taxable","15":"purchasable","16":"product-type-simple","17":"entry","18":"content-bg","19":"loop-entry"},"taxonomy_info":{"product_brand":[{"value":1285,"label":"Umbro"}],"product_cat":[{"value":1491,"label":"Szkocja"}],"pa_homeawaythird":[{"value":1597,"label":"Home"}],"pa_rozmiar":[{"value":1815,"label":"S"}]},"featured_image_src_large":["https:\/\/footballthrift.shop\/wp-content\/uploads\/2025\/05\/Photoroom_028_20250510_214825-1024x1024.png",1024,1024,true],"author_info":[],"comment_info":"","_links":{"self":[{"href":"https:\/\/footballthrift.shop\/de\/wp-json\/wp\/v2\/product\/76148","targetHints":{"allow":["GET"]}}],"collection":[{"href":"https:\/\/footballthrift.shop\/de\/wp-json\/wp\/v2\/product"}],"about":[{"href":"https:\/\/footballthrift.shop\/de\/wp-json\/wp\/v2\/types\/product"}],"wp:featuredmedia":[{"embeddable":true,"href":"https:\/\/footballthrift.shop\/de\/wp-json\/wp\/v2\/media\/76228"}],"wp:attachment":[{"href":"https:\/\/footballthrift.shop\/de\/wp-json\/wp\/v2\/media?parent=76148"}],"wp:term":[{"taxonomy":"product_brand","embeddable":true,"href":"https:\/\/footballthrift.shop\/de\/wp-json\/wp\/v2\/product_brand?post=76148"},{"taxonomy":"product_cat","embeddable":true,"href":"https:\/\/footballthrift.shop\/de\/wp-json\/wp\/v2\/product_cat?post=76148"},{"taxonomy":"product_tag","embeddable":true,"href":"https:\/\/footballthrift.shop\/de\/wp-json\/wp\/v2\/product_tag?post=76148"}],"curies":[{"name":"wp","href":"https:\/\/api.w.org\/{rel}","templated":true}]}}