{"id":76143,"date":"2025-05-11T18:19:53","date_gmt":"2025-05-11T16:19:53","guid":{"rendered":"https:\/\/footballthrift.shop\/?post_type=product&#038;p=76143"},"modified":"2026-05-01T10:24:07","modified_gmt":"2026-05-01T08:24:07","slug":"liverpool-fc-2002-03-auswarts-xxl","status":"publish","type":"product","link":"https:\/\/footballthrift.shop\/de\/liverpool-fc-2002-03-away-xxl\/","title":{"rendered":"Koszulka pi\u0142karska Liverpool FC 2002\/03 Away [XXL]"},"content":{"rendered":"<p><strong>Verein:<\/strong> Liverpool FC<\/p>\n<p><strong>Saison:<\/strong> 2002\/03 Ausw\u00e4rts<\/p>\n<p><strong>Gr\u00f6\u00dfe: <\/strong>XXL<\/p>\n<p><strong>Zustand:<\/strong> Befriedigend - eine sp\u00fcrbare Mikrodehnung im gesamten Shirt, ein abgenutzter Gr\u00f6\u00dfenaufkleber am Hals und eine Mikrodehnung am \u00c4rmel.<\/p>\n<p><strong>Ma\u00dfe (Achselbreite\/L\u00e4nge) in cm: <\/strong>64\/76<\/p>","protected":false},"excerpt":{"rendered":"<article class=\"text-token-text-primary w-full focus:outline-none scroll-mt-[calc(var(--header-height)+min(200px,max(70px,20svh)))]\" dir=\"auto\" tabindex=\"-1\" data-turn-id=\"request-68950bf4-d268-832b-b17f-2a1c03cf50f2-2\" data-testid=\"conversation-turn-20\" data-scroll-anchor=\"true\" data-turn=\"assistant\">\n<div class=\"text-base my-auto mx-auto pb-10 [--thread-content-margin:--spacing(4)] @[37rem]:[--thread-content-margin:--spacing(6)] @[72rem]:[--thread-content-margin:--spacing(16)] px-(--thread-content-margin)\">\n<div class=\"[--thread-content-max-width:32rem] @[34rem]:[--thread-content-max-width:40rem] @[64rem]:[--thread-content-max-width:48rem] mx-auto max-w-(--thread-content-max-width) flex-1 group\/turn-messages focus-visible:outline-hidden relative flex w-full min-w-0 flex-col agent-turn\" tabindex=\"-1\">\n<div class=\"flex max-w-full flex-col grow\">\n<div class=\"min-h-8 text-message relative flex w-full flex-col items-end gap-2 text-start break-words whitespace-normal [.text-message+&amp;]:mt-5\" dir=\"auto\" data-message-author-role=\"assistant\" data-message-id=\"6992bd83-3f36-4dfb-a862-d329b36fd34a\" data-message-model-slug=\"gpt-4o-mini\">\n<div class=\"flex w-full flex-col gap-1 empty:hidden first:pt-[3px]\">\n<div class=\"markdown prose dark:prose-invert w-full break-words light markdown-new-styling\">\n<p data-start=\"0\" data-end=\"90\"><strong data-start=\"0\" data-end=\"90\">Oryginalna wyjazdowa koszulka pi\u0142karska Liverpoolu z sezonu 2002\/03 produkcji Reeboka.<\/strong><\/p>\n<p data-start=\"92\" data-end=\"486\">Ta <strong data-start=\"95\" data-end=\"138\">oryginalna wyjazdowa koszulka pi\u0142karska<\/strong> Liverpoolu z sezonu 2002\/03, wyprodukowana przez <strong data-start=\"188\" data-end=\"199\">Reeboka<\/strong>, to klasyczny model, kt\u00f3ry wci\u0105\u017c budzi emocje w\u015br\u00f3d fan\u00f3w &#8222;The Reds&#8221;. Koszulka ta jest doskona\u0142ym przyk\u0142adem charakterystycznego dla tamtego okresu designu, \u0142\u0105cz\u0105cego elegancj\u0119 z funkcjonalno\u015bci\u0105, a tak\u017ce oddaje ducha dru\u017cyny, kt\u00f3ra rywalizowa\u0142a o najwy\u017csze lokaty w angielskim futbolu.<\/p>\n<p data-start=\"488\" data-end=\"1014\">Koszulka utrzymana jest w <strong data-start=\"514\" data-end=\"525\">czarnym<\/strong> kolorze, z <strong data-start=\"537\" data-end=\"563\">jasnoszarymi r\u0119kawkami<\/strong>, co stanowi ciekawy kontrast i nadaje jej nowoczesnego wygl\u0105du. Delikatne <strong data-start=\"638\" data-end=\"658\">czerwone akcenty<\/strong> na ko\u0142nierzu oraz ko\u0144c\u00f3wkach r\u0119kawk\u00f3w, b\u0119d\u0105ce cz\u0119\u015bci\u0105 barw klubowych, stanowi\u0105 subtelny, ale istotny element designu, kt\u00f3ry sprawia, \u017ce koszulka wyr\u00f3\u017cnia si\u0119 na tle innych modeli. Na froncie koszulki znajduje si\u0119 <strong data-start=\"872\" data-end=\"903\">ikoniczny sponsor Carlsberg<\/strong>, kt\u00f3ry przez wiele lat by\u0142 obecny na strojach Liverpoolu, stanowi\u0105c charakterystyczny element dla tego okresu.<\/p>\n<p data-start=\"1016\" data-end=\"1311\">Koszulka wykonana jest z lekkiego materia\u0142u, kt\u00f3ry zapewnia <strong data-start=\"1076\" data-end=\"1087\">komfort<\/strong> i <strong data-start=\"1090\" data-end=\"1106\">oddychalno\u015b\u0107<\/strong>, a jej kr\u00f3j pozwala na pe\u0142n\u0105 swobod\u0119 ruch\u00f3w. Dodatkowo, zastosowanie technologii, kt\u00f3re by\u0142y popularne w strojach Reeboka, zapewnia\u0142o odpowiedni\u0105 wentylacj\u0119 i wygod\u0119 podczas intensywnych zmaga\u0144 na boisku.<\/p>\n<p data-start=\"1313\" data-end=\"1750\">Sezon 2002\/03 to czas, kiedy w barwach Liverpoolu wyst\u0119powali tacy pi\u0142karze jak <strong data-start=\"1393\" data-end=\"1411\">Steven Gerrard<\/strong>, <strong data-start=\"1413\" data-end=\"1429\">Michael Owen<\/strong>, <strong data-start=\"1431\" data-end=\"1450\">Jamie Carragher<\/strong> czy <strong data-start=\"1455\" data-end=\"1471\">Danny Murphy<\/strong>, kt\u00f3rzy tworzyli solidny fundament dru\u017cyny, rywalizuj\u0105cej o tytu\u0142y krajowe oraz mi\u0119dzynarodowe. Koszulka ta jest cz\u0119\u015bci\u0105 tej dru\u017cyny, kt\u00f3ra walczy\u0142a w Premier League, Pucharze Anglii oraz Pucharze UEFA, a tak\u017ce stanowi \u015bwiadectwo jednego z wa\u017cniejszych okres\u00f3w w historii klubu.<\/p>\n<p data-start=\"1752\" data-end=\"2130\" data-is-last-node=\"\" data-is-only-node=\"\">Dla <strong data-start=\"1756\" data-end=\"1776\">fan\u00f3w Liverpoolu<\/strong>, <strong data-start=\"1778\" data-end=\"1789\">kibic\u00f3w<\/strong> pi\u0142ki no\u017cnej oraz <strong data-start=\"1808\" data-end=\"1846\">kolekcjoner\u00f3w koszulek pi\u0142karskich<\/strong>, ta koszulka jest wyj\u0105tkowym elementem, kt\u00f3ry przypomina o jednym z wa\u017cniejszych sezon\u00f3w w historii klubu. <strong data-start=\"1954\" data-end=\"1968\">Oryginalna<\/strong>, <strong data-start=\"1970\" data-end=\"1985\">autentyczna<\/strong> i pe\u0142na sportowego ducha \u2013 to doskona\u0142y wyb\u00f3r do kolekcji lub jako element garderoby, kt\u00f3ry przywo\u0142uje wspomnienia z chwalebnych dni Liverpoolu.<\/p>\n<\/div>\n<\/div>\n<\/div>\n<\/div>\n<\/div>\n<\/div>\n<\/article>\n<div class=\"pointer-events-none h-px w-px\" aria-hidden=\"true\" data-edge=\"true\"><\/div>\n","protected":false},"featured_media":76195,"template":"","meta":{"_kad_blocks_custom_css":"","_kad_blocks_head_custom_js":"","_kad_blocks_body_custom_js":"","_kad_blocks_footer_custom_js":"","_kad_post_transparent":"default","_kad_post_title":"","_kad_post_layout":"default","_kad_post_sidebar_id":"","_kad_post_content_style":"default","_kad_post_vertical_padding":"default","_kad_post_feature":"","_kad_post_feature_position":"","_kad_post_header":false,"_kad_post_footer":false,"_kad_post_classname":""},"product_brand":[1286],"product_cat":[1464],"product_tag":[],"class_list":{"0":"post-76143","1":"product","2":"type-product","3":"status-publish","4":"has-post-thumbnail","6":"product_brand-reebok","7":"product_cat-liverpool","8":"pa_homeawaythird-away","9":"pa_rozmiar-xxl","11":"first","12":"instock","13":"sale","14":"taxable","15":"shipping-taxable","16":"purchasable","17":"product-type-simple","18":"entry","19":"content-bg","20":"loop-entry"},"taxonomy_info":{"product_brand":[{"value":1286,"label":"Reebok"}],"product_cat":[{"value":1464,"label":"Liverpool FC"}],"pa_homeawaythird":[{"value":1598,"label":"Away"}],"pa_rozmiar":[{"value":1819,"label":"XXL"}]},"featured_image_src_large":["https:\/\/footballthrift.shop\/wp-content\/uploads\/2025\/05\/Photoroom_046_20250510_214825-1024x1024.png",1024,1024,true],"author_info":[],"comment_info":"","_links":{"self":[{"href":"https:\/\/footballthrift.shop\/de\/wp-json\/wp\/v2\/product\/76143","targetHints":{"allow":["GET"]}}],"collection":[{"href":"https:\/\/footballthrift.shop\/de\/wp-json\/wp\/v2\/product"}],"about":[{"href":"https:\/\/footballthrift.shop\/de\/wp-json\/wp\/v2\/types\/product"}],"wp:featuredmedia":[{"embeddable":true,"href":"https:\/\/footballthrift.shop\/de\/wp-json\/wp\/v2\/media\/76195"}],"wp:attachment":[{"href":"https:\/\/footballthrift.shop\/de\/wp-json\/wp\/v2\/media?parent=76143"}],"wp:term":[{"taxonomy":"product_brand","embeddable":true,"href":"https:\/\/footballthrift.shop\/de\/wp-json\/wp\/v2\/product_brand?post=76143"},{"taxonomy":"product_cat","embeddable":true,"href":"https:\/\/footballthrift.shop\/de\/wp-json\/wp\/v2\/product_cat?post=76143"},{"taxonomy":"product_tag","embeddable":true,"href":"https:\/\/footballthrift.shop\/de\/wp-json\/wp\/v2\/product_tag?post=76143"}],"curies":[{"name":"wp","href":"https:\/\/api.w.org\/{rel}","templated":true}]}}