{"id":76130,"date":"2025-05-11T18:19:26","date_gmt":"2025-05-11T16:19:26","guid":{"rendered":"https:\/\/footballthrift.shop\/?post_type=product&#038;p=76130"},"modified":"2026-03-09T11:29:00","modified_gmt":"2026-03-09T10:29:00","slug":"fc-bayern-monachium-2016-17-heim-32-kimmich-m","status":"publish","type":"product","link":"https:\/\/footballthrift.shop\/de\/fc-bayern-monachium-2016-17-home-32-kimmich-m\/","title":{"rendered":"Koszulka pi\u0142karska FC Bayern Monachium 2016\/17 Home 32 Kimmich [M]"},"content":{"rendered":"<p><strong>Verein:<\/strong> FC Bayern M\u00fcnchen<\/p>\n<p><strong>Saison:<\/strong> 2016\/17 Startseite<\/p>\n<p><strong>Gr\u00f6\u00dfe: <\/strong>M<\/p>\n<p><strong>Zustand:<\/strong> Zufriedenstellend - eine Spur eines gen\u00e4hten Lochs am \u00c4rmel, ein paar Risse und ein rissiger Druck auf der R\u00fcckseite.<\/p>\n<p><strong>Ma\u00dfe (Achselbreite\/L\u00e4nge) in cm: <\/strong>52\/67<\/p>","protected":false},"excerpt":{"rendered":"<p data-start=\"0\" data-end=\"91\"><strong data-start=\"0\" data-end=\"89\">ryginales Bayern M\u00fcnchen Fu\u00dfballtrikot aus der Saison 2016\/17 - von Adidas.<\/strong><\/p>\n<p data-start=\"93\" data-end=\"544\">Diese <strong data-start=\"96\" data-end=\"161\">Das Original-Heimtrikot des FC Bayern M\u00fcnchen aus der Saison 2016\/17<\/strong>hergestellt von <strong data-start=\"183\" data-end=\"194\">Adidas<\/strong>ist ein klassisches Modell in der traditionellen <strong data-start=\"230\" data-end=\"252\">rote Farben<\/strong>angereichert mit einer eleganten <strong data-start=\"277\" data-end=\"304\">Kragen im Polostil<\/strong> Mit Knopfverschluss. Die Kopie hat einen offiziellen Druck <strong data-start=\"364\" data-end=\"383\">Joshua Kimmich<\/strong> auf dem R\u00fccken - einer der vielseitigsten und talentiertesten Fu\u00dfballer der j\u00fcngeren Generation, der in dieser Zeit gerade seine Position in der Mannschaft festigte.<\/p>\n<p data-start=\"546\" data-end=\"961\">Die Vorderseite des T-Shirts zeigt <strong data-start=\"579\" data-end=\"605\">Wappen des FC Bayern M\u00fcnchen<\/strong>, Logo <strong data-start=\"612\" data-end=\"623\">Adidas<\/strong> und das Zeichen des Sponsors <strong data-start=\"643\" data-end=\"655\">T-Mobile<\/strong>die eine authentische Reihe von Elementen schafft, die den Verein identifizieren. Subtile wei\u00dfe Details, einschlie\u00dflich der Adidas-Streifen an den Seiten, verleihen dem Trikot einen modernen und doch klassischen Charakter. Hergestellt mit Technologie <strong data-start=\"860\" data-end=\"880\">Adidas Climacool<\/strong>, die Spieler mit <strong data-start=\"904\" data-end=\"946\">Komfort, Atmungsaktivit\u00e4t und Bewegungsfreiheit<\/strong> w\u00e4hrend des Spiels.<\/p>\n<p data-start=\"963\" data-end=\"1446\">Saison <strong data-start=\"969\" data-end=\"980\">2016\/17<\/strong> war ein erfolgreiches Jahr f\u00fcr Bayern - angef\u00fchrt von <strong data-start=\"1022\" data-end=\"1044\">Carlo Ancelotti<\/strong> gewann das Team eine weitere <strong data-start=\"1069\" data-end=\"1092\">Deutsche Meisterschaft<\/strong>und dominiert die Bundesliga. In der Mannschaft sind Spieler wie <strong data-start=\"1159\" data-end=\"1227\">Robert Lewandowski, Arjen Robben, Franck Rib\u00e9ry oder Philipp Lahm<\/strong>und die Jugendlichen <strong data-start=\"1237\" data-end=\"1255\">Joshua Kimmich<\/strong> immer h\u00e4ufiger in die Startelf r\u00fcckte. In dieser Saison hat er gespielt <strong data-start=\"1327\" data-end=\"1384\">40 Spiele in allen Wettbewerben und erzielte 9 Tore<\/strong>und wird zu einem wichtigen Bindeglied in der Verteidigung und im Mittelfeld.<\/p>\n<p data-start=\"1448\" data-end=\"1681\">Dieses T-Shirt ist ein einzigartiges Angebot f\u00fcr <strong data-start=\"1488\" data-end=\"1538\">Sammler von Original-Fu\u00dfballkleidern<\/strong> und Bayern-Fans, die ein Andenken an die Saison besitzen wollen, in der Joshua Kimmich seinen Weg zu einer der F\u00fchrungspers\u00f6nlichkeiten der Mannschaft begann.<\/p>","protected":false},"featured_media":76469,"template":"","meta":{"_kad_blocks_custom_css":"","_kad_blocks_head_custom_js":"","_kad_blocks_body_custom_js":"","_kad_blocks_footer_custom_js":"","_kad_post_transparent":"default","_kad_post_title":"","_kad_post_layout":"default","_kad_post_sidebar_id":"","_kad_post_content_style":"default","_kad_post_vertical_padding":"default","_kad_post_feature":"","_kad_post_feature_position":"","_kad_post_header":false,"_kad_post_footer":false,"_kad_post_classname":""},"product_brand":[1283],"product_cat":[1455],"product_tag":[],"class_list":{"0":"post-76130","1":"product","2":"type-product","3":"status-publish","4":"has-post-thumbnail","6":"product_brand-adidas","7":"product_cat-kluby-niemieckie-fcbayernmonachium","8":"pa_homeawaythird-home","9":"pa_rozmiar-m","11":"first","12":"instock","13":"taxable","14":"shipping-taxable","15":"purchasable","16":"product-type-simple","17":"entry","18":"content-bg","19":"loop-entry"},"taxonomy_info":{"product_brand":[{"value":1283,"label":"Adidas"}],"product_cat":[{"value":1455,"label":"FC Bayern Monachium"}],"pa_homeawaythird":[{"value":1597,"label":"Home"}],"pa_rozmiar":[{"value":1816,"label":"M"}]},"featured_image_src_large":["https:\/\/footballthrift.shop\/wp-content\/uploads\/2025\/05\/Photoroom_073_20250510_214825-1024x1024.png",1024,1024,true],"author_info":[],"comment_info":"","_links":{"self":[{"href":"https:\/\/footballthrift.shop\/de\/wp-json\/wp\/v2\/product\/76130","targetHints":{"allow":["GET"]}}],"collection":[{"href":"https:\/\/footballthrift.shop\/de\/wp-json\/wp\/v2\/product"}],"about":[{"href":"https:\/\/footballthrift.shop\/de\/wp-json\/wp\/v2\/types\/product"}],"wp:featuredmedia":[{"embeddable":true,"href":"https:\/\/footballthrift.shop\/de\/wp-json\/wp\/v2\/media\/76469"}],"wp:attachment":[{"href":"https:\/\/footballthrift.shop\/de\/wp-json\/wp\/v2\/media?parent=76130"}],"wp:term":[{"taxonomy":"product_brand","embeddable":true,"href":"https:\/\/footballthrift.shop\/de\/wp-json\/wp\/v2\/product_brand?post=76130"},{"taxonomy":"product_cat","embeddable":true,"href":"https:\/\/footballthrift.shop\/de\/wp-json\/wp\/v2\/product_cat?post=76130"},{"taxonomy":"product_tag","embeddable":true,"href":"https:\/\/footballthrift.shop\/de\/wp-json\/wp\/v2\/product_tag?post=76130"}],"curies":[{"name":"wp","href":"https:\/\/api.w.org\/{rel}","templated":true}]}}