{"id":76128,"date":"2025-05-11T18:19:27","date_gmt":"2025-05-11T16:19:27","guid":{"rendered":"https:\/\/footballthrift.shop\/?post_type=product&#038;p=76128"},"modified":"2026-03-09T11:28:59","modified_gmt":"2026-03-09T10:28:59","slug":"everton-fc-2008-09-away-xxl","status":"publish","type":"product","link":"https:\/\/footballthrift.shop\/de\/everton-fc-2008-09-away-xxl\/","title":{"rendered":"Koszulki pi\u0142karska Everton FC 2008\/09 Away [XXL]"},"content":{"rendered":"<p><strong>Verein:<\/strong> Everton FC<\/p>\n<p><strong>Saison:<\/strong> 2008\/09 Ausw\u00e4rts<\/p>\n<p><strong>Gr\u00f6\u00dfe: <\/strong>XXL<\/p>\n<p><strong>Zustand:<\/strong> Sehr gut - ein kleiner Fleck auf der R\u00fcckseite.<\/p>\n<p><strong>Ma\u00dfe (Achselbreite\/L\u00e4nge) in cm: <\/strong>64\/78<\/p>","protected":false},"excerpt":{"rendered":"<p data-start=\"0\" data-end=\"82\"><strong data-start=\"0\" data-end=\"80\">Original Everton FC Fu\u00dfballtrikot aus der Saison 2008\/09 - hergestellt von Umbro.<\/strong><\/p>\n<p data-start=\"84\" data-end=\"504\">Diese <strong data-start=\"87\" data-end=\"148\">Original Everton FC Ausw\u00e4rtstrikot aus der Saison 2008\/09<\/strong>hergestellt von <strong data-start=\"170\" data-end=\"179\">Umbro<\/strong>ist ein einzigartiges Modell mit <strong data-start=\"211\" data-end=\"229\">Langarm<\/strong>gepflegt in <strong data-start=\"243\" data-end=\"261\">wei\u00dfer Farbe<\/strong> mit dem Merkmal <strong data-start=\"283\" data-end=\"349\">grauer und schwarzer Querstreifen auf Brusth\u00f6he<\/strong>. Auf der Vorderseite des Trikots ist das Logo des Sponsors abgebildet <strong data-start=\"397\" data-end=\"411\">Chang Bier<\/strong>die zu dieser Zeit ein wesentlicher Bestandteil der Identit\u00e4t der Everton-Klubkleidung war.<\/p>\n<p data-start=\"506\" data-end=\"837\">Das Hemd ist au\u00dferdem verziert mit <strong data-start=\"537\" data-end=\"556\">Everton Wappen<\/strong> und Logo <strong data-start=\"567\" data-end=\"576\">Umbro<\/strong>und das Ganze wurde im Geiste klassischer Schlichtheit entworfen, mit modernen Akzenten, die dem Ganzen einen einzigartigen Stil verleihen. Dank des Einsatzes von Technologie <strong data-start=\"730\" data-end=\"755\">Umbro Klimatisierung<\/strong>bot das Trikot den Spielern folgende Vorteile <strong data-start=\"787\" data-end=\"834\">Komfort, Atmungsaktivit\u00e4t und volle Bewegungsfreiheit<\/strong>.<\/p>\n<p data-start=\"839\" data-end=\"1274\">Saison <strong data-start=\"845\" data-end=\"856\">2008\/09<\/strong> erwies sich als eine der besten in der modernen Geschichte von Everton - ein Team, das von der <strong data-start=\"945\" data-end=\"962\">David Moyes<\/strong> beendete die Premier League am <strong data-start=\"1002\" data-end=\"1016\">5. Platz<\/strong>und erreichte zus\u00e4tzlich <strong data-start=\"1041\" data-end=\"1075\">FA-Cup-Finale<\/strong>wo sie in Wembley gegen Chelsea antraten. Zu den Schl\u00fcsselrollen in der Mannschaft geh\u00f6rten damals. <strong data-start=\"1167\" data-end=\"1232\">Mikel Arteta, Tim Cahill, Marouane Fellaini und Leighton Baines<\/strong>die die St\u00e4rke der \"Toffees\" waren.<\/p>\n<p data-start=\"1276\" data-end=\"1514\">Dieses T-Shirt ist ein au\u00dfergew\u00f6hnliches Souvenir an eine Saison voller Emotionen und ist die perfekte Wahl f\u00fcr <strong data-start=\"1367\" data-end=\"1418\">Sammler von Original-Fu\u00dfballtrikots<\/strong> und die Gl\u00e4ubigen <strong data-start=\"1433\" data-end=\"1451\">Everton-Fans<\/strong>die die Kost\u00fcme aus wichtigen Momenten der Vereinsgeschichte sch\u00e4tzen.<\/p>","protected":false},"featured_media":76453,"template":"","meta":{"_kad_blocks_custom_css":"","_kad_blocks_head_custom_js":"","_kad_blocks_body_custom_js":"","_kad_blocks_footer_custom_js":"","_kad_post_transparent":"default","_kad_post_title":"","_kad_post_layout":"default","_kad_post_sidebar_id":"","_kad_post_content_style":"default","_kad_post_vertical_padding":"default","_kad_post_feature":"","_kad_post_feature_position":"","_kad_post_header":false,"_kad_post_footer":false,"_kad_post_classname":""},"product_brand":[1285],"product_cat":[1453],"product_tag":[],"class_list":{"0":"post-76128","1":"product","2":"type-product","3":"status-publish","4":"has-post-thumbnail","6":"product_brand-umbro","7":"product_cat-everton","8":"pa_homeawaythird-away","9":"pa_rozmiar-xxl","11":"first","12":"instock","13":"taxable","14":"shipping-taxable","15":"purchasable","16":"product-type-simple","17":"entry","18":"content-bg","19":"loop-entry"},"taxonomy_info":{"product_brand":[{"value":1285,"label":"Umbro"}],"product_cat":[{"value":1453,"label":"Everton FC"}],"pa_homeawaythird":[{"value":1598,"label":"Away"}],"pa_rozmiar":[{"value":1819,"label":"XXL"}]},"featured_image_src_large":["https:\/\/footballthrift.shop\/wp-content\/uploads\/2025\/05\/Photoroom_024_20250510_214825-1024x1024.png",1024,1024,true],"author_info":[],"comment_info":"","_links":{"self":[{"href":"https:\/\/footballthrift.shop\/de\/wp-json\/wp\/v2\/product\/76128","targetHints":{"allow":["GET"]}}],"collection":[{"href":"https:\/\/footballthrift.shop\/de\/wp-json\/wp\/v2\/product"}],"about":[{"href":"https:\/\/footballthrift.shop\/de\/wp-json\/wp\/v2\/types\/product"}],"wp:featuredmedia":[{"embeddable":true,"href":"https:\/\/footballthrift.shop\/de\/wp-json\/wp\/v2\/media\/76453"}],"wp:attachment":[{"href":"https:\/\/footballthrift.shop\/de\/wp-json\/wp\/v2\/media?parent=76128"}],"wp:term":[{"taxonomy":"product_brand","embeddable":true,"href":"https:\/\/footballthrift.shop\/de\/wp-json\/wp\/v2\/product_brand?post=76128"},{"taxonomy":"product_cat","embeddable":true,"href":"https:\/\/footballthrift.shop\/de\/wp-json\/wp\/v2\/product_cat?post=76128"},{"taxonomy":"product_tag","embeddable":true,"href":"https:\/\/footballthrift.shop\/de\/wp-json\/wp\/v2\/product_tag?post=76128"}],"curies":[{"name":"wp","href":"https:\/\/api.w.org\/{rel}","templated":true}]}}