{"id":74681,"date":"2025-04-27T17:22:37","date_gmt":"2025-04-27T15:22:37","guid":{"rendered":"https:\/\/footballthrift.shop\/?post_type=product&#038;p=74681"},"modified":"2026-03-09T11:29:02","modified_gmt":"2026-03-09T10:29:02","slug":"bnwt-vancouver-whitecaps-2006-07-home-s","status":"publish","type":"product","link":"https:\/\/footballthrift.shop\/de\/bnwt-vancouver-whitecaps-2006-07-home-s\/","title":{"rendered":"Koszulka pi\u0142karska BNWT Vancouver Whitecaps 2006\/07 Home [S]"},"content":{"rendered":"<p><strong>Verein:<\/strong> Vancouver Whitecaps<\/p>\n<p><strong>Saison:<\/strong> 2006\/07 Startseite<\/p>\n<p><strong>Gr\u00f6\u00dfe: <\/strong>S<\/p>\n<p><strong>Zustand:<\/strong> BNWT - T-shirt neu, mit Tags. Es hat jedoch eine kleine Verschmutzung auf der R\u00fcckseite.<\/p>\n<p><strong>Ma\u00dfe (Achselbreite\/L\u00e4nge) in cm: <\/strong>50\/71<\/p>","protected":false},"excerpt":{"rendered":"<p data-start=\"0\" data-end=\"91\"><strong data-start=\"0\" data-end=\"89\">Original Vancouver Whitecaps Fu\u00dfballtrikot aus der Saison 2006\/07 - hergestellt von Umbro.<\/strong><\/p>\n<p data-start=\"93\" data-end=\"611\">Diese <strong data-start=\"96\" data-end=\"163\">Original Vancouver Whitecaps Heimtrikot aus der Saison 2006\/07<\/strong>hergestellt von <strong data-start=\"185\" data-end=\"194\">Umbro<\/strong>ist ein einzigartiges Modell in einer klassischen <strong data-start=\"228\" data-end=\"250\">wei\u00dfe Farbgebung<\/strong> mit eleganten <strong data-start=\"265\" data-end=\"290\">blaue Akzente<\/strong>. Sein markantestes Merkmal ist die breite <strong data-start=\"350\" data-end=\"408\">horizontaler blauer Streifen auf der Vorderseite (in Brusth\u00f6he)<\/strong>mit der Aufschrift <strong data-start=\"438\" data-end=\"453\">\"Whitecaps\"<\/strong>und unterstreicht damit die Identit\u00e4t des Vereins. Au\u00dferdem weisen die \u00c4rmel folgende Merkmale auf <strong data-start=\"523\" data-end=\"548\">rote Ahornbl\u00e4tter<\/strong> - Das Symbol Kanadas, das dem T-Shirt eine einzigartige Note verleiht.<\/p>\n<p data-start=\"613\" data-end=\"948\">Das T-Shirt hat au\u00dferdem folgende Merkmale: <strong data-start=\"643\" data-end=\"671\">Wappen der Vancouver Whitecaps<\/strong>, Logo <strong data-start=\"678\" data-end=\"687\">Umbro<\/strong> und Vereinsmarkierungen, die zusammen ein koh\u00e4rentes und authentisches Design ergeben. Das Modell wurde aus einem leichten, atmungsaktiven Sportstoff gefertigt, der den Spielern ein <strong data-start=\"858\" data-end=\"900\">Komfort, Bewegungsfreiheit und Atmungsaktivit\u00e4t<\/strong> W\u00e4hrend der Spiele in der USL First Division.<\/p>\n<p data-start=\"950\" data-end=\"1269\">Saison <strong data-start=\"956\" data-end=\"967\">2006\/07<\/strong> ist die Zeit der Rivalit\u00e4t der Whitecaps im R\u00fccken des <strong>Major League Soccer<\/strong>In dieser Zeit k\u00e4mpfte der Verein st\u00e4ndig um Spitzenpl\u00e4tze und baute seine Marke auf, bevor er einige Jahre sp\u00e4ter der MLS beitrat. Das Trikot zeigt noch immer <strong data-start=\"1172\" data-end=\"1192\">Originaletiketten<\/strong>Dadurch wird es f\u00fcr Sammler noch wertvoller.<\/p>\n<p data-start=\"1271\" data-end=\"1491\">Dies ist eine ausgezeichnete Option f\u00fcr <strong data-start=\"1299\" data-end=\"1350\">Sammler von Original-Fu\u00dfballtrikots<\/strong> und die Gl\u00e4ubigen <strong data-start=\"1365\" data-end=\"1394\">Fans der Vancouver Whitecaps<\/strong>die ein authentisches und unbenutztes Modell aus der reichen Geschichte des kanadischen Fu\u00dfballs besitzen m\u00f6chten.<\/p>","protected":false},"featured_media":74852,"template":"","meta":{"_kad_blocks_custom_css":"","_kad_blocks_head_custom_js":"","_kad_blocks_body_custom_js":"","_kad_blocks_footer_custom_js":"","_kad_post_transparent":"default","_kad_post_title":"","_kad_post_layout":"default","_kad_post_sidebar_id":"","_kad_post_content_style":"default","_kad_post_vertical_padding":"default","_kad_post_feature":"","_kad_post_feature_position":"","_kad_post_header":false,"_kad_post_footer":false,"_kad_post_classname":""},"product_brand":[1285],"product_cat":[1415,2033],"product_tag":[],"class_list":{"0":"post-74681","1":"product","2":"type-product","3":"status-publish","4":"has-post-thumbnail","6":"product_brand-umbro","7":"product_cat-ameryka-srodkowa-i-polnocna","8":"product_cat-bnwt","9":"pa_homeawaythird-home","10":"pa_rozmiar-s","12":"first","13":"instock","14":"taxable","15":"shipping-taxable","16":"purchasable","17":"product-type-simple","18":"entry","19":"content-bg","20":"loop-entry"},"taxonomy_info":{"product_brand":[{"value":1285,"label":"Umbro"}],"product_cat":[{"value":1415,"label":"Ameryka \u015arodkowa i P\u00f3\u0142nocna"},{"value":2033,"label":"BNWT"}],"pa_homeawaythird":[{"value":1597,"label":"Home"}],"pa_rozmiar":[{"value":1815,"label":"S"}]},"featured_image_src_large":["https:\/\/footballthrift.shop\/wp-content\/uploads\/2025\/04\/Photoroom_025_20250427_161327-1024x1024.png",1024,1024,true],"author_info":[],"comment_info":"","_links":{"self":[{"href":"https:\/\/footballthrift.shop\/de\/wp-json\/wp\/v2\/product\/74681","targetHints":{"allow":["GET"]}}],"collection":[{"href":"https:\/\/footballthrift.shop\/de\/wp-json\/wp\/v2\/product"}],"about":[{"href":"https:\/\/footballthrift.shop\/de\/wp-json\/wp\/v2\/types\/product"}],"wp:featuredmedia":[{"embeddable":true,"href":"https:\/\/footballthrift.shop\/de\/wp-json\/wp\/v2\/media\/74852"}],"wp:attachment":[{"href":"https:\/\/footballthrift.shop\/de\/wp-json\/wp\/v2\/media?parent=74681"}],"wp:term":[{"taxonomy":"product_brand","embeddable":true,"href":"https:\/\/footballthrift.shop\/de\/wp-json\/wp\/v2\/product_brand?post=74681"},{"taxonomy":"product_cat","embeddable":true,"href":"https:\/\/footballthrift.shop\/de\/wp-json\/wp\/v2\/product_cat?post=74681"},{"taxonomy":"product_tag","embeddable":true,"href":"https:\/\/footballthrift.shop\/de\/wp-json\/wp\/v2\/product_tag?post=74681"}],"curies":[{"name":"wp","href":"https:\/\/api.w.org\/{rel}","templated":true}]}}