{"id":74680,"date":"2025-04-27T17:22:36","date_gmt":"2025-04-27T15:22:36","guid":{"rendered":"https:\/\/footballthrift.shop\/?post_type=product&#038;p=74680"},"modified":"2026-03-09T11:29:02","modified_gmt":"2026-03-09T10:29:02","slug":"koszulka-bramkarska-ud-las-palmas-2009-10-l","status":"publish","type":"product","link":"https:\/\/footballthrift.shop\/de\/koszulka-bramkarska-ud-las-palmas-2009-10-l\/","title":{"rendered":"Koszulka bramkarska UD Las Palmas 2009\/10 [L]"},"content":{"rendered":"<p><strong>Verein:<\/strong> UD Las Palmas<\/p>\n<p><strong>Saison:<\/strong> 2009\/10<\/p>\n<p><strong>Gr\u00f6\u00dfe: <\/strong>L<\/p>\n<p><strong>Zustand:<\/strong> Sehr gut - besch\u00e4digter Druck am Hals und abgenutzter Gr\u00f6\u00dfenaufkleber.<\/p>\n<p><strong>Ma\u00dfe (Achselbreite\/L\u00e4nge) in cm: <\/strong>55\/73<\/p>","protected":false},"excerpt":{"rendered":"<p data-start=\"0\" data-end=\"89\"><strong data-start=\"0\" data-end=\"87\">Original UD Las Palmas Torwarttrikot aus der Saison 2009\/10 - produziert von KS Sport.<\/strong><\/p>\n<p data-start=\"91\" data-end=\"462\">Diese <strong data-start=\"94\" data-end=\"159\">Original UD Las Palmas Torwarttrikot aus der Saison 2009\/10<\/strong>hergestellt von <strong data-start=\"181\" data-end=\"199\">Marke KS Sport<\/strong>ist ein einzigartiges Modell in einer intensiven <strong data-start=\"234\" data-end=\"259\">orange<\/strong>, gebrochen <strong data-start=\"272\" data-end=\"325\">schwarzer Akzent oben und auf der linken Seite des Hemdes<\/strong>. Auf seiner Vorderseite befindet sich in zentraler Position ein <strong data-start=\"374\" data-end=\"396\">Wappen der UD Las Palmas<\/strong>Das verleiht dem Trikot ein unverwechselbares und markantes Aussehen.<\/p>\n<p data-start=\"464\" data-end=\"810\">Auf der H\u00fclle ist das offizielle <strong data-start=\"497\" data-end=\"514\">La Liga-Aufn\u00e4her<\/strong>Dies unterstreicht die Authentizit\u00e4t des Trikots und seinen direkten Bezug zum spanischen Ligawettbewerb. Vervollst\u00e4ndigt wird das Ganze durch das Logo <strong data-start=\"644\" data-end=\"656\">KS Sport<\/strong>und die Konstruktion des Trikots ist so konzipiert, dass es <strong data-start=\"722\" data-end=\"764\">Komfort, Haltbarkeit und Bewegungsfreiheit<\/strong> den Torh\u00fcter bei intensiven Spielen.<\/p>\n<p data-start=\"812\" data-end=\"1087\">Saison <strong data-start=\"818\" data-end=\"829\">2009\/10<\/strong> war eine Zeit, in der die UD Las Palmas in der spanischen <strong data-start=\"886\" data-end=\"906\">Segunda Divisi\u00f3n<\/strong>in der der Verein darum k\u00e4mpfte, seine Position im hinteren Teil der Liga zu halten. Zu dieser Zeit spielten die Torh\u00fcter der Mannschaft eine Schl\u00fcsselrolle bei der Aufrechterhaltung der defensiven Stabilit\u00e4t und der Erzielung wertvoller Punkte.<\/p>\n<p data-start=\"1089\" data-end=\"1361\">Dieses T-Shirt ist ein \u00e4u\u00dferst interessantes St\u00fcck f\u00fcr <strong data-start=\"1137\" data-end=\"1189\">Sammler von Original-Torwarttrikots<\/strong> und Fans <strong data-start=\"1201\" data-end=\"1218\">UD Las Palmas<\/strong>die ein Souvenir aus dem Ende des ersten Jahrzehnts des 21. Jahrhunderts besitzen m\u00f6chten - einer Zeit, in der der Verein von den Kanarischen Inseln um die R\u00fcckkehr in die nationale Elite k\u00e4mpfte.<\/p>","protected":false},"featured_media":74860,"template":"","meta":{"_kad_blocks_custom_css":"","_kad_blocks_head_custom_js":"","_kad_blocks_body_custom_js":"","_kad_blocks_footer_custom_js":"","_kad_post_transparent":"default","_kad_post_title":"","_kad_post_layout":"default","_kad_post_sidebar_id":"","_kad_post_content_style":"default","_kad_post_vertical_padding":"default","_kad_post_feature":"","_kad_post_feature_position":"","_kad_post_header":false,"_kad_post_footer":false,"_kad_post_classname":""},"product_brand":[2008],"product_cat":[1472],"product_tag":[],"class_list":{"0":"post-74680","1":"product","2":"type-product","3":"status-publish","4":"has-post-thumbnail","6":"product_brand-ks-sport","7":"product_cat-pozostale-kluby-hiszpanskie","8":"pa_rozmiar-l","10":"first","11":"instock","12":"taxable","13":"shipping-taxable","14":"purchasable","15":"product-type-simple","16":"entry","17":"content-bg","18":"loop-entry"},"taxonomy_info":{"product_brand":[{"value":2008,"label":"KS Sport"}],"product_cat":[{"value":1472,"label":"Pozosta\u0142e kluby hiszpa\u0144skie"}],"pa_rozmiar":[{"value":1817,"label":"L"}]},"featured_image_src_large":["https:\/\/footballthrift.shop\/wp-content\/uploads\/2025\/04\/Photoroom_039_20250427_161327-1024x1024.png",1024,1024,true],"author_info":[],"comment_info":"","_links":{"self":[{"href":"https:\/\/footballthrift.shop\/de\/wp-json\/wp\/v2\/product\/74680","targetHints":{"allow":["GET"]}}],"collection":[{"href":"https:\/\/footballthrift.shop\/de\/wp-json\/wp\/v2\/product"}],"about":[{"href":"https:\/\/footballthrift.shop\/de\/wp-json\/wp\/v2\/types\/product"}],"wp:featuredmedia":[{"embeddable":true,"href":"https:\/\/footballthrift.shop\/de\/wp-json\/wp\/v2\/media\/74860"}],"wp:attachment":[{"href":"https:\/\/footballthrift.shop\/de\/wp-json\/wp\/v2\/media?parent=74680"}],"wp:term":[{"taxonomy":"product_brand","embeddable":true,"href":"https:\/\/footballthrift.shop\/de\/wp-json\/wp\/v2\/product_brand?post=74680"},{"taxonomy":"product_cat","embeddable":true,"href":"https:\/\/footballthrift.shop\/de\/wp-json\/wp\/v2\/product_cat?post=74680"},{"taxonomy":"product_tag","embeddable":true,"href":"https:\/\/footballthrift.shop\/de\/wp-json\/wp\/v2\/product_tag?post=74680"}],"curies":[{"name":"wp","href":"https:\/\/api.w.org\/{rel}","templated":true}]}}