{"id":74672,"date":"2025-04-27T17:22:53","date_gmt":"2025-04-27T15:22:53","guid":{"rendered":"https:\/\/footballthrift.shop\/?post_type=product&#038;p=74672"},"modified":"2026-03-09T11:29:00","modified_gmt":"2026-03-09T10:29:00","slug":"polo-rugby-nowa-zelandia-2005-06-xl","status":"publish","type":"product","link":"https:\/\/footballthrift.shop\/de\/polo-rugby-nowa-zelandia-2005-06-xl\/","title":{"rendered":"Polo Rugby Nowa Zelandia 2005\/06 [XL]"},"content":{"rendered":"<p><strong>Verein:<\/strong> Neuseeland<\/p>\n<p><strong>Saison:<\/strong> 2005\/06<\/p>\n<p><strong>Gr\u00f6\u00dfe: <\/strong>XL<\/p>\n<p><strong>Zustand:<\/strong> Ausgezeichnet<\/p>\n<p><strong>Ma\u00dfe (Achselbreite\/L\u00e4nge) in cm: <\/strong>56\/70(vorne), 76(hinten)<\/p>","protected":false},"excerpt":{"rendered":"<p data-start=\"0\" data-end=\"105\"><strong data-start=\"0\" data-end=\"103\">Original Polo-Shirt der neuseel\u00e4ndischen Rugby-Nationalmannschaft aus der Saison 2005\/06 - hergestellt von Adidas.<\/strong><\/p>\n<p data-start=\"107\" data-end=\"501\">Diese <strong data-start=\"110\" data-end=\"197\">Original Polohemd der neuseel\u00e4ndischen Rugbymannschaft aus der Saison 2005\/06<\/strong>hergestellt von <strong data-start=\"219\" data-end=\"230\">Adidas<\/strong>ist ein klassisches Modell in der ausgepr\u00e4gten <strong data-start=\"286\" data-end=\"316\">All Blacks schwarz<\/strong>erg\u00e4nzt durch <strong data-start=\"333\" data-end=\"361\">wei\u00dfe Streifen an den \u00c4rmeln <\/strong>und zwei d\u00fcnne blaue auf der Vorderseite. Der einfache und elegante Schnitt spiegelt die Tradition und das Prestige einer Mannschaft wider, die seit Jahren als eine der erfolgreichsten der Rugby-Welt gilt.<\/p>\n<p data-start=\"503\" data-end=\"871\">Auf der Truhe ist das ber\u00fchmte <strong data-start=\"533\" data-end=\"565\">Silberfarn<\/strong> - Das ikonische Symbol Neuseelands, neben dem Logo <strong data-start=\"611\" data-end=\"622\">Adidas<\/strong>das damals der offizielle Ausr\u00fcster der Nationalmannschaft war. Das aus hochwertigem Material gefertigte Trikot bot <strong data-start=\"762\" data-end=\"792\">Komfort, Bequemlichkeit und Langlebigkeit<\/strong>und beweist, dass sie sowohl f\u00fcr das Training als auch f\u00fcr die Freizeit geeignet ist.<\/p>\n<p data-start=\"873\" data-end=\"1307\">Saison <strong data-start=\"879\" data-end=\"890\">2005\/06<\/strong> war f\u00fcr <strong data-start=\"899\" data-end=\"913\">All Blacks<\/strong> das n\u00e4chste Kapitel im Aufbau ihrer Dominanz auf den Spielfeldern der Welt. Das Team unter der Leitung von <strong data-start=\"1012\" data-end=\"1033\">Graham Henry<\/strong> Die neuseel\u00e4ndische Nationalmannschaft beeindruckte durch ihren offensiven Spielstil und ihre Disziplin und besiegte wichtige Rivalen in Testspielen. Zu dieser Zeit vertraten gro\u00dfe Spieler die Farben Neuseelands, darunter. <strong data-start=\"1201\" data-end=\"1259\">Dan Carter, Richie McCaw, Tana Umaga oder Mils Muliaina<\/strong>die sp\u00e4ter zu Ikonen des Welt-Rugby wurden.<\/p>\n<p data-start=\"1309\" data-end=\"1539\">Dieses Poloshirt ist eine gute Wahl f\u00fcr <strong data-start=\"1352\" data-end=\"1399\">Sammler von Original-Sportbekleidung<\/strong> und treue Fans <strong data-start=\"1420\" data-end=\"1434\">All Blacks<\/strong>die ein authentisches St\u00fcck besitzen m\u00f6chten, das mit einer der ber\u00fchmtesten Mannschaften der Rugby-Geschichte verbunden ist.<\/p>","protected":false},"featured_media":74715,"template":"","meta":{"_kad_blocks_custom_css":"","_kad_blocks_head_custom_js":"","_kad_blocks_body_custom_js":"","_kad_blocks_footer_custom_js":"","_kad_post_transparent":"default","_kad_post_title":"","_kad_post_layout":"default","_kad_post_sidebar_id":"","_kad_post_content_style":"default","_kad_post_vertical_padding":"default","_kad_post_feature":"","_kad_post_feature_position":"","_kad_post_header":false,"_kad_post_footer":false,"_kad_post_classname":""},"product_brand":[1283],"product_cat":[1955],"product_tag":[],"class_list":{"0":"post-74672","1":"product","2":"type-product","3":"status-publish","4":"has-post-thumbnail","6":"product_brand-adidas","7":"product_cat-rugby","8":"pa_rozmiar-xl","10":"first","11":"instock","12":"taxable","13":"shipping-taxable","14":"purchasable","15":"product-type-simple","16":"entry","17":"content-bg","18":"loop-entry"},"taxonomy_info":{"product_brand":[{"value":1283,"label":"Adidas"}],"product_cat":[{"value":1955,"label":"Rugby"}],"pa_rozmiar":[{"value":1818,"label":"XL"}]},"featured_image_src_large":["https:\/\/footballthrift.shop\/wp-content\/uploads\/2025\/04\/Photoroom_049_20250427_161327-1024x1024.png",1024,1024,true],"author_info":[],"comment_info":"","_links":{"self":[{"href":"https:\/\/footballthrift.shop\/de\/wp-json\/wp\/v2\/product\/74672","targetHints":{"allow":["GET"]}}],"collection":[{"href":"https:\/\/footballthrift.shop\/de\/wp-json\/wp\/v2\/product"}],"about":[{"href":"https:\/\/footballthrift.shop\/de\/wp-json\/wp\/v2\/types\/product"}],"wp:featuredmedia":[{"embeddable":true,"href":"https:\/\/footballthrift.shop\/de\/wp-json\/wp\/v2\/media\/74715"}],"wp:attachment":[{"href":"https:\/\/footballthrift.shop\/de\/wp-json\/wp\/v2\/media?parent=74672"}],"wp:term":[{"taxonomy":"product_brand","embeddable":true,"href":"https:\/\/footballthrift.shop\/de\/wp-json\/wp\/v2\/product_brand?post=74672"},{"taxonomy":"product_cat","embeddable":true,"href":"https:\/\/footballthrift.shop\/de\/wp-json\/wp\/v2\/product_cat?post=74672"},{"taxonomy":"product_tag","embeddable":true,"href":"https:\/\/footballthrift.shop\/de\/wp-json\/wp\/v2\/product_tag?post=74672"}],"curies":[{"name":"wp","href":"https:\/\/api.w.org\/{rel}","templated":true}]}}