{"id":73420,"date":"2025-04-13T18:03:55","date_gmt":"2025-04-13T16:03:55","guid":{"rendered":"https:\/\/footballthrift.shop\/?post_type=product&#038;p=73420"},"modified":"2026-03-09T11:29:07","modified_gmt":"2026-03-09T10:29:07","slug":"szwecja-2015-17-home-l","status":"publish","type":"product","link":"https:\/\/footballthrift.shop\/de\/szwecja-2015-17-home-l\/","title":{"rendered":"Koszulka pi\u0142karska Szwecja 2015\/17 Home [L]"},"content":{"rendered":"<p><strong>Verein:<\/strong> Schweden<\/p>\n<p><strong>Saison:<\/strong> 2015\/17 Startseite<\/p>\n<p><strong>Gr\u00f6\u00dfe: <\/strong>L<\/p>\n<p><strong>Zustand:<\/strong> Ausgezeichnet<\/p>\n<p><strong>Ma\u00dfe (Achselbreite\/L\u00e4nge) in cm: <\/strong>54\/74<\/p>","protected":false},"excerpt":{"rendered":"<p data-start=\"0\" data-end=\"94\">Original Fu\u00dfballtrikot <strong data-start=\"30\" data-end=\"92\">Schwedens Nationalmannschaft von 2015-2017 - produziert von Adidas.<\/strong><\/p>\n<p data-start=\"97\" data-end=\"366\">In dieser Zeit nahm die \"Drei Kronen\"-Mannschaft an der Qualifikation f\u00fcr die Euro 2016 und die Weltmeisterschaft in Russland teil, und ihr gr\u00f6\u00dfter Star blieb Zlatan Ibrahimovi\u0107. Aus diesen Jahren stammt dieses <strong data-start=\"289\" data-end=\"334\">Original Heimtrikot in Gr\u00f6\u00dfe XL<\/strong>, hergestellt von Adidas.<\/p>\n<p data-start=\"369\" data-end=\"694\">Das Modell wurde in der schwedischen Variante beibehalten. <strong data-start=\"425\" data-end=\"447\">gelbe Farben<\/strong>erg\u00e4nzt durch <strong data-start=\"464\" data-end=\"486\">blaue Akzente<\/strong> in Form eines Kragens, von \u00c4rmelb\u00fcndchen und drei Herstellerstreifen an den Seiten. Auf der Brust befindet sich ein <strong data-start=\"593\" data-end=\"634\">wappen des schwedischen fussballverbands<\/strong> und <strong data-start=\"640\" data-end=\"656\">Adidas-Logo<\/strong>was die Authentizit\u00e4t des Outfits unterstreicht.<\/p>\n<p data-start=\"697\" data-end=\"877\">Das Trikot wurde mit der Climacool-Technologie hergestellt, die den Spielern ein <strong data-start=\"783\" data-end=\"818\">leicht, atmungsaktiv und komfortabel<\/strong> w\u00e4hrend der Qualifikation und der Endrunde der Europameisterschaft.<\/p>\n<p data-start=\"880\" data-end=\"1069\">Dies ist eine ausgezeichnete Option f\u00fcr <strong data-start=\"908\" data-end=\"939\">Fans der schwedischen Nationalmannschaft<\/strong>Sammler von Nationaltrikots und Fu\u00dfballbegeisterte, die auf der Suche nach einem <strong data-start=\"1017\" data-end=\"1066\">Original Adidas-Modelle aus der Mitte der 2010er Jahre<\/strong>.<\/p>","protected":false},"featured_media":73537,"template":"","meta":{"_kad_blocks_custom_css":"","_kad_blocks_head_custom_js":"","_kad_blocks_body_custom_js":"","_kad_blocks_footer_custom_js":"","_kad_post_transparent":"default","_kad_post_title":"","_kad_post_layout":"default","_kad_post_sidebar_id":"","_kad_post_content_style":"default","_kad_post_vertical_padding":"default","_kad_post_feature":"","_kad_post_feature_position":"","_kad_post_header":false,"_kad_post_footer":false,"_kad_post_classname":""},"product_brand":[1283],"product_cat":[1489],"product_tag":[],"class_list":{"0":"post-73420","1":"product","2":"type-product","3":"status-publish","4":"has-post-thumbnail","6":"product_brand-adidas","7":"product_cat-pozostale-reprezentacje-europa","8":"pa_homeawaythird-home","9":"pa_rozmiar-l","11":"first","12":"instock","13":"taxable","14":"shipping-taxable","15":"purchasable","16":"product-type-simple","17":"entry","18":"content-bg","19":"loop-entry"},"taxonomy_info":{"product_brand":[{"value":1283,"label":"Adidas"}],"product_cat":[{"value":1489,"label":"Pozosta\u0142e"}],"pa_homeawaythird":[{"value":1597,"label":"Home"}],"pa_rozmiar":[{"value":1817,"label":"L"}]},"featured_image_src_large":["https:\/\/footballthrift.shop\/wp-content\/uploads\/2025\/04\/Photoroom_102_20250412_182930-1024x1024.png",1024,1024,true],"author_info":[],"comment_info":"","_links":{"self":[{"href":"https:\/\/footballthrift.shop\/de\/wp-json\/wp\/v2\/product\/73420","targetHints":{"allow":["GET"]}}],"collection":[{"href":"https:\/\/footballthrift.shop\/de\/wp-json\/wp\/v2\/product"}],"about":[{"href":"https:\/\/footballthrift.shop\/de\/wp-json\/wp\/v2\/types\/product"}],"wp:featuredmedia":[{"embeddable":true,"href":"https:\/\/footballthrift.shop\/de\/wp-json\/wp\/v2\/media\/73537"}],"wp:attachment":[{"href":"https:\/\/footballthrift.shop\/de\/wp-json\/wp\/v2\/media?parent=73420"}],"wp:term":[{"taxonomy":"product_brand","embeddable":true,"href":"https:\/\/footballthrift.shop\/de\/wp-json\/wp\/v2\/product_brand?post=73420"},{"taxonomy":"product_cat","embeddable":true,"href":"https:\/\/footballthrift.shop\/de\/wp-json\/wp\/v2\/product_cat?post=73420"},{"taxonomy":"product_tag","embeddable":true,"href":"https:\/\/footballthrift.shop\/de\/wp-json\/wp\/v2\/product_tag?post=73420"}],"curies":[{"name":"wp","href":"https:\/\/api.w.org\/{rel}","templated":true}]}}