{"id":73398,"date":"2025-04-13T18:04:07","date_gmt":"2025-04-13T16:04:07","guid":{"rendered":"https:\/\/footballthrift.shop\/?post_type=product&#038;p=73398"},"modified":"2026-03-09T11:29:05","modified_gmt":"2026-03-09T10:29:05","slug":"bluza-treningowa-korona-kielce-l","status":"publish","type":"product","link":"https:\/\/footballthrift.shop\/de\/bluza-treningowa-korona-kielce-l\/","title":{"rendered":"Bluza treningowa Korona Kielce 2011\/12 [L]"},"content":{"rendered":"<p><strong>Verein:<\/strong> Korona Kielce<\/p>\n<p><strong>Gr\u00f6\u00dfe: <\/strong>L<\/p>\n<p><strong>Zustand:<\/strong> Gut - verwaschenes Vereinswappen.<\/p>\n<p><strong>Ma\u00dfe (Achselbreite\/L\u00e4nge) in cm: <\/strong>62\/65<\/p>","protected":false},"excerpt":{"rendered":"<p data-start=\"0\" data-end=\"85\">Das originelle Trainingssweatshirt <strong data-start=\"28\" data-end=\"83\">Korona Kielce aus der Saison 2011\/12 - produziert von Hummel.\u00a0<\/strong><\/p>\n<p data-start=\"88\" data-end=\"389\">Die Saison 2011\/12 war f\u00fcr Korona Kielce eine Zeit solider Leistungen in der Ekstraklasa, in der die Spieler klassische und funktionelle Trainingskleidung der d\u00e4nischen Marke Hummel trugen. Aus dieser Zeit stammt dieses <strong data-start=\"295\" data-end=\"341\">Original orthalion Sweatshirt Gr\u00f6\u00dfe L<\/strong>speziell f\u00fcr das Team vorbereitet.<\/p>\n<p data-start=\"392\" data-end=\"695\">Das Modell wurde beibehalten in <strong data-start=\"417\" data-end=\"440\">schwarzes Farbschema<\/strong>und sein markantestes Merkmal ist <strong data-start=\"493\" data-end=\"545\">wei\u00dfe Chevron-Streifen an den \u00c4rmeln<\/strong>die das Markenzeichen von Hummel ist. Die Vorderseite zeigt <strong data-start=\"610\" data-end=\"632\">das Wappen der Korona Kielce<\/strong> und <strong data-start=\"638\" data-end=\"657\">Herstellerlogo<\/strong>was die Authentizit\u00e4t des Outfits unterstreicht.<\/p>\n<p data-start=\"698\" data-end=\"881\">Das Sweatshirt ist aus leichtem und strapazierf\u00e4higem orthalion gefertigt, das effektiv vor Wind und K\u00e4lte sch\u00fctzt und gleichzeitig eine <strong data-start=\"832\" data-end=\"860\">Komfort und Bewegungsfreiheit<\/strong> w\u00e4hrend der Ausbildung.<\/p>\n<p data-start=\"884\" data-end=\"1078\">Dies ist eine gute Option f\u00fcr <strong data-start=\"910\" data-end=\"933\">Fans von Korona Kielce<\/strong>Ekstraklasa-Anh\u00e4nger und Sammler auf der Suche nach <strong data-start=\"991\" data-end=\"1075\">Original Hummel-Trainingszubeh\u00f6r vom Beginn des zweiten Jahrzehnts des 21. Jahrhunderts<\/strong>.<\/p>","protected":false},"featured_media":73676,"template":"","meta":{"_kad_blocks_custom_css":"","_kad_blocks_head_custom_js":"","_kad_blocks_body_custom_js":"","_kad_blocks_footer_custom_js":"","_kad_post_transparent":"default","_kad_post_title":"","_kad_post_layout":"default","_kad_post_sidebar_id":"","_kad_post_content_style":"default","_kad_post_vertical_padding":"default","_kad_post_feature":"","_kad_post_feature_position":"","_kad_post_header":false,"_kad_post_footer":false,"_kad_post_classname":""},"product_brand":[1288],"product_cat":[1468,1423],"product_tag":[],"class_list":{"0":"post-73398","1":"product","2":"type-product","3":"status-publish","4":"has-post-thumbnail","6":"product_brand-hummel","7":"product_cat-pozostale-kluby-polskie","8":"product_cat-kurtkibluzytrening","9":"pa_rozmiar-l","11":"first","12":"instock","13":"taxable","14":"shipping-taxable","15":"purchasable","16":"product-type-simple","17":"entry","18":"content-bg","19":"loop-entry"},"taxonomy_info":{"product_brand":[{"value":1288,"label":"Hummel"}],"product_cat":[{"value":1468,"label":"Pozosta\u0142e kluby polskie"},{"value":1423,"label":"Kurtki\/bluzy\/trening"}],"pa_rozmiar":[{"value":1817,"label":"L"}]},"featured_image_src_large":["https:\/\/footballthrift.shop\/wp-content\/uploads\/2025\/04\/Photoroom_092_20250412_182930-1024x1024.png",1024,1024,true],"author_info":[],"comment_info":"","_links":{"self":[{"href":"https:\/\/footballthrift.shop\/de\/wp-json\/wp\/v2\/product\/73398","targetHints":{"allow":["GET"]}}],"collection":[{"href":"https:\/\/footballthrift.shop\/de\/wp-json\/wp\/v2\/product"}],"about":[{"href":"https:\/\/footballthrift.shop\/de\/wp-json\/wp\/v2\/types\/product"}],"wp:featuredmedia":[{"embeddable":true,"href":"https:\/\/footballthrift.shop\/de\/wp-json\/wp\/v2\/media\/73676"}],"wp:attachment":[{"href":"https:\/\/footballthrift.shop\/de\/wp-json\/wp\/v2\/media?parent=73398"}],"wp:term":[{"taxonomy":"product_brand","embeddable":true,"href":"https:\/\/footballthrift.shop\/de\/wp-json\/wp\/v2\/product_brand?post=73398"},{"taxonomy":"product_cat","embeddable":true,"href":"https:\/\/footballthrift.shop\/de\/wp-json\/wp\/v2\/product_cat?post=73398"},{"taxonomy":"product_tag","embeddable":true,"href":"https:\/\/footballthrift.shop\/de\/wp-json\/wp\/v2\/product_tag?post=73398"}],"curies":[{"name":"wp","href":"https:\/\/api.w.org\/{rel}","templated":true}]}}