{"id":73378,"date":"2025-04-13T18:04:25","date_gmt":"2025-04-13T16:04:25","guid":{"rendered":"https:\/\/footballthrift.shop\/?post_type=product&#038;p=73378"},"modified":"2026-03-09T11:29:04","modified_gmt":"2026-03-09T10:29:04","slug":"player-issue-dania-2008-10-home-xl","status":"publish","type":"product","link":"https:\/\/footballthrift.shop\/de\/player-issue-dania-2008-10-home-xl\/","title":{"rendered":"Koszulka pi\u0142karska AUTHENTIC Dania 2008\/10 Home [XL]"},"content":{"rendered":"<p><strong>Verein:<\/strong> Gerichte<\/p>\n<p><strong>Saison:<\/strong> 2008\/10 Heim<\/p>\n<p><strong>Gr\u00f6\u00dfe: <\/strong>XL<\/p>\n<p><strong>Zustand:<\/strong> Sehr gut - abgenutzter 'Formotion'-Schriftzug.<\/p>\n<p><strong>Ma\u00dfe (Achselbreite\/L\u00e4nge) in cm: <\/strong>58\/76<\/p>","protected":false},"excerpt":{"rendered":"<p data-start=\"0\" data-end=\"92\"><strong data-start=\"0\" data-end=\"90\">Original Fu\u00dfballtrikot der d\u00e4nischen Nationalmannschaft von 2008-2010 - hergestellt von Adidas.<\/strong><\/p>\n<p data-start=\"94\" data-end=\"597\">Diese <strong data-start=\"97\" data-end=\"163\">Original Heimtrikot der d\u00e4nischen Nationalmannschaft 2008-2010<\/strong>hergestellt von <strong data-start=\"185\" data-end=\"196\">Adidas<\/strong>ein einzigartiges Modell in <strong data-start=\"219\" data-end=\"248\">die Spielversion von Formotion<\/strong>Gebrauch: F\u00fcr Sportler. Gepflegt in der klassischen d\u00e4nischen <strong data-start=\"317\" data-end=\"338\">rot gef\u00e4rbt<\/strong>, die sich durch ihr elegantes Design mit wei\u00dfen Details auszeichnet - unverwechselbar <strong data-start=\"414\" data-end=\"453\">drei Adidas-Streifen auf Schultern und \u00c4rmeln<\/strong> und einem dezenten Kragen. Dieses Exemplar hat <strong data-start=\"507\" data-end=\"522\">Langarm<\/strong>Dadurch wird sie noch einzigartiger und unter Sammlern noch gesch\u00e4tzter.<\/p>\n<p data-start=\"599\" data-end=\"973\">Die Truhe enthielt: <strong data-start=\"623\" data-end=\"658\">Wappen der D\u00e4nischen Boldspil-Union (DBU)<\/strong>, Logo <strong data-start=\"665\" data-end=\"676\">Adidas<\/strong> und das Echtheitsmerkmal der Formotion-Match-Version, die mit dem <strong data-start=\"754\" data-end=\"848\">mit ma\u00dfgeschneiderter Passform, elastischen Eins\u00e4tzen und fortschrittlicher Feuchtigkeitsregulierungstechnologie<\/strong>. Auf diese Weise bot das Trikot den Spielern <strong data-start=\"893\" data-end=\"935\">Leichtigkeit, Komfort und v\u00f6llige Bewegungsfreiheit<\/strong> w\u00e4hrend sie auf h\u00f6chstem Niveau spielen.<\/p>\n<p data-start=\"975\" data-end=\"1409\">Zeitraum <strong data-start=\"981\" data-end=\"994\">2008-2010<\/strong> ist die Teilnahme der d\u00e4nischen Nationalmannschaft an den Qualifikationsturnieren f\u00fcr die <strong data-start=\"1064\" data-end=\"1096\">Fu\u00dfballweltmeisterschaft 2010 in S\u00fcdafrika<\/strong>. Unter der Leitung von Trainer <strong data-start=\"1116\" data-end=\"1134\">Morten Olsen<\/strong>gewannen die D\u00e4nen ihre Qualifikationsgruppe in gro\u00dfem Stil, schlugen unter anderem Portugal und zogen in die Weltmeisterschaft ein. Zu den Spielern der Mannschaft geh\u00f6rten damals. <strong data-start=\"1288\" data-end=\"1381\">Daniel Agger, Jon Dahl Tomasson, Nicklas Bendtner, Thomas S\u00f8rensen und Christian Poulsen<\/strong>die die St\u00fctzen der Mannschaft sind.<\/p>\n<p data-start=\"1411\" data-end=\"1640\">Dieses T-Shirt ist ein wahrer Genuss f\u00fcr <strong data-start=\"1447\" data-end=\"1508\">Sammler von Original-Spielhemden<\/strong> und d\u00e4nische Fu\u00dfballfans, die ein authentisches St\u00fcck Nationalmannschaftsgeschichte vom Ende des ersten Jahrzehnts des 21. Jahrhunderts besitzen m\u00f6chten.<\/p>","protected":false},"featured_media":73886,"template":"","meta":{"_kad_blocks_custom_css":"","_kad_blocks_head_custom_js":"","_kad_blocks_body_custom_js":"","_kad_blocks_footer_custom_js":"","_kad_post_transparent":"default","_kad_post_title":"","_kad_post_layout":"default","_kad_post_sidebar_id":"","_kad_post_content_style":"default","_kad_post_vertical_padding":"default","_kad_post_feature":"","_kad_post_feature_position":"","_kad_post_header":false,"_kad_post_footer":false,"_kad_post_classname":""},"product_brand":[1283],"product_cat":[1489],"product_tag":[],"class_list":{"0":"post-73378","1":"product","2":"type-product","3":"status-publish","4":"has-post-thumbnail","6":"product_brand-adidas","7":"product_cat-pozostale-reprezentacje-europa","8":"pa_homeawaythird-home","9":"pa_rozmiar-xl","11":"first","12":"instock","13":"taxable","14":"shipping-taxable","15":"purchasable","16":"product-type-simple","17":"entry","18":"content-bg","19":"loop-entry"},"taxonomy_info":{"product_brand":[{"value":1283,"label":"Adidas"}],"product_cat":[{"value":1489,"label":"Pozosta\u0142e"}],"pa_homeawaythird":[{"value":1597,"label":"Home"}],"pa_rozmiar":[{"value":1818,"label":"XL"}]},"featured_image_src_large":["https:\/\/footballthrift.shop\/wp-content\/uploads\/2025\/04\/Photoroom_110_20250412_182930-1024x1024.png",1024,1024,true],"author_info":[],"comment_info":"","_links":{"self":[{"href":"https:\/\/footballthrift.shop\/de\/wp-json\/wp\/v2\/product\/73378","targetHints":{"allow":["GET"]}}],"collection":[{"href":"https:\/\/footballthrift.shop\/de\/wp-json\/wp\/v2\/product"}],"about":[{"href":"https:\/\/footballthrift.shop\/de\/wp-json\/wp\/v2\/types\/product"}],"wp:featuredmedia":[{"embeddable":true,"href":"https:\/\/footballthrift.shop\/de\/wp-json\/wp\/v2\/media\/73886"}],"wp:attachment":[{"href":"https:\/\/footballthrift.shop\/de\/wp-json\/wp\/v2\/media?parent=73378"}],"wp:term":[{"taxonomy":"product_brand","embeddable":true,"href":"https:\/\/footballthrift.shop\/de\/wp-json\/wp\/v2\/product_brand?post=73378"},{"taxonomy":"product_cat","embeddable":true,"href":"https:\/\/footballthrift.shop\/de\/wp-json\/wp\/v2\/product_cat?post=73378"},{"taxonomy":"product_tag","embeddable":true,"href":"https:\/\/footballthrift.shop\/de\/wp-json\/wp\/v2\/product_tag?post=73378"}],"curies":[{"name":"wp","href":"https:\/\/api.w.org\/{rel}","templated":true}]}}