{"id":73374,"date":"2025-04-13T18:04:22","date_gmt":"2025-04-13T16:04:22","guid":{"rendered":"https:\/\/footballthrift.shop\/?post_type=product&#038;p=73374"},"modified":"2026-03-09T11:29:04","modified_gmt":"2026-03-09T10:29:04","slug":"borussia-monchengladbach-2013-14-away-15-dominguez-l","status":"publish","type":"product","link":"https:\/\/footballthrift.shop\/de\/borussia-monchengladbach-2013-14-away-15-dominguez-l\/","title":{"rendered":"Koszulka pi\u0142karska Borussia Monchengladbach 2013\/14 Away 15 Dominguez [L]"},"content":{"rendered":"<p><strong>Verein:<\/strong> Borussia M\u00f6nchengladbach<\/p>\n<p><strong>Saison:<\/strong> 2013\/14 Ausw\u00e4rts<\/p>\n<p><strong>Gr\u00f6\u00dfe: <\/strong>L<\/p>\n<p><strong>Zustand:<\/strong> Sehr gut - Mikroverschmutzung am Kragen auf der R\u00fcckseite des Hemdes.<\/p>\n<p><strong>Ma\u00dfe (Achselbreite\/L\u00e4nge) in cm: <\/strong>55\/71<\/p>","protected":false},"excerpt":{"rendered":"<p data-start=\"0\" data-end=\"96\">Original Fu\u00dfballtrikot <strong data-start=\"30\" data-end=\"94\">Borussia M\u00f6nchengladbach aus der Saison 2013\/14 - produziert von Kappa.<\/strong><\/p>\n<p data-start=\"98\" data-end=\"379\">Diese <strong data-start=\"101\" data-end=\"159\">original Borussia M\u00f6nchengladbach Ausw\u00e4rtstrikot<\/strong> der Saison 2013\/14 wurde von der Marke Kappa vorbereitet und zeichnet sich durch seine <strong data-start=\"231\" data-end=\"259\">hellgr\u00fcne F\u00e4rbung<\/strong> mit kontrastierenden <strong data-start=\"278\" data-end=\"298\">wei\u00dfe Details<\/strong> - Polo-Kragen und Kappa-Logos an den \u00c4rmeln.<\/p>\n<p data-start=\"381\" data-end=\"681\">Auf der Vorderseite befindet sich <strong data-start=\"405\" data-end=\"433\">Impressum des Sponsors Postbank<\/strong>und neben <strong data-start=\"442\" data-end=\"459\">Das Wappen der Borussia<\/strong> i <strong data-start=\"462\" data-end=\"476\">Kappa-Logo<\/strong>die die Echtheit dieses Modells best\u00e4tigen. Das Exemplar hat auch <strong data-start=\"549\" data-end=\"577\">\u00c1lvaro Dom\u00ednguez Druck<\/strong> - Der spanische Verteidiger war seinerzeit ein wichtiger Bestandteil der Defensivabteilung des Borussia-Park-Clubs.<\/p>\n<p data-start=\"683\" data-end=\"827\">Das Trikot ist aus leichtem und atmungsaktivem Material gefertigt und bietet den Spielern ein angenehmes Tragegef\u00fchl. <strong data-start=\"772\" data-end=\"810\">Komfort, Bewegungsfreiheit und Haltbarkeit<\/strong> w\u00e4hrend des Spiels.<\/p>\n<p data-start=\"829\" data-end=\"1101\">Saison <strong>2013\/14<\/strong> war f\u00fcr <strong>Fohlen<\/strong> eine Zeit, in der in der Bundesliga ein starker Wettbewerb herrschte und die Mannschaft um einen Platz in den Europapokalen k\u00e4mpfte. Das Ausw\u00e4rtstrikot in Gr\u00fcnt\u00f6nen gilt heute als das <strong data-start=\"1017\" data-end=\"1052\">Das unverwechselbare Design von Kappa<\/strong>die Modernit\u00e4t mit Clubtradition verbindet.<\/p>\n<p data-start=\"1103\" data-end=\"1281\">Es ist eine ausgezeichnete Wahl f\u00fcr <strong data-start=\"1126\" data-end=\"1160\">Fans von Borussia M\u00f6nchengladbach<\/strong>, Fans von \u00c1lvaro Dom\u00ednguez und Sammler, die auf der Suche nach <strong data-start=\"1228\" data-end=\"1278\">originale Fu\u00dfballtrikots aus der Bundesliga<\/strong>.<\/p>","protected":false},"featured_media":73863,"template":"","meta":{"_kad_blocks_custom_css":"","_kad_blocks_head_custom_js":"","_kad_blocks_body_custom_js":"","_kad_blocks_footer_custom_js":"","_kad_post_transparent":"default","_kad_post_title":"","_kad_post_layout":"default","_kad_post_sidebar_id":"","_kad_post_content_style":"default","_kad_post_vertical_padding":"default","_kad_post_feature":"","_kad_post_feature_position":"","_kad_post_header":false,"_kad_post_footer":false,"_kad_post_classname":""},"product_brand":[1290],"product_cat":[1449],"product_tag":[],"class_list":{"0":"post-73374","1":"product","2":"type-product","3":"status-publish","4":"has-post-thumbnail","6":"product_brand-kappa","7":"product_cat-kluby-niemieckie-borussiamonchengladbach","8":"pa_homeawaythird-away","9":"pa_rozmiar-l","11":"first","12":"instock","13":"taxable","14":"shipping-taxable","15":"purchasable","16":"product-type-simple","17":"entry","18":"content-bg","19":"loop-entry"},"taxonomy_info":{"product_brand":[{"value":1290,"label":"Kappa"}],"product_cat":[{"value":1449,"label":"Borussia M\u00f6nchengladbach"}],"pa_homeawaythird":[{"value":1598,"label":"Away"}],"pa_rozmiar":[{"value":1817,"label":"L"}]},"featured_image_src_large":["https:\/\/footballthrift.shop\/wp-content\/uploads\/2025\/04\/Photoroom_015_20250412_182930-1024x1024.png",1024,1024,true],"author_info":[],"comment_info":"","_links":{"self":[{"href":"https:\/\/footballthrift.shop\/de\/wp-json\/wp\/v2\/product\/73374","targetHints":{"allow":["GET"]}}],"collection":[{"href":"https:\/\/footballthrift.shop\/de\/wp-json\/wp\/v2\/product"}],"about":[{"href":"https:\/\/footballthrift.shop\/de\/wp-json\/wp\/v2\/types\/product"}],"wp:featuredmedia":[{"embeddable":true,"href":"https:\/\/footballthrift.shop\/de\/wp-json\/wp\/v2\/media\/73863"}],"wp:attachment":[{"href":"https:\/\/footballthrift.shop\/de\/wp-json\/wp\/v2\/media?parent=73374"}],"wp:term":[{"taxonomy":"product_brand","embeddable":true,"href":"https:\/\/footballthrift.shop\/de\/wp-json\/wp\/v2\/product_brand?post=73374"},{"taxonomy":"product_cat","embeddable":true,"href":"https:\/\/footballthrift.shop\/de\/wp-json\/wp\/v2\/product_cat?post=73374"},{"taxonomy":"product_tag","embeddable":true,"href":"https:\/\/footballthrift.shop\/de\/wp-json\/wp\/v2\/product_tag?post=73374"}],"curies":[{"name":"wp","href":"https:\/\/api.w.org\/{rel}","templated":true}]}}