{"id":73367,"date":"2025-04-13T18:04:16","date_gmt":"2025-04-13T16:04:16","guid":{"rendered":"https:\/\/footballthrift.shop\/?post_type=product&#038;p=73367"},"modified":"2026-03-09T11:29:05","modified_gmt":"2026-03-09T10:29:05","slug":"afc-ajax-2021-22-auswarts-xl","status":"publish","type":"product","link":"https:\/\/footballthrift.shop\/de\/afc-ajax-2021-22-away-xl\/","title":{"rendered":"Koszulka pi\u0142karska AFC Ajax 2021\/22 Away [XL]"},"content":{"rendered":"<p><strong>Verein:<\/strong> AFC Ajax<\/p>\n<p><strong>Saison:<\/strong> 2021\/22 Ausw\u00e4rts<\/p>\n<p><strong>Gr\u00f6\u00dfe: <\/strong>XL<\/p>\n<p><strong>Zustand:<\/strong> Zufriedenstellend - Mikro-Stretch auf der Vorderseite und ein d\u00fcnner Schlitz im Stoff auf der R\u00fcckseite.<\/p>\n<p><strong>Ma\u00dfe (Achselbreite\/L\u00e4nge) in cm: <\/strong>59\/73<\/p>","protected":false},"excerpt":{"rendered":"<p data-start=\"0\" data-end=\"89\">Original Fu\u00dfballtrikot <strong data-start=\"30\" data-end=\"87\">Ajax Amsterdam ab der Saison 2021\/22 - produziert von Adidas.\u00a0<\/strong><\/p>\n<p data-start=\"92\" data-end=\"375\">Die Saison 2021\/22 war f\u00fcr Ajax sehr erfolgreich. Der Klub erreichte die niederl\u00e4ndische Meisterschaft und zeigte den f\u00fcr seine Spielphilosophie charakteristischen offensiven und spektakul\u00e4ren Fu\u00dfball. Aus dieser Zeit stammt dieses <strong data-start=\"290\" data-end=\"338\">Original Ausw\u00e4rtstrikot in Gr\u00f6\u00dfe XL<\/strong>, hergestellt von Adidas.<\/p>\n<p data-start=\"378\" data-end=\"682\">Das Modell hat ein einzigartiges Design - das T-Shirt zeichnet sich durch seine <strong data-start=\"441\" data-end=\"483\">dunkler Sockel mit kontrastierenden Details <\/strong>in Blau und Hellgr\u00fcn, die einen modernen und unverwechselbaren Akzent setzen. Die Vorderseite zeigt einen Sponsorenaufdruck <strong data-start=\"580\" data-end=\"589\">Ziggo<\/strong>und neben <strong data-start=\"598\" data-end=\"622\">Wappen von Ajax Amsterdam<\/strong> und <strong data-start=\"628\" data-end=\"644\">Adidas-Logo<\/strong>was die Authentizit\u00e4t des Outfits unterstreicht.<\/p>\n<p data-start=\"685\" data-end=\"863\">Das Trikot wurde mit der Aeroready-Technologie hergestellt, die den Spielern eine <strong data-start=\"767\" data-end=\"802\">leicht, luftig und komfortabel<\/strong>sowohl in Ligaspielen als auch in Europapokalen.<\/p>\n<p data-start=\"866\" data-end=\"1031\">Dies ist eine gute Wahl f\u00fcr <strong data-start=\"887\" data-end=\"902\">Ajax-Fans<\/strong>Eredivisie-Fans und Sammler, die auf der Suche sind nach <strong data-start=\"963\" data-end=\"1028\">Original Adidas-Trikots aus der Meisterschaftssaison 2021\/22<\/strong>.<\/p>","protected":false},"featured_media":73745,"template":"","meta":{"_kad_blocks_custom_css":"","_kad_blocks_head_custom_js":"","_kad_blocks_body_custom_js":"","_kad_blocks_footer_custom_js":"","_kad_post_transparent":"default","_kad_post_title":"","_kad_post_layout":"default","_kad_post_sidebar_id":"","_kad_post_content_style":"default","_kad_post_vertical_padding":"default","_kad_post_feature":"","_kad_post_feature_position":"","_kad_post_header":false,"_kad_post_footer":false,"_kad_post_classname":""},"product_brand":[1283],"product_cat":[1466],"product_tag":[],"class_list":{"0":"post-73367","1":"product","2":"type-product","3":"status-publish","4":"has-post-thumbnail","6":"product_brand-adidas","7":"product_cat-belgia-holandia","8":"pa_homeawaythird-away","9":"pa_rozmiar-xl","11":"first","12":"instock","13":"taxable","14":"shipping-taxable","15":"purchasable","16":"product-type-simple","17":"entry","18":"content-bg","19":"loop-entry"},"taxonomy_info":{"product_brand":[{"value":1283,"label":"Adidas"}],"product_cat":[{"value":1466,"label":"Belgia i Holandia"}],"pa_homeawaythird":[{"value":1598,"label":"Away"}],"pa_rozmiar":[{"value":1818,"label":"XL"}]},"featured_image_src_large":["https:\/\/footballthrift.shop\/wp-content\/uploads\/2025\/04\/Photoroom_040_20250412_182930-1024x1024.png",1024,1024,true],"author_info":[],"comment_info":"","_links":{"self":[{"href":"https:\/\/footballthrift.shop\/de\/wp-json\/wp\/v2\/product\/73367","targetHints":{"allow":["GET"]}}],"collection":[{"href":"https:\/\/footballthrift.shop\/de\/wp-json\/wp\/v2\/product"}],"about":[{"href":"https:\/\/footballthrift.shop\/de\/wp-json\/wp\/v2\/types\/product"}],"wp:featuredmedia":[{"embeddable":true,"href":"https:\/\/footballthrift.shop\/de\/wp-json\/wp\/v2\/media\/73745"}],"wp:attachment":[{"href":"https:\/\/footballthrift.shop\/de\/wp-json\/wp\/v2\/media?parent=73367"}],"wp:term":[{"taxonomy":"product_brand","embeddable":true,"href":"https:\/\/footballthrift.shop\/de\/wp-json\/wp\/v2\/product_brand?post=73367"},{"taxonomy":"product_cat","embeddable":true,"href":"https:\/\/footballthrift.shop\/de\/wp-json\/wp\/v2\/product_cat?post=73367"},{"taxonomy":"product_tag","embeddable":true,"href":"https:\/\/footballthrift.shop\/de\/wp-json\/wp\/v2\/product_tag?post=73367"}],"curies":[{"name":"wp","href":"https:\/\/api.w.org\/{rel}","templated":true}]}}