{"id":70765,"date":"2025-04-05T17:57:28","date_gmt":"2025-04-05T15:57:28","guid":{"rendered":"https:\/\/footballthrift.shop\/?post_type=product&#038;p=70765"},"modified":"2026-05-01T10:24:30","modified_gmt":"2026-05-01T08:24:30","slug":"liverpool-fc-2020-21-heim-6-thiago-s","status":"publish","type":"product","link":"https:\/\/footballthrift.shop\/de\/liverpool-fc-2020-21-home-6-thiago-s\/","title":{"rendered":"Koszulka pi\u0142karska Liverpool FC 2020\/21 Home 6 Thiago [S]"},"content":{"rendered":"<p><strong>Verein:<\/strong> Liverpool FC<\/p>\n<p><strong>Saison:<\/strong> 2020\/21 Heim<\/p>\n<p><strong>Gr\u00f6\u00dfe: <\/strong>S<\/p>\n<p><strong>Zustand:<\/strong> Sehr gut - leichte abstehende F\u00e4den an den unteren N\u00e4hten an einigen Stellen.<\/p>\n<p><strong>Ma\u00dfe (Achselbreite\/L\u00e4nge) in cm: <\/strong>49\/70<\/p>","protected":false},"excerpt":{"rendered":"<p data-start=\"0\" data-end=\"90\"><strong data-start=\"0\" data-end=\"88\">Das Original-Heimtrikot des FC Liverpool f\u00fcr die Saison 2020\/21 - hergestellt von Nike.\u00a0<\/strong><\/p>\n<p data-start=\"92\" data-end=\"431\">Diese <strong data-start=\"95\" data-end=\"142\">Original Liverpool FC Fu\u00dfballtrikot<\/strong> in der Gr\u00f6\u00dfe S stammt aus dem Jahr 2020 - das erste Mal, dass der US-Riese <strong data-start=\"225\" data-end=\"233\">Nike<\/strong> hat die Rolle des Hauptkost\u00fcmlieferanten des Anfield Clubs \u00fcbernommen. Es ist ein Design, das den klassischen Look der \"Reds\" neu definiert hat, indem es die <strong data-start=\"364\" data-end=\"376\">Tradition<\/strong> z <strong data-start=\"379\" data-end=\"401\">moderner Stil<\/strong> und eine pr\u00e4zise Ausf\u00fchrung.<\/p>\n<p data-start=\"433\" data-end=\"1073\">Das T-Shirt wird gepflegt in <strong data-start=\"459\" data-end=\"492\">intensiv rote Farbe<\/strong>gebrochen <strong data-start=\"506\" data-end=\"541\">wei\u00dfe und zeladonfarbene Details<\/strong>. Die kontrastierenden Akzente erscheinen auf <strong data-start=\"582\" data-end=\"640\">Kragen, \u00c4rmelenden und Seiten des Hemdes<\/strong>was zu seiner Frische und Eleganz beitr\u00e4gt. Die Vorderseite zeigt <strong data-start=\"700\" data-end=\"721\">Wappen des FC Liverpool<\/strong>, Logo <strong data-start=\"728\" data-end=\"736\">Nike<\/strong> und <strong data-start=\"742\" data-end=\"780\">Impressum des Sponsors Standard Chartered<\/strong>und auf den \u00c4rmeln sind <strong data-start=\"810\" data-end=\"849\">Original-Embleme der Premier League<\/strong>Die R\u00fcckseite des T-Shirts ist mit einem dekorativen Muster verziert. Die R\u00fcckseite des T-Shirts ist verziert mit <strong data-start=\"910\" data-end=\"927\">Thiago Druck<\/strong>, ein spanischer Mittelfeldspieler, der erst in dieser Saison zum Verein gesto\u00dfen ist, bringt technisches K\u00f6nnen und Erfahrung in die Mannschaft ein.<\/p>\n<p data-start=\"1075\" data-end=\"1239\">Das Modell ist hergestellt aus <strong data-start=\"1092\" data-end=\"1113\">Dri-FIT-Material<\/strong> mit hoher Atmungsaktivit\u00e4t, die f\u00fcr Leichtigkeit, Flexibilit\u00e4t und Tragekomfort sorgt - sowohl beim Spiel als auch im Alltag.<\/p>\n<p data-start=\"1241\" data-end=\"1506\" data-is-last-node=\"\" data-is-only-node=\"\">Dies ist eine ausgezeichnete Option f\u00fcr <strong data-start=\"1269\" data-end=\"1292\">Fans des FC Liverpool<\/strong>, <strong data-start=\"1294\" data-end=\"1350\">Sammler von original Nike-Fu\u00dfballtrikots<\/strong> und Liebhaber von <strong data-start=\"1367\" data-end=\"1432\">moderne Designs mit subtilen klassischen Referenzen<\/strong>die den Geist von Anfield und die Leidenschaft des roten Teils der Merseyside perfekt einfangen.<\/p>","protected":false},"featured_media":70978,"template":"","meta":{"_kad_blocks_custom_css":"","_kad_blocks_head_custom_js":"","_kad_blocks_body_custom_js":"","_kad_blocks_footer_custom_js":"","_kad_post_transparent":"default","_kad_post_title":"","_kad_post_layout":"default","_kad_post_sidebar_id":"","_kad_post_content_style":"default","_kad_post_vertical_padding":"default","_kad_post_feature":"","_kad_post_feature_position":"","_kad_post_header":false,"_kad_post_footer":false,"_kad_post_classname":""},"product_brand":[1284],"product_cat":[1464],"product_tag":[],"class_list":{"0":"post-70765","1":"product","2":"type-product","3":"status-publish","4":"has-post-thumbnail","6":"product_brand-nike","7":"product_cat-liverpool","8":"pa_homeawaythird-home","9":"pa_rozmiar-s","11":"first","12":"instock","13":"sale","14":"taxable","15":"shipping-taxable","16":"purchasable","17":"product-type-simple","18":"entry","19":"content-bg","20":"loop-entry"},"taxonomy_info":{"product_brand":[{"value":1284,"label":"Nike"}],"product_cat":[{"value":1464,"label":"Liverpool FC"}],"pa_homeawaythird":[{"value":1597,"label":"Home"}],"pa_rozmiar":[{"value":1815,"label":"S"}]},"featured_image_src_large":["https:\/\/footballthrift.shop\/wp-content\/uploads\/2025\/04\/Photoroom_049_20250401_204322-1024x1024.png",1024,1024,true],"author_info":[],"comment_info":"","_links":{"self":[{"href":"https:\/\/footballthrift.shop\/de\/wp-json\/wp\/v2\/product\/70765","targetHints":{"allow":["GET"]}}],"collection":[{"href":"https:\/\/footballthrift.shop\/de\/wp-json\/wp\/v2\/product"}],"about":[{"href":"https:\/\/footballthrift.shop\/de\/wp-json\/wp\/v2\/types\/product"}],"wp:featuredmedia":[{"embeddable":true,"href":"https:\/\/footballthrift.shop\/de\/wp-json\/wp\/v2\/media\/70978"}],"wp:attachment":[{"href":"https:\/\/footballthrift.shop\/de\/wp-json\/wp\/v2\/media?parent=70765"}],"wp:term":[{"taxonomy":"product_brand","embeddable":true,"href":"https:\/\/footballthrift.shop\/de\/wp-json\/wp\/v2\/product_brand?post=70765"},{"taxonomy":"product_cat","embeddable":true,"href":"https:\/\/footballthrift.shop\/de\/wp-json\/wp\/v2\/product_cat?post=70765"},{"taxonomy":"product_tag","embeddable":true,"href":"https:\/\/footballthrift.shop\/de\/wp-json\/wp\/v2\/product_tag?post=70765"}],"curies":[{"name":"wp","href":"https:\/\/api.w.org\/{rel}","templated":true}]}}