{"id":70756,"date":"2025-04-05T17:57:34","date_gmt":"2025-04-05T15:57:34","guid":{"rendered":"https:\/\/footballthrift.shop\/?post_type=product&#038;p=70756"},"modified":"2026-03-09T11:29:10","modified_gmt":"2026-03-09T10:29:10","slug":"inter-mediolan-2021-22-third-yxl","status":"publish","type":"product","link":"https:\/\/footballthrift.shop\/de\/inter-mediolan-2021-22-third-yxl\/","title":{"rendered":"Koszulka pi\u0142karska Inter Mediolan 2021\/22 Third [164 cm]"},"content":{"rendered":"<p><strong>Verein:<\/strong> Inter Mailand<\/p>\n<p><strong>Saison:<\/strong> 2021\/22 Dritter<\/p>\n<p><strong>Gr\u00f6\u00dfe: <\/strong>164 cm<\/p>\n<p><strong>Zustand:<\/strong> Zufriedenstellend - eine gro\u00dfe Anzahl von Mikron\u00e4hten auf dem gesamten Hemd.<\/p>\n<p><strong>Ma\u00dfe (Achselbreite\/L\u00e4nge) in cm: <\/strong>47\/64<\/p>","protected":false},"excerpt":{"rendered":"<p data-start=\"0\" data-end=\"129\"><strong data-start=\"0\" data-end=\"129\">Original Inter Mailand Fu\u00dfballtrikot aus der Saison 2021\/22 - dritter Satz, hergestellt von Nike, Jugendgr\u00f6\u00dfe (164 cm).<\/strong><\/p>\n<p data-start=\"131\" data-end=\"698\">Diese <strong data-start=\"134\" data-end=\"183\">Original Inter Mailand Fu\u00dfballtrikot<\/strong> aus der Saison <strong data-start=\"193\" data-end=\"204\">2021\/22<\/strong> ist das offizielle Modell des dritten Spieltrikots, hergestellt von der Firma <strong data-start=\"280\" data-end=\"288\">Nike<\/strong> w <strong data-start=\"291\" data-end=\"335\">Jugendgr\u00f6\u00dfe f\u00fcr 164 cm K\u00f6rpergr\u00f6\u00dfe<\/strong>. Es ist ein einzigartiges Design, das durch sein modernes und mutiges Design auff\u00e4llt - das T-Shirt zeigt ein <strong data-start=\"429\" data-end=\"444\">schwarzer Sockel<\/strong>auf dem die <strong data-start=\"468\" data-end=\"494\">farbige, diagonale Streifen. <\/strong>Dieses geometrische Muster verleiht dem Gesamtdesign einen dynamischen und futuristischen Charakter und passt perfekt zum Konzept der modernen visuellen Identit\u00e4t des Clubs.<\/p>\n<p data-start=\"700\" data-end=\"1076\">Auf der Brust befindet sich ein <strong data-start=\"723\" data-end=\"769\">Das neue minimalistische Logo von Inter Mailand<\/strong>die f\u00fcr die Saison 2021\/22 eingef\u00fchrt wurde, mit dem daneben stehenden Logo <strong data-start=\"846\" data-end=\"854\">Nike. <\/strong>Das T-Shirt ist aus leichtem, atmungsaktivem Stoff mit Technologie hergestellt <strong data-start=\"991\" data-end=\"1007\">Nike Dri-FIT<\/strong>und bietet sowohl auf dem Spielfeld als auch im Alltag hohen Tragekomfort.<\/p>\n<p data-start=\"1078\" data-end=\"1491\">Die Saison 2021\/22 war f\u00fcr Inter nach dem Gewinn der Meisterschaft im Vorjahr eine \u00dcbergangszeit. Der Verein trat an in <strong data-start=\"1192\" data-end=\"1239\">Serie A, italienischer Pokal und Champions League<\/strong>Die Mannschaft pr\u00e4sentierte offensiven Fu\u00dfball und setzte den Aufbau einer modernen Marke fort. Das dritte Spieltrikot, mit dem die Mannschaft unter anderem in europ\u00e4ischen Wettbewerben antrat, erregte dank seiner mutigen \u00c4sthetik und dem Bruch mit dem traditionellen Look gro\u00dfes Interesse.<\/p>\n<p data-start=\"1493\" data-end=\"1969\" data-is-last-node=\"\" data-is-only-node=\"\">Dies ist eine ausgezeichnete Option f\u00fcr <strong data-start=\"1521\" data-end=\"1545\">junge Inter-Fans<\/strong>als auch f\u00fcr <strong data-start=\"1559\" data-end=\"1608\">Sammler von Original-Fu\u00dfballtrikots <\/strong>mit einem ungew\u00f6hnlichen Design. Das T-Shirt kombiniert <strong data-start=\"1659\" data-end=\"1723\">moderner Stil, Clubidentit\u00e4t und hoher Tragekomfort<\/strong> - ist eine gute Wahl sowohl f\u00fcr das Spiel als auch als allt\u00e4gliches Styling-Element f\u00fcr italienische Fu\u00dfballfans. <strong data-start=\"1839\" data-end=\"1854\">Authentisch<\/strong>Auff\u00e4llig und voller Fu\u00dfballgeist - dieses T-Shirt ist ein echter Leckerbissen f\u00fcr jeden Fu\u00dfballfan. <strong>Nerazzurri.<\/strong><\/p>","protected":false},"featured_media":70903,"template":"","meta":{"_kad_blocks_custom_css":"","_kad_blocks_head_custom_js":"","_kad_blocks_body_custom_js":"","_kad_blocks_footer_custom_js":"","_kad_post_transparent":"default","_kad_post_title":"","_kad_post_layout":"default","_kad_post_sidebar_id":"","_kad_post_content_style":"default","_kad_post_vertical_padding":"default","_kad_post_feature":"","_kad_post_feature_position":"","_kad_post_header":false,"_kad_post_footer":false,"_kad_post_classname":""},"product_brand":[1284],"product_cat":[1458,2017],"product_tag":[],"class_list":{"0":"post-70756","1":"product","2":"type-product","3":"status-publish","4":"has-post-thumbnail","6":"product_brand-nike","7":"product_cat-kluby-wloskie-intermediolan","8":"product_cat-koszulki-mlodziezowe","9":"pa_homeawaythird-third","10":"pa_rozmiar-164-cm","12":"first","13":"instock","14":"taxable","15":"shipping-taxable","16":"purchasable","17":"product-type-simple","18":"entry","19":"content-bg","20":"loop-entry"},"taxonomy_info":{"product_brand":[{"value":1284,"label":"Nike"}],"product_cat":[{"value":1458,"label":"Inter Mediolan"},{"value":2017,"label":"KOSZULKI M\u0141ODZIE\u017bOWE"}],"pa_homeawaythird":[{"value":1599,"label":"Third"}],"pa_rozmiar":[{"value":2018,"label":"164 cm"}]},"featured_image_src_large":["https:\/\/footballthrift.shop\/wp-content\/uploads\/2025\/04\/Photoroom_092_20250401_204322-1-1024x1024.png",1024,1024,true],"author_info":[],"comment_info":"","_links":{"self":[{"href":"https:\/\/footballthrift.shop\/de\/wp-json\/wp\/v2\/product\/70756","targetHints":{"allow":["GET"]}}],"collection":[{"href":"https:\/\/footballthrift.shop\/de\/wp-json\/wp\/v2\/product"}],"about":[{"href":"https:\/\/footballthrift.shop\/de\/wp-json\/wp\/v2\/types\/product"}],"wp:featuredmedia":[{"embeddable":true,"href":"https:\/\/footballthrift.shop\/de\/wp-json\/wp\/v2\/media\/70903"}],"wp:attachment":[{"href":"https:\/\/footballthrift.shop\/de\/wp-json\/wp\/v2\/media?parent=70756"}],"wp:term":[{"taxonomy":"product_brand","embeddable":true,"href":"https:\/\/footballthrift.shop\/de\/wp-json\/wp\/v2\/product_brand?post=70756"},{"taxonomy":"product_cat","embeddable":true,"href":"https:\/\/footballthrift.shop\/de\/wp-json\/wp\/v2\/product_cat?post=70756"},{"taxonomy":"product_tag","embeddable":true,"href":"https:\/\/footballthrift.shop\/de\/wp-json\/wp\/v2\/product_tag?post=70756"}],"curies":[{"name":"wp","href":"https:\/\/api.w.org\/{rel}","templated":true}]}}