{"id":70753,"date":"2025-04-05T17:57:36","date_gmt":"2025-04-05T15:57:36","guid":{"rendered":"https:\/\/footballthrift.shop\/?post_type=product&#038;p=70753"},"modified":"2026-03-09T11:29:09","modified_gmt":"2026-03-09T10:29:09","slug":"spiel-ausgabe-fc-nurnberg-2012-14-auswarts-4-m-antonio-xl","status":"publish","type":"product","link":"https:\/\/footballthrift.shop\/de\/match-issue-fc-nurnberg-2012-14-away-4-m-antonio-xl\/","title":{"rendered":"Koszulka pi\u0142karska MATCH ISSUE FC Nurnberg 2012\/14 Away 4 M. Antonio [XL]"},"content":{"rendered":"<p><strong>Verein:<\/strong> FC N\u00fcrnberg<\/p>\n<p><strong>Saison:<\/strong> 2012\/14 Ausw\u00e4rts<\/p>\n<p><strong>Gr\u00f6\u00dfe: <\/strong>XL<\/p>\n<p><strong>Zustand:<\/strong> Sehr gut - ein paar kleine Verschmutzungen, m\u00f6glicherweise durch Nicken.<\/p>\n<p><strong>Ma\u00dfe (Achselbreite\/L\u00e4nge) in cm: <\/strong>55\/73<\/p>","protected":false},"excerpt":{"rendered":"<p data-start=\"0\" data-end=\"96\"><strong data-start=\"0\" data-end=\"94\">Das Original FC N\u00fcrnberg Ausw\u00e4rtsspieltrikot aus den Saisons 2012-2014 - hergestellt von Adidas.\u00a0<\/strong><\/p>\n<p data-start=\"98\" data-end=\"459\">Diese einzigartige <strong data-start=\"111\" data-end=\"154\">Original FC N\u00fcrnberg Spieltrikot<\/strong> in Gr\u00f6\u00dfe XL ist ein authentisches St\u00fcck, das f\u00fcr 'Der Club' Spieler entworfen wurde. Es stammt aus den Saisons 2012-2014 und zeichnet sich durch seine <strong data-start=\"280\" data-end=\"309\">Marcos Ant\u00f4nio Druck<\/strong> - ein Spieler, der nur einmal f\u00fcr den Verein gespielt hat. <strong data-start=\"363\" data-end=\"395\">einmal in einem offiziellen Spiel<\/strong>Das macht dieses Exemplar zu einem \u00e4u\u00dferst seltenen und begehrten Sammlerst\u00fcck.<\/p>\n<p data-start=\"461\" data-end=\"961\">Das Modell wurde entworfen von <strong data-start=\"495\" data-end=\"506\">Adidas<\/strong> im Klassiker, <strong data-start=\"521\" data-end=\"539\">wei\u00dfer Farbe<\/strong>die sie brechen <strong data-start=\"558\" data-end=\"591\">d\u00fcnne burgunderfarbene vertikale Streifen<\/strong> die sich \u00fcber die Vorderseite des Trikots erstreckt. Die Brust bietet <strong data-start=\"645\" data-end=\"665\">FC N\u00fcrnberg Wappen<\/strong>, Logo <strong data-start=\"672\" data-end=\"683\">Adidas<\/strong> und das Merkmal <strong data-start=\"707\" data-end=\"737\">Sponsor Impressum \"Der Club\"<\/strong>, eine Anspielung auf den traditionellen Spitznamen der Mannschaft. Der \u00c4rmel zeigt <strong data-start=\"812\" data-end=\"832\">Bundesliga-Patch<\/strong>Dies best\u00e4tigt den Matchwinner-Charakter dieses Exemplars und seine authentische Herkunft aus Deutschlands h\u00f6chster Wettkampfklasse.<\/p>\n<p data-start=\"963\" data-end=\"1205\">Das T-Shirt ist hergestellt aus <strong data-start=\"991\" data-end=\"1025\">Technisches Material von Formotion<\/strong>die in den Spielversionen der Outfits verwendet werden - ist <strong data-start=\"1075\" data-end=\"1117\">Leichter, d\u00fcnner und flexibler<\/strong> als die Nachbildungen aus dem Laden, was maximalen Komfort und Atmungsaktivit\u00e4t w\u00e4hrend des Spiels garantiert.<\/p>\n<p data-start=\"1207\" data-end=\"1516\" data-is-last-node=\"\" data-is-only-node=\"\">Dies ist eine \u00e4u\u00dferst wertvolle Position f\u00fcr <strong data-start=\"1238\" data-end=\"1287\">Sammler von Original-Spieltrikots<\/strong>Fans <strong data-start=\"1295\" data-end=\"1310\">FC N\u00fcrnberg<\/strong> und Liebhaber von <strong data-start=\"1327\" data-end=\"1351\">deutscher Fu\u00dfball<\/strong>Sie suchen nach seltenen St\u00fccken mit einem einzigartigen Kontext - etwa dem Trikot eines Spielers, der mit einer einzigen, aber au\u00dfergew\u00f6hnlichen Leistung Vereinsgeschichte geschrieben hat.<\/p>","protected":false},"featured_media":70872,"template":"","meta":{"_kad_blocks_custom_css":"","_kad_blocks_head_custom_js":"","_kad_blocks_body_custom_js":"","_kad_blocks_footer_custom_js":"","_kad_post_transparent":"default","_kad_post_title":"","_kad_post_layout":"default","_kad_post_sidebar_id":"","_kad_post_content_style":"default","_kad_post_vertical_padding":"default","_kad_post_feature":"","_kad_post_feature_position":"","_kad_post_header":false,"_kad_post_footer":false,"_kad_post_classname":""},"product_brand":[1283],"product_cat":[1490,1409],"product_tag":[],"class_list":{"0":"post-70753","1":"product","2":"type-product","3":"status-publish","4":"has-post-thumbnail","6":"product_brand-adidas","7":"product_cat-pozostale-kluby-niemieckie","8":"product_cat-match-worn-issue","9":"pa_homeawaythird-away","10":"pa_rozmiar-xl","12":"first","13":"instock","14":"taxable","15":"shipping-taxable","16":"purchasable","17":"product-type-simple","18":"entry","19":"content-bg","20":"loop-entry"},"taxonomy_info":{"product_brand":[{"value":1283,"label":"Adidas"}],"product_cat":[{"value":1490,"label":"Pozosta\u0142e kluby niemieckie"},{"value":1409,"label":"MATCH WORN &amp; ISSUE"}],"pa_homeawaythird":[{"value":1598,"label":"Away"}],"pa_rozmiar":[{"value":1818,"label":"XL"}]},"featured_image_src_large":["https:\/\/footballthrift.shop\/wp-content\/uploads\/2025\/04\/Photoroom_071_20250401_204322-1024x1024.png",1024,1024,true],"author_info":[],"comment_info":"","_links":{"self":[{"href":"https:\/\/footballthrift.shop\/de\/wp-json\/wp\/v2\/product\/70753","targetHints":{"allow":["GET"]}}],"collection":[{"href":"https:\/\/footballthrift.shop\/de\/wp-json\/wp\/v2\/product"}],"about":[{"href":"https:\/\/footballthrift.shop\/de\/wp-json\/wp\/v2\/types\/product"}],"wp:featuredmedia":[{"embeddable":true,"href":"https:\/\/footballthrift.shop\/de\/wp-json\/wp\/v2\/media\/70872"}],"wp:attachment":[{"href":"https:\/\/footballthrift.shop\/de\/wp-json\/wp\/v2\/media?parent=70753"}],"wp:term":[{"taxonomy":"product_brand","embeddable":true,"href":"https:\/\/footballthrift.shop\/de\/wp-json\/wp\/v2\/product_brand?post=70753"},{"taxonomy":"product_cat","embeddable":true,"href":"https:\/\/footballthrift.shop\/de\/wp-json\/wp\/v2\/product_cat?post=70753"},{"taxonomy":"product_tag","embeddable":true,"href":"https:\/\/footballthrift.shop\/de\/wp-json\/wp\/v2\/product_tag?post=70753"}],"curies":[{"name":"wp","href":"https:\/\/api.w.org\/{rel}","templated":true}]}}