{"id":69810,"date":"2025-03-23T17:57:36","date_gmt":"2025-03-23T16:57:36","guid":{"rendered":"https:\/\/footballthrift.shop\/?post_type=product&#038;p=69810"},"modified":"2026-03-09T11:29:38","modified_gmt":"2026-03-09T10:29:38","slug":"spiel-ausgabe-u21-vfl-wolfsburg-2005-06-heim-21-ebeling-l","status":"publish","type":"product","link":"https:\/\/footballthrift.shop\/de\/match-issue-u21-vfl-wolfsburg-2005-06-home-21-ebeling-l\/","title":{"rendered":"Koszulka pi\u0142karska MATCH ISSUE VFL Wolfsburg II 2005\/06 Home 21 Ebeling [L]"},"content":{"rendered":"<p><strong>Verein:<\/strong> VFL Wolfsburg II<\/p>\n<p><strong>Saison:<\/strong> 2005\/06 Heim<\/p>\n<p><strong>Gr\u00f6\u00dfe: <\/strong>L<\/p>\n<p><strong>Zustand:<\/strong> Gut - leicht besch\u00e4digter Sponsorenaufdruck auf der Vorderseite.<\/p>\n<p><strong>Ma\u00dfe (Achselbreite\/L\u00e4nge) in cm: <\/strong>54\/72<\/p>","protected":false},"excerpt":{"rendered":"<article class=\"text-token-text-primary w-full focus:outline-none [--shadow-height:45px] has-data-writing-block:pointer-events-none has-data-writing-block:-mt-(--shadow-height) has-data-writing-block:pt-(--shadow-height) [&amp;:has([data-writing-block])&gt;*]:pointer-events-auto [content-visibility:auto] supports-[content-visibility:auto]:[contain-intrinsic-size:auto_100lvh] scroll-mt-[calc(var(--header-height)+min(200px,max(70px,20svh)))]\" dir=\"auto\" tabindex=\"-1\" data-turn-id=\"request-68e7ba2f-f020-832b-8c95-839062483b95-6\" data-testid=\"conversation-turn-62\" data-scroll-anchor=\"true\" data-turn=\"assistant\">\n<div class=\"text-base my-auto mx-auto pb-10 [--thread-content-margin:--spacing(4)] thread-sm:[--thread-content-margin:--spacing(6)] thread-lg:[--thread-content-margin:--spacing(16)] px-(--thread-content-margin)\">\n<div class=\"[--thread-content-max-width:40rem] thread-lg:[--thread-content-max-width:48rem] mx-auto max-w-(--thread-content-max-width) flex-1 group\/turn-messages focus-visible:outline-hidden relative flex w-full min-w-0 flex-col agent-turn\" tabindex=\"-1\">\n<div class=\"flex max-w-full flex-col grow\">\n<div class=\"min-h-8 text-message relative flex w-full flex-col items-end gap-2 text-start break-words whitespace-normal [.text-message+&amp;]:mt-1\" dir=\"auto\" data-message-author-role=\"assistant\" data-message-id=\"46566b88-2038-4503-8ef9-7a4f9b445642\" data-message-model-slug=\"gpt-5\">\n<div class=\"flex w-full flex-col gap-1 empty:hidden first:pt-[1px]\">\n<div class=\"markdown prose dark:prose-invert w-full break-words light markdown-new-styling\">\n<p data-start=\"0\" data-end=\"84\"><strong data-start=\"0\" data-end=\"82\">Oryginalna koszulka pi\u0142karska VfL Wolfsburg z sezonu 2005\/06 \u2013 produkcji Nike.\u00a0<\/strong><\/p>\n<p data-start=\"86\" data-end=\"514\">Ta <strong data-start=\"89\" data-end=\"136\">oryginalna koszulka pi\u0142karska VfL Wolfsburg<\/strong> w rozmiarze L pochodzi z dru\u017cyny m\u0142odzie\u017cowej klubu z Dolnej Saksonii. Na plecach widnieje <strong data-start=\"228\" data-end=\"253\">nadruk Larsa Ebelinga<\/strong> \u2013 zawodnika, kt\u00f3ry reprezentowa\u0142 barwy akademii Wolfsburga, lecz ostatecznie zako\u0144czy\u0142 karier\u0119 w 2007 roku, nie docieraj\u0105c do seniorskiej pi\u0142ki. To wyj\u0105tkowy, autentyczny egzemplarz zwi\u0105zany z histori\u0105 niemieckiego futbolu m\u0142odzie\u017cowego po\u0142owy lat 2000.<\/p>\n<p data-start=\"516\" data-end=\"997\">Koszulka oparta jest na <strong data-start=\"540\" data-end=\"569\">klasycznym szablonie Nike<\/strong> z tamtego okresu, utrzymanym w <strong data-start=\"601\" data-end=\"625\">zielonej kolorystyce<\/strong>, charakterystycznej dla klubowych barw \u201eWilk\u00f3w\u201d. Na froncie znajduje si\u0119 <strong data-start=\"699\" data-end=\"729\">nadruk sponsora Volkswagen<\/strong>, a na jednym z r\u0119kawk\u00f3w umieszczono <strong data-start=\"766\" data-end=\"788\">subtelne logo Nike<\/strong>, podczas gdy drugi zdobi <strong data-start=\"814\" data-end=\"847\">patch rozgrywek m\u0142odzie\u017cowych<\/strong>, podkre\u015blaj\u0105cy autentyczne pochodzenie modelu. Ca\u0142o\u015b\u0107 utrzymana jest w prostym, minimalistycznym stylu, typowym dla projekt\u00f3w Nike z po\u0142owy dekady.<\/p>\n<p data-start=\"999\" data-end=\"1129\">Koszulka wykonana zosta\u0142a z <strong data-start=\"1027\" data-end=\"1071\">lekkiego, przewiewnego materia\u0142u Dri-FIT<\/strong>, kt\u00f3ry zapewnia komfort, trwa\u0142o\u015b\u0107 i wygod\u0119 u\u017cytkowania.<\/p>\n<p data-start=\"1131\" data-end=\"1390\" data-is-last-node=\"\" data-is-only-node=\"\">To znakomita propozycja dla <strong data-start=\"1159\" data-end=\"1215\">kolekcjoner\u00f3w oryginalnych koszulek pi\u0142karskich Nike<\/strong>, fan\u00f3w <strong data-start=\"1223\" data-end=\"1240\">VfL Wolfsburg<\/strong> oraz mi\u0142o\u015bnik\u00f3w <strong data-start=\"1257\" data-end=\"1290\">rzadkich modeli m\u0142odzie\u017cowych<\/strong>, kt\u00f3re stanowi\u0105 ciekaw\u0105 cz\u0119\u015b\u0107 historii klubowej akademii i niemieckiego futbolu pocz\u0105tku XXI wieku.<\/p>\n<\/div>\n<\/div>\n<\/div>\n<\/div>\n<\/div>\n<\/div>\n<\/article>\n","protected":false},"featured_media":70515,"template":"","meta":{"_kad_blocks_custom_css":"","_kad_blocks_head_custom_js":"","_kad_blocks_body_custom_js":"","_kad_blocks_footer_custom_js":"","_kad_post_transparent":"default","_kad_post_title":"","_kad_post_layout":"default","_kad_post_sidebar_id":"","_kad_post_content_style":"default","_kad_post_vertical_padding":"default","_kad_post_feature":"","_kad_post_feature_position":"","_kad_post_header":false,"_kad_post_footer":false,"_kad_post_classname":""},"product_brand":[1284],"product_cat":[1482,1409],"product_tag":[],"class_list":{"0":"post-69810","1":"product","2":"type-product","3":"status-publish","4":"has-post-thumbnail","6":"product_brand-nike","7":"product_cat-kluby-niemieckie-vflwolfsburg","8":"product_cat-match-worn-issue","9":"pa_homeawaythird-home","10":"pa_rozmiar-l","12":"first","13":"instock","14":"taxable","15":"shipping-taxable","16":"purchasable","17":"product-type-simple","18":"entry","19":"content-bg","20":"loop-entry"},"taxonomy_info":{"product_brand":[{"value":1284,"label":"Nike"}],"product_cat":[{"value":1482,"label":"VFL Wolfsburg"},{"value":1409,"label":"MATCH WORN &amp; ISSUE"}],"pa_homeawaythird":[{"value":1597,"label":"Home"}],"pa_rozmiar":[{"value":1817,"label":"L"}]},"featured_image_src_large":["https:\/\/footballthrift.shop\/wp-content\/uploads\/2025\/03\/Photoroom_091_20250322_192504-2-1024x1024.png",1024,1024,true],"author_info":[],"comment_info":"","_links":{"self":[{"href":"https:\/\/footballthrift.shop\/de\/wp-json\/wp\/v2\/product\/69810","targetHints":{"allow":["GET"]}}],"collection":[{"href":"https:\/\/footballthrift.shop\/de\/wp-json\/wp\/v2\/product"}],"about":[{"href":"https:\/\/footballthrift.shop\/de\/wp-json\/wp\/v2\/types\/product"}],"wp:featuredmedia":[{"embeddable":true,"href":"https:\/\/footballthrift.shop\/de\/wp-json\/wp\/v2\/media\/70515"}],"wp:attachment":[{"href":"https:\/\/footballthrift.shop\/de\/wp-json\/wp\/v2\/media?parent=69810"}],"wp:term":[{"taxonomy":"product_brand","embeddable":true,"href":"https:\/\/footballthrift.shop\/de\/wp-json\/wp\/v2\/product_brand?post=69810"},{"taxonomy":"product_cat","embeddable":true,"href":"https:\/\/footballthrift.shop\/de\/wp-json\/wp\/v2\/product_cat?post=69810"},{"taxonomy":"product_tag","embeddable":true,"href":"https:\/\/footballthrift.shop\/de\/wp-json\/wp\/v2\/product_tag?post=69810"}],"curies":[{"name":"wp","href":"https:\/\/api.w.org\/{rel}","templated":true}]}}