{"id":69783,"date":"2025-03-23T17:57:30","date_gmt":"2025-03-23T16:57:30","guid":{"rendered":"https:\/\/footballthrift.shop\/?post_type=product&#038;p=69783"},"modified":"2026-03-09T11:29:39","modified_gmt":"2026-03-09T10:29:39","slug":"fc-bayern-monachium-2007-09-home-xl","status":"publish","type":"product","link":"https:\/\/footballthrift.shop\/de\/fc-bayern-monachium-2007-09-home-xl\/","title":{"rendered":"Koszulka pi\u0142karska FC Bayern Monachium 2007\/09 Home [XL]"},"content":{"rendered":"<p><strong>Verein:<\/strong> FC Bayern M\u00fcnchen<\/p>\n<p><strong>Saison:<\/strong> 2007\/09 Startseite<\/p>\n<p><strong>Gr\u00f6\u00dfe: <\/strong>XL<\/p>\n<p><strong>Zustand:<\/strong> Ausgezeichnet<\/p>\n<p><strong>Ma\u00dfe (Achselbreite\/L\u00e4nge) in cm: <\/strong>60\/80<\/p>","protected":false},"excerpt":{"rendered":"<p data-start=\"0\" data-end=\"97\"><strong data-start=\"0\" data-end=\"95\">Original Bayern M\u00fcnchen Heim-Fu\u00dfballtrikot von 2007-2009 - hergestellt von Adidas.\u00a0<\/strong><\/p>\n<p data-start=\"99\" data-end=\"401\">Diese <strong data-start=\"102\" data-end=\"153\">Original Bayern M\u00fcnchen Fu\u00dfballtrikot<\/strong> in Gr\u00f6\u00dfe XL ist ein klassisches Modell aus dem Ende des ersten Jahrzehnts des 21. Jahrhunderts - einer Zeit, in der der Verein aus der Allianz Arena die Bundesliga dominierte und seine Outfits Tradition mit dem f\u00fcr seine Designs charakteristischen modernen Stil verbanden <strong data-start=\"373\" data-end=\"384\">Adidas<\/strong> dieser Jahre.<\/p>\n<p data-start=\"403\" data-end=\"876\">Das Trikot wird in Bayerns charakteristischem Design gehalten <strong data-start=\"460\" data-end=\"491\">rote und wei\u00dfe Farben<\/strong>, z <strong data-start=\"495\" data-end=\"523\">dicke horizontale Streifen<\/strong> die quer \u00fcber die Vorderseite verl\u00e4uft und ein auff\u00e4lliges und erkennbares Muster bildet. Die Brust weist folgende Merkmale auf <strong data-start=\"613\" data-end=\"639\">Wappen des FC Bayern M\u00fcnchen<\/strong>, <strong data-start=\"641\" data-end=\"657\">Adidas-Logo<\/strong> und <strong data-start=\"663\" data-end=\"689\">T-Home Sponsor Impressum<\/strong>was die Authentizit\u00e4t und den Spieltagscharakter des Modells unterstreicht. Der schlichte Schnitt und die solide Verarbeitung verleihen ihm einen klassischen Look, der bei den Bayern-Fans bis heute beliebt ist.<\/p>\n<p data-start=\"878\" data-end=\"1082\">Das T-Shirt ist hergestellt aus <strong data-start=\"906\" data-end=\"942\">technisches ClimaCool-Material<\/strong>Sie bietet Atmungsaktivit\u00e4t, Komfort und Strapazierf\u00e4higkeit und eignet sich daher sowohl zum Tragen als auch als Teil einer Kollektion.<\/p>\n<p data-start=\"1084\" data-end=\"1327\" data-is-last-node=\"\" data-is-only-node=\"\">Es ist ein ideales Angebot f\u00fcr <strong data-start=\"1110\" data-end=\"1169\">Sammler von original Adidas-Fu\u00dfballtrikots<\/strong>, <strong data-start=\"1171\" data-end=\"1198\">Bayern M\u00fcnchen Fans<\/strong> und Liebhaber von <strong data-start=\"1215\" data-end=\"1254\">Retro-Projekte aus der Zeit um die 2000er Jahre<\/strong>die Schlichtheit, Qualit\u00e4t und den zeitlosen Stil des bayerischen Riesen vereint.<\/p>","protected":false},"featured_media":70024,"template":"","meta":{"_kad_blocks_custom_css":"","_kad_blocks_head_custom_js":"","_kad_blocks_body_custom_js":"","_kad_blocks_footer_custom_js":"","_kad_post_transparent":"default","_kad_post_title":"","_kad_post_layout":"default","_kad_post_sidebar_id":"","_kad_post_content_style":"default","_kad_post_vertical_padding":"default","_kad_post_feature":"","_kad_post_feature_position":"","_kad_post_header":false,"_kad_post_footer":false,"_kad_post_classname":""},"product_brand":[1283],"product_cat":[1455],"product_tag":[],"class_list":{"0":"post-69783","1":"product","2":"type-product","3":"status-publish","4":"has-post-thumbnail","6":"product_brand-adidas","7":"product_cat-kluby-niemieckie-fcbayernmonachium","8":"pa_homeawaythird-home","9":"pa_rozmiar-xl","11":"first","12":"instock","13":"taxable","14":"shipping-taxable","15":"purchasable","16":"product-type-simple","17":"entry","18":"content-bg","19":"loop-entry"},"taxonomy_info":{"product_brand":[{"value":1283,"label":"Adidas"}],"product_cat":[{"value":1455,"label":"FC Bayern Monachium"}],"pa_homeawaythird":[{"value":1597,"label":"Home"}],"pa_rozmiar":[{"value":1818,"label":"XL"}]},"featured_image_src_large":["https:\/\/footballthrift.shop\/wp-content\/uploads\/2025\/03\/Photoroom_098_20250322_192504-1024x1024.png",1024,1024,true],"author_info":[],"comment_info":"","_links":{"self":[{"href":"https:\/\/footballthrift.shop\/de\/wp-json\/wp\/v2\/product\/69783","targetHints":{"allow":["GET"]}}],"collection":[{"href":"https:\/\/footballthrift.shop\/de\/wp-json\/wp\/v2\/product"}],"about":[{"href":"https:\/\/footballthrift.shop\/de\/wp-json\/wp\/v2\/types\/product"}],"wp:featuredmedia":[{"embeddable":true,"href":"https:\/\/footballthrift.shop\/de\/wp-json\/wp\/v2\/media\/70024"}],"wp:attachment":[{"href":"https:\/\/footballthrift.shop\/de\/wp-json\/wp\/v2\/media?parent=69783"}],"wp:term":[{"taxonomy":"product_brand","embeddable":true,"href":"https:\/\/footballthrift.shop\/de\/wp-json\/wp\/v2\/product_brand?post=69783"},{"taxonomy":"product_cat","embeddable":true,"href":"https:\/\/footballthrift.shop\/de\/wp-json\/wp\/v2\/product_cat?post=69783"},{"taxonomy":"product_tag","embeddable":true,"href":"https:\/\/footballthrift.shop\/de\/wp-json\/wp\/v2\/product_tag?post=69783"}],"curies":[{"name":"wp","href":"https:\/\/api.w.org\/{rel}","templated":true}]}}