{"id":69778,"date":"2025-03-23T17:57:34","date_gmt":"2025-03-23T16:57:34","guid":{"rendered":"https:\/\/footballthrift.shop\/?post_type=product&#038;p=69778"},"modified":"2026-03-09T11:29:39","modified_gmt":"2026-03-09T10:29:39","slug":"fc-bayern-monachium-2004-05-home-xl-2","status":"publish","type":"product","link":"https:\/\/footballthrift.shop\/de\/fc-bayern-monachium-2004-05-home-xl-2\/","title":{"rendered":"Koszulka pi\u0142karska FC Bayern Monachium 2004\/05 Home [XL]"},"content":{"rendered":"<p><strong>Verein:<\/strong> FC Bayern M\u00fcnchen<\/p>\n<p><strong>Saison:<\/strong> 2004\/05 Heim<\/p>\n<p><strong>Gr\u00f6\u00dfe: <\/strong>XL<\/p>\n<p><strong>Zustand:<\/strong> Sehr gut - ein Mikrozug am \u00c4rmel.<\/p>\n<p><strong>Ma\u00dfe (Achselbreite\/L\u00e4nge) in cm: <\/strong>61\/77(vorne), 82(hinten)<\/p>","protected":false},"excerpt":{"rendered":"<p data-start=\"0\" data-end=\"98\"><strong data-start=\"0\" data-end=\"96\">Original Bayern M\u00fcnchen Heim-Fu\u00dfballtrikot aus der Saison 2004\/05 - hergestellt von Adidas.\u00a0<\/strong><\/p>\n<p data-start=\"100\" data-end=\"468\">Diese <strong data-start=\"103\" data-end=\"154\">Original Bayern M\u00fcnchen Fu\u00dfballtrikot<\/strong> in Gr\u00f6\u00dfe XL ist ein klassisches Modell aus der Mitte des ersten Jahrzehnts des 21. Jahrhunderts - einer Zeit, in der die Bayern die Bundesliga dominierten und ihre Outfits traditionellen Stil und Eleganz widerspiegelten. Entworfen von <strong data-start=\"371\" data-end=\"382\">Adidas<\/strong> verbindet perfekt die Identit\u00e4t des Clubs mit dem f\u00fcr die damalige Zeit charakteristischen Minimalismus.<\/p>\n<p data-start=\"470\" data-end=\"901\">Das T-Shirt wird gepflegt in <strong data-start=\"496\" data-end=\"521\">rote Farbgebung<\/strong>gebrochen <strong data-start=\"535\" data-end=\"575\">wei\u00dfe \u00c4rmel und Kragen<\/strong>Das verleiht ihm einen klaren und zeitlosen Look. Die \u00c4rmel sind mit <strong data-start=\"651\" data-end=\"677\">rote Adidas-Streifen<\/strong>die auf subtile Weise den sportlichen Charakter des Modells unterstreichen. Die Front zeigt <strong data-start=\"758\" data-end=\"783\">T-Com Sponsorenaufdruck<\/strong>und das Ganze wird vervollst\u00e4ndigt durch <strong data-start=\"806\" data-end=\"832\">Wappen des FC Bayern M\u00fcnchen<\/strong> i <strong data-start=\"835\" data-end=\"851\">Adidas-Logo<\/strong>, klassisch und symmetrisch angeordnet.<\/p>\n<p data-start=\"903\" data-end=\"1067\">Das Modell wurde hergestellt aus <strong data-start=\"927\" data-end=\"971\">Hochwertiges, atmungsaktives Material<\/strong>und bietet Komfort und Strapazierf\u00e4higkeit - typisch f\u00fcr Adidas-Fu\u00dfballtrikots dieser Zeit.<\/p>\n<p data-start=\"1069\" data-end=\"1323\" data-is-last-node=\"\" data-is-only-node=\"\">Dies ist eine ausgezeichnete Option f\u00fcr <strong data-start=\"1097\" data-end=\"1141\">Sammler von Retro-Fu\u00dfballtrikots<\/strong>Fans <strong data-start=\"1149\" data-end=\"1170\">Bayern M\u00fcnchen<\/strong> und Liebhaber von <strong data-start=\"1187\" data-end=\"1211\">deutscher Fu\u00dfball<\/strong>die das klassische Design, die Authentizit\u00e4t und die solide Verarbeitung sch\u00e4tzen, die f\u00fcr die \u00c4ra der fr\u00fchen 2000er Jahre charakteristisch sind.<\/p>","protected":false},"featured_media":69984,"template":"","meta":{"_kad_blocks_custom_css":"","_kad_blocks_head_custom_js":"","_kad_blocks_body_custom_js":"","_kad_blocks_footer_custom_js":"","_kad_post_transparent":"default","_kad_post_title":"","_kad_post_layout":"default","_kad_post_sidebar_id":"","_kad_post_content_style":"default","_kad_post_vertical_padding":"default","_kad_post_feature":"","_kad_post_feature_position":"","_kad_post_header":false,"_kad_post_footer":false,"_kad_post_classname":""},"product_brand":[1283],"product_cat":[1455],"product_tag":[],"class_list":{"0":"post-69778","1":"product","2":"type-product","3":"status-publish","4":"has-post-thumbnail","6":"product_brand-adidas","7":"product_cat-kluby-niemieckie-fcbayernmonachium","8":"pa_homeawaythird-home","9":"pa_rozmiar-xl","11":"first","12":"instock","13":"taxable","14":"shipping-taxable","15":"purchasable","16":"product-type-simple","17":"entry","18":"content-bg","19":"loop-entry"},"taxonomy_info":{"product_brand":[{"value":1283,"label":"Adidas"}],"product_cat":[{"value":1455,"label":"FC Bayern Monachium"}],"pa_homeawaythird":[{"value":1597,"label":"Home"}],"pa_rozmiar":[{"value":1818,"label":"XL"}]},"featured_image_src_large":["https:\/\/footballthrift.shop\/wp-content\/uploads\/2025\/03\/Photoroom_024_20250322_192504-1024x1024.png",1024,1024,true],"author_info":[],"comment_info":"","_links":{"self":[{"href":"https:\/\/footballthrift.shop\/de\/wp-json\/wp\/v2\/product\/69778","targetHints":{"allow":["GET"]}}],"collection":[{"href":"https:\/\/footballthrift.shop\/de\/wp-json\/wp\/v2\/product"}],"about":[{"href":"https:\/\/footballthrift.shop\/de\/wp-json\/wp\/v2\/types\/product"}],"wp:featuredmedia":[{"embeddable":true,"href":"https:\/\/footballthrift.shop\/de\/wp-json\/wp\/v2\/media\/69984"}],"wp:attachment":[{"href":"https:\/\/footballthrift.shop\/de\/wp-json\/wp\/v2\/media?parent=69778"}],"wp:term":[{"taxonomy":"product_brand","embeddable":true,"href":"https:\/\/footballthrift.shop\/de\/wp-json\/wp\/v2\/product_brand?post=69778"},{"taxonomy":"product_cat","embeddable":true,"href":"https:\/\/footballthrift.shop\/de\/wp-json\/wp\/v2\/product_cat?post=69778"},{"taxonomy":"product_tag","embeddable":true,"href":"https:\/\/footballthrift.shop\/de\/wp-json\/wp\/v2\/product_tag?post=69778"}],"curies":[{"name":"wp","href":"https:\/\/api.w.org\/{rel}","templated":true}]}}