{"id":69773,"date":"2025-03-23T17:57:08","date_gmt":"2025-03-23T16:57:08","guid":{"rendered":"https:\/\/footballthrift.shop\/?post_type=product&#038;p=69773"},"modified":"2026-03-09T11:29:43","modified_gmt":"2026-03-09T10:29:43","slug":"czechy-1996-98-home-xl","status":"publish","type":"product","link":"https:\/\/footballthrift.shop\/de\/czechy-1996-98-home-xl\/","title":{"rendered":"Koszulka pi\u0142karska Czechy 1996\/98 Home [XL]"},"content":{"rendered":"<p><strong>Mannschaft:<\/strong> Tschechische Republik<\/p>\n<p><strong>Saison:<\/strong> 1996\/98 Heim<\/p>\n<p><strong>Gr\u00f6\u00dfe: <\/strong>XL<\/p>\n<p><strong>Zustand:<\/strong> Sehr gut - drei Mikrostiche.<\/p>\n<p><strong>Ma\u00dfe (Achselbreite\/L\u00e4nge) in cm: <\/strong>62\/77<\/p>","protected":false},"excerpt":{"rendered":"<p data-start=\"0\" data-end=\"96\"><strong data-start=\"0\" data-end=\"94\">Original Heimtrikot der tschechischen Fu\u00dfballnationalmannschaft 1996-1998 - hergestellt von Puma.\u00a0<\/strong><\/p>\n<p data-start=\"98\" data-end=\"469\">Dies ist ein Modell aus einer der wichtigsten Perioden in der Geschichte des tschechischen Fu\u00dfballs - der \u00c4ra der Nationalmannschaft, die Europa bei der Euro 1996 begeisterte, das Finale erreichte und eine Generation von Legenden wie Pavel Nedv\u011bd, Karel Poborsk\u00fd, Patrik Berger und Vladim\u00edr \u0160micer hervorbrachte. Das Trikot in Gr\u00f6\u00dfe XL ist ein klassisches Design <strong data-start=\"405\" data-end=\"413\">Pumas<\/strong>und verbindet Nationalstolz mit dem einzigartigen Stil der 1990er Jahre.<\/p>\n<p data-start=\"471\" data-end=\"1051\">Die Basis wird gepflegt in <strong data-start=\"493\" data-end=\"526\">intensiv rote Farbe<\/strong>die f\u00fcr die Heimatkulissen der Tschechischen Republik charakteristisch sind. <strong data-start=\"577\" data-end=\"601\">Blauer Kragen<\/strong> verweist auf die Flaggschiff-Farben des Landes und verleiht dem T-Shirt Eleganz und einen subtilen Kontrast. Eines der am besten erkennbaren Elemente des Designs sind <strong data-start=\"749\" data-end=\"788\">rot-wei\u00dfe Streifen an den \u00c4rmeln<\/strong>, angeordnet in <strong data-start=\"800\" data-end=\"821\">geometrisches Muster<\/strong>typisch f\u00fcr Puma-Designs aus den sp\u00e4ten 1990er Jahren - dieses Detail verleiht dem T-Shirt ein einzigartiges Retro-Gef\u00fchl. Die Brust zeigt <strong data-start=\"942\" data-end=\"970\">Wappen der tschechischen Nationalmannschaft<\/strong>neben das Logo gestellt <strong data-start=\"990\" data-end=\"998\">Pumas<\/strong>und unterstreicht damit den formellen Charakter des Outfits.<\/p>\n<p data-start=\"1053\" data-end=\"1264\">Das Trikot besteht aus einem robusten Polyestergewebe mit einer f\u00fchlbaren Textur und bewahrt den authentischen Look und das Gef\u00fchl der damaligen Zeit - einer Zeit, in der der Fu\u00dfball rauer war und die Designs gewagt und einzigartig waren.<\/p>\n<p data-start=\"1266\" data-end=\"1491\" data-is-last-node=\"\" data-is-only-node=\"\">Dies ist ein einzigartiges Angebot f\u00fcr <strong data-start=\"1294\" data-end=\"1338\">Sammler von Retro-Fu\u00dfballtrikots<\/strong>Fans <strong data-start=\"1346\" data-end=\"1382\">Tschechische Nationalmannschaft in den 1990er Jahren.<\/strong> und Liebhaber von <strong data-start=\"1399\" data-end=\"1437\">Das unverwechselbare Design von Puma<\/strong>die europ\u00e4ische Fu\u00dfballgeschichte geschrieben haben.<\/p>","protected":false},"featured_media":70255,"template":"","meta":{"_kad_blocks_custom_css":"","_kad_blocks_head_custom_js":"","_kad_blocks_body_custom_js":"","_kad_blocks_footer_custom_js":"","_kad_post_transparent":"default","_kad_post_title":"","_kad_post_layout":"default","_kad_post_sidebar_id":"","_kad_post_content_style":"default","_kad_post_vertical_padding":"default","_kad_post_feature":"","_kad_post_feature_position":"","_kad_post_header":false,"_kad_post_footer":false,"_kad_post_classname":""},"product_brand":[1287],"product_cat":[1489],"product_tag":[],"class_list":{"0":"post-69773","1":"product","2":"type-product","3":"status-publish","4":"has-post-thumbnail","6":"product_brand-puma","7":"product_cat-pozostale-reprezentacje-europa","8":"pa_homeawaythird-home","9":"pa_rozmiar-xl","11":"first","12":"instock","13":"taxable","14":"shipping-taxable","15":"purchasable","16":"product-type-simple","17":"entry","18":"content-bg","19":"loop-entry"},"taxonomy_info":{"product_brand":[{"value":1287,"label":"Puma"}],"product_cat":[{"value":1489,"label":"Pozosta\u0142e"}],"pa_homeawaythird":[{"value":1597,"label":"Home"}],"pa_rozmiar":[{"value":1818,"label":"XL"}]},"featured_image_src_large":["https:\/\/footballthrift.shop\/wp-content\/uploads\/2025\/03\/Photoroom_016_20250322_192504-1024x1024.png",1024,1024,true],"author_info":[],"comment_info":"","_links":{"self":[{"href":"https:\/\/footballthrift.shop\/de\/wp-json\/wp\/v2\/product\/69773","targetHints":{"allow":["GET"]}}],"collection":[{"href":"https:\/\/footballthrift.shop\/de\/wp-json\/wp\/v2\/product"}],"about":[{"href":"https:\/\/footballthrift.shop\/de\/wp-json\/wp\/v2\/types\/product"}],"wp:featuredmedia":[{"embeddable":true,"href":"https:\/\/footballthrift.shop\/de\/wp-json\/wp\/v2\/media\/70255"}],"wp:attachment":[{"href":"https:\/\/footballthrift.shop\/de\/wp-json\/wp\/v2\/media?parent=69773"}],"wp:term":[{"taxonomy":"product_brand","embeddable":true,"href":"https:\/\/footballthrift.shop\/de\/wp-json\/wp\/v2\/product_brand?post=69773"},{"taxonomy":"product_cat","embeddable":true,"href":"https:\/\/footballthrift.shop\/de\/wp-json\/wp\/v2\/product_cat?post=69773"},{"taxonomy":"product_tag","embeddable":true,"href":"https:\/\/footballthrift.shop\/de\/wp-json\/wp\/v2\/product_tag?post=69773"}],"curies":[{"name":"wp","href":"https:\/\/api.w.org\/{rel}","templated":true}]}}