{"id":69763,"date":"2025-03-23T17:57:17","date_gmt":"2025-03-23T16:57:17","guid":{"rendered":"https:\/\/footballthrift.shop\/?post_type=product&#038;p=69763"},"modified":"2026-03-09T11:29:42","modified_gmt":"2026-03-09T10:29:42","slug":"bnwt-player-issue-atlanta-united-fc-2020-21-away-10-g-martinez-m","status":"publish","type":"product","link":"https:\/\/footballthrift.shop\/de\/bnwt-player-issue-atlanta-united-fc-2020-21-away-10-g-martinez-m\/","title":{"rendered":"Koszulka pi\u0142karska BNWT AUTHENTIC Atlanta United FC 2020\/21 Away 10 G. Martinez [M]"},"content":{"rendered":"<p><strong>Verein:<\/strong> Atlanta United FC<\/p>\n<p><strong>Saison:<\/strong> 2020\/21 Ausw\u00e4rts<\/p>\n<p><strong>Gr\u00f6\u00dfe: <\/strong>M<\/p>\n<p><strong>Zustand:<\/strong> BNWT - T-shirt neu, mit Etiketten.<\/p>\n<p><strong>Ma\u00dfe (Achselbreite\/L\u00e4nge) in cm: <\/strong>52\/76<\/p>","protected":false},"excerpt":{"rendered":"<p data-start=\"0\" data-end=\"124\"><strong data-start=\"0\" data-end=\"122\">Das Original Atlanta United FC Ausw\u00e4rtsspieltrikot von 2020\/21 - die AEROREADY Spielversion, hergestellt von Adidas.\u00a0<\/strong><\/p>\n<p data-start=\"126\" data-end=\"566\">Ausgehender Satz <strong>Atlanta United FC<\/strong> f\u00fcr 2020\/21 ist ein Design, das Eleganz und sportliche Modernit\u00e4t perfekt verbindet. Das Hemd in Gr\u00f6\u00dfe M wurde in <strong data-start=\"291\" data-end=\"320\">AEROREADY Spielversion<\/strong>Das bedeutet eine bessere Passform, hochwertiges Material und eine f\u00fcr den professionellen Einsatz konzipierte Technologie. Das Exemplar ist <strong data-start=\"466\" data-end=\"506\">neu, erhalten mit Etiketten<\/strong>und macht es zu einem wertvollen Sammlerst\u00fcck.<\/p>\n<p data-start=\"568\" data-end=\"992\">Der Entwurf basiert auf <strong data-start=\"585\" data-end=\"610\">reinwei\u00dfer Sockel<\/strong>erg\u00e4nzt durch stilvolle <strong data-start=\"638\" data-end=\"655\">goldene Akzente<\/strong> - davon <strong data-start=\"664\" data-end=\"697\">Impressum des Sponsors American Family Insurances<\/strong>, <strong data-start=\"699\" data-end=\"715\">Adidas-Logo<\/strong> und <strong data-start=\"721\" data-end=\"765\">drei Streifen auf dem rechten \u00c4rmel<\/strong>. Der linke \u00c4rmel weist folgende Merkmale auf <strong data-start=\"797\" data-end=\"828\">das urspr\u00fcngliche MLS-Liga-Abzeichen<\/strong>Das Design unterstreicht den offiziellen Charakter des Modells. Das Wappen von Atlanta ist auf der Brust in einer Farbe platziert, die zu den \u00fcbrigen Elementen passt, wodurch eine koh\u00e4rente und repr\u00e4sentative Komposition entsteht.<\/p>\n<p data-start=\"994\" data-end=\"1234\">Die R\u00fcckseite des Trikots ist mit einer Personalisierung mit dem Namen <strong data-start=\"1041\" data-end=\"1063\">Schade Mart\u00ednez<\/strong> und die Zahl <strong data-start=\"1077\" data-end=\"1083\">10<\/strong>und bezieht sich dabei auf einen der bekanntesten Spieler der Vereinsgeschichte und Gewinner des Titels \"S\u00fcdamerikanischer Fu\u00dfballer des Jahres 2018\".<\/p>\n<p data-start=\"1236\" data-end=\"1360\">Technologie <strong data-start=\"1248\" data-end=\"1261\">AEROREADY<\/strong> garantiert <strong data-start=\"1273\" data-end=\"1357\">geringes Gewicht, hervorragende Atmungsaktivit\u00e4t und Komfort bei Spiel und Alltag<\/strong>.<\/p>\n<p data-start=\"1362\" data-end=\"1586\" data-is-last-node=\"\" data-is-only-node=\"\">Es ist eine ausgezeichnete Wahl f\u00fcr <strong data-start=\"1385\" data-end=\"1398\">MLS-Fans<\/strong>Unterst\u00fctzer <strong data-start=\"1411\" data-end=\"1431\">Atlanta United FC<\/strong>, Liebhaber <strong data-start=\"1444\" data-end=\"1479\">Gold und Wei\u00df Adidas-Designs<\/strong> und Sammler auf der Suche nach <strong data-start=\"1513\" data-end=\"1585\">Originalspielversionen mit Personalisierung eines beliebten Spielers<\/strong>.<\/p>","protected":false},"featured_media":70172,"template":"","meta":{"_kad_blocks_custom_css":"","_kad_blocks_head_custom_js":"","_kad_blocks_body_custom_js":"","_kad_blocks_footer_custom_js":"","_kad_post_transparent":"default","_kad_post_title":"","_kad_post_layout":"default","_kad_post_sidebar_id":"","_kad_post_content_style":"default","_kad_post_vertical_padding":"default","_kad_post_feature":"","_kad_post_feature_position":"","_kad_post_header":false,"_kad_post_footer":false,"_kad_post_classname":""},"product_brand":[1283],"product_cat":[1415,2033],"product_tag":[],"class_list":{"0":"post-69763","1":"product","2":"type-product","3":"status-publish","4":"has-post-thumbnail","6":"product_brand-adidas","7":"product_cat-ameryka-srodkowa-i-polnocna","8":"product_cat-bnwt","9":"pa_homeawaythird-away","10":"pa_rozmiar-m","12":"first","13":"instock","14":"taxable","15":"shipping-taxable","16":"purchasable","17":"product-type-simple","18":"entry","19":"content-bg","20":"loop-entry"},"taxonomy_info":{"product_brand":[{"value":1283,"label":"Adidas"}],"product_cat":[{"value":1415,"label":"Ameryka \u015arodkowa i P\u00f3\u0142nocna"},{"value":2033,"label":"BNWT"}],"pa_homeawaythird":[{"value":1598,"label":"Away"}],"pa_rozmiar":[{"value":1816,"label":"M"}]},"featured_image_src_large":["https:\/\/footballthrift.shop\/wp-content\/uploads\/2025\/03\/Photoroom_041_20250322_192504-1024x1024.png",1024,1024,true],"author_info":[],"comment_info":"","_links":{"self":[{"href":"https:\/\/footballthrift.shop\/de\/wp-json\/wp\/v2\/product\/69763","targetHints":{"allow":["GET"]}}],"collection":[{"href":"https:\/\/footballthrift.shop\/de\/wp-json\/wp\/v2\/product"}],"about":[{"href":"https:\/\/footballthrift.shop\/de\/wp-json\/wp\/v2\/types\/product"}],"wp:featuredmedia":[{"embeddable":true,"href":"https:\/\/footballthrift.shop\/de\/wp-json\/wp\/v2\/media\/70172"}],"wp:attachment":[{"href":"https:\/\/footballthrift.shop\/de\/wp-json\/wp\/v2\/media?parent=69763"}],"wp:term":[{"taxonomy":"product_brand","embeddable":true,"href":"https:\/\/footballthrift.shop\/de\/wp-json\/wp\/v2\/product_brand?post=69763"},{"taxonomy":"product_cat","embeddable":true,"href":"https:\/\/footballthrift.shop\/de\/wp-json\/wp\/v2\/product_cat?post=69763"},{"taxonomy":"product_tag","embeddable":true,"href":"https:\/\/footballthrift.shop\/de\/wp-json\/wp\/v2\/product_tag?post=69763"}],"curies":[{"name":"wp","href":"https:\/\/api.w.org\/{rel}","templated":true}]}}