{"id":69759,"date":"2025-03-23T17:57:20","date_gmt":"2025-03-23T16:57:20","guid":{"rendered":"https:\/\/footballthrift.shop\/?post_type=product&#038;p=69759"},"modified":"2026-03-09T11:29:41","modified_gmt":"2026-03-09T10:29:41","slug":"bnwt-player-issue-atlanta-united-fc-2019-20-home-10-g-martinez-s","status":"publish","type":"product","link":"https:\/\/footballthrift.shop\/de\/bnwt-player-issue-atlanta-united-fc-2019-20-home-10-g-martinez-s\/","title":{"rendered":"Koszulka pi\u0142karska BNWT AUTHENTIC Atlanta United FC 2019\/20 Home 10 G. Martinez [S]"},"content":{"rendered":"<p><strong>Verein:<\/strong> Atlanta United FC<\/p>\n<p><strong>Saison:<\/strong> 2019\/20 Heim<\/p>\n<p><strong>Gr\u00f6\u00dfe: <\/strong>S<\/p>\n<p><strong>Zustand:<\/strong> BNWT - T-shirt neu, mit Etiketten.<\/p>\n<p><strong>Ma\u00dfe (Achselbreite\/L\u00e4nge) in cm: <\/strong>49\/72<\/p>","protected":false},"excerpt":{"rendered":"<p data-start=\"0\" data-end=\"150\"><strong data-start=\"0\" data-end=\"148\">Das Original-Fu\u00dfballtrikot 2019-2020 von Atlanta United FC - hergestellt von Adidas, in der AEROREADY-Match-Version, bedruckt von Pity Mart\u00ednez.\u00a0<\/strong><\/p>\n<p data-start=\"152\" data-end=\"785\">Es handelt sich um ein professionelles Modell, das aus der Zeit stammt, als die <strong data-start=\"200\" data-end=\"221\">Atlanta United FC<\/strong> war einer der am eindrucksvollsten gespielten Clubs in der MLS, ein <strong data-start=\"283\" data-end=\"300\">Schade Mart\u00ednez<\/strong> - Gewinner der Auszeichnung S\u00fcdamerikas Fu\u00dfballer des Jahres 2018 - war einer der Schl\u00fcsselspieler der Mannschaft. Das Exemplar in Gr\u00f6\u00dfe S wurde in einer Variante des <strong data-start=\"518\" data-end=\"544\">Spielerausgabe AEROREADY<\/strong>Das bedeutet eine ma\u00dfgeschneiderte, leichte Passform und technisches Material f\u00fcr maximale Atmungsaktivit\u00e4t und Komfort w\u00e4hrend des Spiels. Wichtig ist, das Trikot ist <strong data-start=\"691\" data-end=\"731\">neu, erhalten mit Etiketten<\/strong>Das macht sie f\u00fcr Sammler besonders attraktiv.<\/p>\n<p data-start=\"787\" data-end=\"1208\">Das Projekt kn\u00fcpft an die klassische Identit\u00e4t des Clubs an und basiert auf dem <strong data-start=\"852\" data-end=\"890\">vertikale rote und schwarze Streifen<\/strong>Merkmal des Spitznamens der Mannschaft - <em data-start=\"936\" data-end=\"954\">Die f\u00fcnf Streifen<\/em>. Kontrastierend <strong data-start=\"970\" data-end=\"986\">Gold Details<\/strong> in Form von <strong data-start=\"997\" data-end=\"1077\">Qatar Airways Sponsorenaufdruck, Adidas-Logo und drei Streifen auf den \u00c4rmeln<\/strong> verleihen dem Gesamtdesign eine moderne und prestigetr\u00e4chtige Note. Die Kommode bietet <strong data-start=\"1156\" data-end=\"1170\">Vereinswappen<\/strong> in einem eleganten, vergoldeten Design.<\/p>\n<p data-start=\"1210\" data-end=\"1401\">Die R\u00fcckseite des Shirts ist verziert mit <strong data-start=\"1229\" data-end=\"1276\">Schade Mart\u00ednez Druck mit Nummer 10<\/strong>, aufgezeichnet als <strong>G. Martinez<\/strong>Damit unterstreicht er seinen pers\u00f6nlichen Spieltagscharakter und ist f\u00fcr Fans des argentinischen Mittelfeldspielers besonders begehrt.<\/p>\n<p data-start=\"1403\" data-end=\"1709\" data-is-last-node=\"\" data-is-only-node=\"\">Dies ist ein hervorragendes Angebot f\u00fcr <strong data-start=\"1431\" data-end=\"1461\">Sammler von MLS-Trikots<\/strong>Unterst\u00fctzer <strong data-start=\"1474\" data-end=\"1495\">Atlenty United FC<\/strong>Fans <strong data-start=\"1503\" data-end=\"1525\">Schade Mart\u00ednez<\/strong>als auch diejenigen, die Wert auf <strong data-start=\"1550\" data-end=\"1614\">Original Player Issue Spielversionen mit beibehaltenen Tags<\/strong>die Clubidentit\u00e4t, Spitzentechnologie und au\u00dfergew\u00f6hnlichen Sammlerwert miteinander verbinden.<\/p>","protected":false},"featured_media":70140,"template":"","meta":{"_kad_blocks_custom_css":"","_kad_blocks_head_custom_js":"","_kad_blocks_body_custom_js":"","_kad_blocks_footer_custom_js":"","_kad_post_transparent":"default","_kad_post_title":"","_kad_post_layout":"default","_kad_post_sidebar_id":"","_kad_post_content_style":"default","_kad_post_vertical_padding":"default","_kad_post_feature":"","_kad_post_feature_position":"","_kad_post_header":false,"_kad_post_footer":false,"_kad_post_classname":""},"product_brand":[1283],"product_cat":[1415,2033],"product_tag":[],"class_list":{"0":"post-69759","1":"product","2":"type-product","3":"status-publish","4":"has-post-thumbnail","6":"product_brand-adidas","7":"product_cat-ameryka-srodkowa-i-polnocna","8":"product_cat-bnwt","9":"pa_homeawaythird-home","10":"pa_rozmiar-s","12":"first","13":"instock","14":"taxable","15":"shipping-taxable","16":"purchasable","17":"product-type-simple","18":"entry","19":"content-bg","20":"loop-entry"},"taxonomy_info":{"product_brand":[{"value":1283,"label":"Adidas"}],"product_cat":[{"value":1415,"label":"Ameryka \u015arodkowa i P\u00f3\u0142nocna"},{"value":2033,"label":"BNWT"}],"pa_homeawaythird":[{"value":1597,"label":"Home"}],"pa_rozmiar":[{"value":1815,"label":"S"}]},"featured_image_src_large":["https:\/\/footballthrift.shop\/wp-content\/uploads\/2025\/03\/Photoroom_045_20250322_192504-1024x1024.png",1024,1024,true],"author_info":[],"comment_info":"","_links":{"self":[{"href":"https:\/\/footballthrift.shop\/de\/wp-json\/wp\/v2\/product\/69759","targetHints":{"allow":["GET"]}}],"collection":[{"href":"https:\/\/footballthrift.shop\/de\/wp-json\/wp\/v2\/product"}],"about":[{"href":"https:\/\/footballthrift.shop\/de\/wp-json\/wp\/v2\/types\/product"}],"wp:featuredmedia":[{"embeddable":true,"href":"https:\/\/footballthrift.shop\/de\/wp-json\/wp\/v2\/media\/70140"}],"wp:attachment":[{"href":"https:\/\/footballthrift.shop\/de\/wp-json\/wp\/v2\/media?parent=69759"}],"wp:term":[{"taxonomy":"product_brand","embeddable":true,"href":"https:\/\/footballthrift.shop\/de\/wp-json\/wp\/v2\/product_brand?post=69759"},{"taxonomy":"product_cat","embeddable":true,"href":"https:\/\/footballthrift.shop\/de\/wp-json\/wp\/v2\/product_cat?post=69759"},{"taxonomy":"product_tag","embeddable":true,"href":"https:\/\/footballthrift.shop\/de\/wp-json\/wp\/v2\/product_tag?post=69759"}],"curies":[{"name":"wp","href":"https:\/\/api.w.org\/{rel}","templated":true}]}}