{"id":69113,"date":"2025-03-09T17:56:08","date_gmt":"2025-03-09T16:56:08","guid":{"rendered":"https:\/\/footballthrift.shop\/?post_type=product&#038;p=69113"},"modified":"2026-03-09T11:29:44","modified_gmt":"2026-03-09T10:29:44","slug":"player-issue-psg-2013-14-away-10-ibrahimovic-xl","status":"publish","type":"product","link":"https:\/\/footballthrift.shop\/de\/player-issue-psg-2013-14-away-10-ibrahimovic-xl\/","title":{"rendered":"Koszulka pi\u0142karska PLAYER ISSUE PSG 2013\/14 Away 10 Ibrahimovi\u0107 [XL]"},"content":{"rendered":"<p><strong>Verein:<\/strong> PSG<\/p>\n<p><strong>Saison:<\/strong> 2013\/14 Ausw\u00e4rts<\/p>\n<p><strong>Gr\u00f6\u00dfe: <\/strong>XL<\/p>\n<p><strong>Zustand:<\/strong> Schlecht - sehr stark besch\u00e4digter Druck auf der R\u00fcckseite.<\/p>\n<p><strong>Ma\u00dfe (Achselbreite\/L\u00e4nge) in cm: <\/strong>53\/75<\/p>","protected":false},"excerpt":{"rendered":"<p data-start=\"0\" data-end=\"129\"><strong data-start=\"0\" data-end=\"127\">Original Paris Saint-Germain Ausw\u00e4rtsspieltrikot aus der Saison 2013\/14 - Player Issue match version, hergestellt von Nike.\u00a0<\/strong><\/p>\n<p data-start=\"131\" data-end=\"690\">Dieses einzigartige Modell in XL-Gr\u00f6\u00dfe stammt aus der Zeit, als die <strong data-start=\"194\" data-end=\"216\">Zlatan Ibrahimovi\u0107<\/strong> Er war der absolute Star des Pariser Clubs, ein <strong data-start=\"259\" data-end=\"296\">PSG zur\u00fcck in den europ\u00e4ischen Salons<\/strong>und tritt in der Champions League gegen die besten Mannschaften des Kontinents an. Das Trikot repr\u00e4sentiert <strong data-start=\"385\" data-end=\"441\">h\u00f6chste im Handel erh\u00e4ltliche Version - Player Issue<\/strong>Das Design ist identisch mit dem der Spieler. Seine Professionalit\u00e4t zeigt sich unter anderem darin, dass er... <strong data-start=\"565\" data-end=\"595\">gepresstes Innenetikett<\/strong>Der aerodynamische Schnitt und die leichten, gestanzten Eins\u00e4tze an den Seiten des Trikots sowie das ma\u00dfgeschneiderte technische Gewebe, das bei der Spieltagskleidung verwendet wird.<\/p>\n<p data-start=\"692\" data-end=\"1121\">Der Entwurf basiert auf <strong data-start=\"709\" data-end=\"731\">wei\u00dfe Farbgebung<\/strong>mit gro\u00dfen Farbbl\u00f6cken in einem f\u00fcr diese Zeit charakteristischen Stil unterbrochen. Der obere Teil der Fassade wird von folgenden Elementen eingenommen <strong data-start=\"843\" data-end=\"862\">marineblaues Paneel<\/strong>w\u00e4hrend am unteren Ende<strong data-start=\"896\" data-end=\"918\">\u00a0rot<\/strong>die die Farben des Vereins symbolisieren. Die beiden Segmente sind getrennt durch <strong data-start=\"976\" data-end=\"1026\">wei\u00dfe Fl\u00e4che mit Fly Emirates Sponsorenaufdruck<\/strong>. Die Truhe bietet <strong data-start=\"1050\" data-end=\"1062\">PSG-Wappen<\/strong> und <strong data-start=\"1068\" data-end=\"1081\">Nike-Logo<\/strong>in einem klassischen Layout.<\/p>\n<p data-start=\"1123\" data-end=\"1393\">Auf den \u00c4rmeln sind <strong data-start=\"1149\" data-end=\"1184\">Original Champions-League-Aufn\u00e4her<\/strong>was den europ\u00e4ischen Kontext dieses Modells unterstreicht. Die R\u00fcckseite des T-Shirts ist verziert mit <strong data-start=\"1251\" data-end=\"1306\">Aufdruck von Zlatan Ibrahimovi\u0107s Namen und der Nummer 10<\/strong>Das ist charakteristisch f\u00fcr einen der dominantesten St\u00fcrmer seiner Zeit.<\/p>\n<p data-start=\"1395\" data-end=\"1609\" data-is-last-node=\"\" data-is-only-node=\"\">Es ist ein ideales Angebot f\u00fcr <strong data-start=\"1421\" data-end=\"1472\">Sammler von authentischen Player Issue-Versionen<\/strong>Fans <strong data-start=\"1480\" data-end=\"1497\">PSG und Zlatan<\/strong>sowie Fans von prestigetr\u00e4chtigen Trikots aus der \u00c4ra, in der der Pariser Club seine moderne Macht zu entwickeln begann.<\/p>","protected":false},"featured_media":69305,"template":"","meta":{"_kad_blocks_custom_css":"","_kad_blocks_head_custom_js":"","_kad_blocks_body_custom_js":"","_kad_blocks_footer_custom_js":"","_kad_post_transparent":"default","_kad_post_title":"","_kad_post_layout":"default","_kad_post_sidebar_id":"","_kad_post_content_style":"default","_kad_post_vertical_padding":"default","_kad_post_feature":"","_kad_post_feature_position":"","_kad_post_header":false,"_kad_post_footer":false,"_kad_post_classname":""},"product_brand":[1284],"product_cat":[1467],"product_tag":[],"class_list":{"0":"post-69113","1":"product","2":"type-product","3":"status-publish","4":"has-post-thumbnail","6":"product_brand-nike","7":"product_cat-kluby-francuskie-parissaintgermain","8":"pa_homeawaythird-away","9":"pa_rozmiar-xl","11":"first","12":"instock","13":"taxable","14":"shipping-taxable","15":"purchasable","16":"product-type-simple","17":"entry","18":"content-bg","19":"loop-entry"},"taxonomy_info":{"product_brand":[{"value":1284,"label":"Nike"}],"product_cat":[{"value":1467,"label":"Paris Saint Germain"}],"pa_homeawaythird":[{"value":1598,"label":"Away"}],"pa_rozmiar":[{"value":1818,"label":"XL"}]},"featured_image_src_large":["https:\/\/footballthrift.shop\/wp-content\/uploads\/2025\/03\/Photoroom_037_20250309_120738-1024x1024.png",1024,1024,true],"author_info":[],"comment_info":"","_links":{"self":[{"href":"https:\/\/footballthrift.shop\/de\/wp-json\/wp\/v2\/product\/69113","targetHints":{"allow":["GET"]}}],"collection":[{"href":"https:\/\/footballthrift.shop\/de\/wp-json\/wp\/v2\/product"}],"about":[{"href":"https:\/\/footballthrift.shop\/de\/wp-json\/wp\/v2\/types\/product"}],"wp:featuredmedia":[{"embeddable":true,"href":"https:\/\/footballthrift.shop\/de\/wp-json\/wp\/v2\/media\/69305"}],"wp:attachment":[{"href":"https:\/\/footballthrift.shop\/de\/wp-json\/wp\/v2\/media?parent=69113"}],"wp:term":[{"taxonomy":"product_brand","embeddable":true,"href":"https:\/\/footballthrift.shop\/de\/wp-json\/wp\/v2\/product_brand?post=69113"},{"taxonomy":"product_cat","embeddable":true,"href":"https:\/\/footballthrift.shop\/de\/wp-json\/wp\/v2\/product_cat?post=69113"},{"taxonomy":"product_tag","embeddable":true,"href":"https:\/\/footballthrift.shop\/de\/wp-json\/wp\/v2\/product_tag?post=69113"}],"curies":[{"name":"wp","href":"https:\/\/api.w.org\/{rel}","templated":true}]}}