{"id":69109,"date":"2025-03-09T17:56:10","date_gmt":"2025-03-09T16:56:10","guid":{"rendered":"https:\/\/footballthrift.shop\/?post_type=product&#038;p=69109"},"modified":"2026-03-09T11:29:44","modified_gmt":"2026-03-09T10:29:44","slug":"player-issue-norwegia-2016-18-home-l","status":"publish","type":"product","link":"https:\/\/footballthrift.shop\/de\/player-issue-norwegia-2016-18-home-l\/","title":{"rendered":"Koszulka pi\u0142karska AUTHENTIC Norwegia 2016\/18 Home [L]"},"content":{"rendered":"<p><strong>Verein:<\/strong> Norwegen<\/p>\n<p><strong>Saison:<\/strong> 2016\/18 Startseite<\/p>\n<p><strong>Gr\u00f6\u00dfe: <\/strong>L<\/p>\n<p><strong>Zustand:<\/strong> Ausgezeichnet<\/p>\n<p><strong>Ma\u00dfe (Achselbreite\/L\u00e4nge) in cm: <\/strong>51\/75<\/p>","protected":false},"excerpt":{"rendered":"<p data-start=\"0\" data-end=\"138\"><strong data-start=\"0\" data-end=\"136\">Original Heim-Fu\u00dfballtrikot der norwegischen Nationalmannschaft 2016-2018 - hergestellt von Nike, Player Issue match version.<\/strong><\/p>\n<p data-start=\"140\" data-end=\"611\">Dieses professionelle Modell wurde erstellt von <strong data-start=\"183\" data-end=\"191\">Nike<\/strong> f\u00fcr die norwegische Nationalmannschaft stammt aus einer Zeit, in der der Hersteller bei den f\u00fcr Spieler konzipierten Versionen auf maximale Leichtigkeit, Flexibilit\u00e4t und Passform des Schnitts setzte. Als Auflage <strong data-start=\"375\" data-end=\"391\">Spieler Problem<\/strong>das T-Shirt wird aus <strong data-start=\"433\" data-end=\"444\">Dri-FIT<\/strong>Das bedeutet, dass es sich um ein viel d\u00fcnneres, schnelltrocknendes Gewebe mit einer perforierten Struktur handelt, die f\u00fcr eine optimale Atmungsaktivit\u00e4t und volle Bewegungsfreiheit w\u00e4hrend eines intensiven Matches sorgt.<\/p>\n<p data-start=\"613\" data-end=\"1073\">Das Design basiert auf einem extrem minimalistischen Konzept - das gesamte T-Shirt ist in <strong data-start=\"703\" data-end=\"740\">intensive Rotf\u00e4rbung<\/strong>typisch f\u00fcr die norwegischen Haushaltsger\u00e4te. Auf der Brust befinden sich nur <strong data-start=\"814\" data-end=\"849\">Emblem des Fu\u00dfballverbands NFF<\/strong> und <strong data-start=\"855\" data-end=\"868\">Nike-Logo<\/strong>in geklebter (gepresster) Form aufgebracht, was seinen Match-Charakter noch unterstreicht. Das Innenetikett wurde ebenfalls in einem thermischen Verfahren aufgebracht, das nur f\u00fcr die h\u00f6here, professionelle Version typisch ist.<\/p>\n<p data-start=\"1075\" data-end=\"1261\">Mit seinem taillierten Schnitt, der fortschrittlichen Konstruktion und der Beschr\u00e4nkung auf ein absolutes Minimum an grafischen Elementen verk\u00f6rpert dieses Modell nordische Einfachheit auf moderne Weise.<\/p>\n<p data-start=\"1263\" data-end=\"1514\" data-is-last-node=\"\" data-is-only-node=\"\">Es ist ein ideales Angebot f\u00fcr <strong data-start=\"1289\" data-end=\"1340\">Sammler von authentischen Player Issue-Versionen<\/strong>Fans der norwegischen Nationalmannschaft und Liebhaber der minimalistischen Designs von Nike, die sich auf Funktionalit\u00e4t, Technologie und nationale Eleganz ohne unn\u00f6tigen Schnickschnack konzentrieren.<\/p>","protected":false},"featured_media":69276,"template":"","meta":{"_kad_blocks_custom_css":"","_kad_blocks_head_custom_js":"","_kad_blocks_body_custom_js":"","_kad_blocks_footer_custom_js":"","_kad_post_transparent":"default","_kad_post_title":"","_kad_post_layout":"default","_kad_post_sidebar_id":"","_kad_post_content_style":"default","_kad_post_vertical_padding":"default","_kad_post_feature":"","_kad_post_feature_position":"","_kad_post_header":false,"_kad_post_footer":false,"_kad_post_classname":""},"product_brand":[1284],"product_cat":[1489],"product_tag":[],"class_list":{"0":"post-69109","1":"product","2":"type-product","3":"status-publish","4":"has-post-thumbnail","6":"product_brand-nike","7":"product_cat-pozostale-reprezentacje-europa","8":"pa_homeawaythird-home","9":"pa_rozmiar-l","11":"first","12":"instock","13":"taxable","14":"shipping-taxable","15":"purchasable","16":"product-type-simple","17":"entry","18":"content-bg","19":"loop-entry"},"taxonomy_info":{"product_brand":[{"value":1284,"label":"Nike"}],"product_cat":[{"value":1489,"label":"Pozosta\u0142e"}],"pa_homeawaythird":[{"value":1597,"label":"Home"}],"pa_rozmiar":[{"value":1817,"label":"L"}]},"featured_image_src_large":["https:\/\/footballthrift.shop\/wp-content\/uploads\/2025\/03\/Photoroom_048_20250309_120738-1024x1024.png",1024,1024,true],"author_info":[],"comment_info":"","_links":{"self":[{"href":"https:\/\/footballthrift.shop\/de\/wp-json\/wp\/v2\/product\/69109","targetHints":{"allow":["GET"]}}],"collection":[{"href":"https:\/\/footballthrift.shop\/de\/wp-json\/wp\/v2\/product"}],"about":[{"href":"https:\/\/footballthrift.shop\/de\/wp-json\/wp\/v2\/types\/product"}],"wp:featuredmedia":[{"embeddable":true,"href":"https:\/\/footballthrift.shop\/de\/wp-json\/wp\/v2\/media\/69276"}],"wp:attachment":[{"href":"https:\/\/footballthrift.shop\/de\/wp-json\/wp\/v2\/media?parent=69109"}],"wp:term":[{"taxonomy":"product_brand","embeddable":true,"href":"https:\/\/footballthrift.shop\/de\/wp-json\/wp\/v2\/product_brand?post=69109"},{"taxonomy":"product_cat","embeddable":true,"href":"https:\/\/footballthrift.shop\/de\/wp-json\/wp\/v2\/product_cat?post=69109"},{"taxonomy":"product_tag","embeddable":true,"href":"https:\/\/footballthrift.shop\/de\/wp-json\/wp\/v2\/product_tag?post=69109"}],"curies":[{"name":"wp","href":"https:\/\/api.w.org\/{rel}","templated":true}]}}