{"id":69101,"date":"2025-03-09T17:56:15","date_gmt":"2025-03-09T16:56:15","guid":{"rendered":"https:\/\/footballthrift.shop\/?post_type=product&#038;p=69101"},"modified":"2026-05-01T10:25:10","modified_gmt":"2026-05-01T08:25:10","slug":"liverpool-fc-1998-00-heim-xl","status":"publish","type":"product","link":"https:\/\/footballthrift.shop\/de\/liverpool-fc-1998-00-home-xl\/","title":{"rendered":"Koszulka pi\u0142karska Liverpool FC 1998\/00 Home [XL]"},"content":{"rendered":"<p><strong>Verein:<\/strong> Liverpool FC<\/p>\n<p><strong>Saison:<\/strong> 1998\/00 Heimat<\/p>\n<p><strong>Gr\u00f6\u00dfe: <\/strong>XL<\/p>\n<p><strong>Zustand:<\/strong> Sehr gut - leicht besch\u00e4digter Sponsorenaufdruck auf der Vorderseite.<\/p>\n<p><strong>Ma\u00dfe (Achselbreite\/L\u00e4nge) in cm: <\/strong>58\/71<\/p>","protected":false},"excerpt":{"rendered":"<p data-start=\"0\" data-end=\"92\"><strong data-start=\"0\" data-end=\"90\">Original Liverpool FC Heimtrikot von 1998-2000 - hergestellt von Reebok.<\/strong><\/p>\n<p data-start=\"94\" data-end=\"483\">Es handelt sich um ein klassisches Modell aus den sp\u00e4ten 1990er Jahren, das noch aus der Zeit stammt, als die <strong data-start=\"155\" data-end=\"171\">Liverpool FC<\/strong> die \u00c4ra des modernen Fu\u00dfballs einl\u00e4utete und sich gleichzeitig stark mit ihren eigenen Traditionen identifizierte. Produziert von <strong data-start=\"286\" data-end=\"297\">Reebok<\/strong>Das Trikot ist eines der bekanntesten Designs des Vereins aus der Zeit der Jahrhundertwende - sowohl wegen seiner \u00c4sthetik als auch wegen der soliden Konstruktion, die typisch f\u00fcr diese Zeit ist.<\/p>\n<p data-start=\"485\" data-end=\"847\">Die vorherrschende Methode ist nat\u00fcrlich <strong data-start=\"512\" data-end=\"541\">intensiv rote Farbe<\/strong>charakteristisch f\u00fcr \"Die Roten\". Kontrastiert wird das Ganze durch <strong data-start=\"597\" data-end=\"641\">wei\u00dfe Bes\u00e4tze an \u00c4rmeln und Kragen<\/strong>die den klassischen Stil des Outfits unterstreichen. Die Vorderseite zeigt das ikonische <strong data-start=\"712\" data-end=\"741\">Carlsberg Sponsor Impressum<\/strong>und dar\u00fcber - <strong data-start=\"753\" data-end=\"769\">Reebok-Logo<\/strong> und das Wappen von Liverpool, das in einer f\u00fcr die sp\u00e4ten 1990er und fr\u00fchen 2000er Jahre typischen Weise gestaltet wurde.<\/p>\n<p data-start=\"849\" data-end=\"1141\">Das T-Shirt ist hergestellt aus <strong data-start=\"877\" data-end=\"925\">dickeres, robustes Polyestermaterial<\/strong>Der Stoff hat eine ganz besondere, f\u00fcr die damalige Zeit charakteristische Haptik, die ihm einen authentischen Retro-Look und eine haptische Haltbarkeit verleiht. Der etwas lockerere Schnitt und die feste Stoffstruktur spiegeln perfekt den Stil der Matchhemden der sp\u00e4ten 90er Jahre wider.<\/p>\n<p data-start=\"1143\" data-end=\"1426\" data-is-last-node=\"\" data-is-only-node=\"\">Dies ist ein Muss f\u00fcr <strong data-start=\"1170\" data-end=\"1219\">Sammler klassischer Liverpooler Trikots<\/strong>, Fans der Reebok-\u00c4ra und Liebhaber von <strong data-start=\"1255\" data-end=\"1289\">R\u00fcckblick auf die Projekte der Premier League<\/strong>die Wert auf Authentizit\u00e4t, historische Bedeutung und das unverwechselbare Gef\u00fchl des Fu\u00dfballs aus der Zeit vor der modernen \u00c4ra der ultraleichten Stoffe legen.<\/p>","protected":false},"featured_media":69216,"template":"","meta":{"_kad_blocks_custom_css":"","_kad_blocks_head_custom_js":"","_kad_blocks_body_custom_js":"","_kad_blocks_footer_custom_js":"","_kad_post_transparent":"default","_kad_post_title":"","_kad_post_layout":"default","_kad_post_sidebar_id":"","_kad_post_content_style":"default","_kad_post_vertical_padding":"default","_kad_post_feature":"","_kad_post_feature_position":"","_kad_post_header":false,"_kad_post_footer":false,"_kad_post_classname":""},"product_brand":[1286],"product_cat":[1464],"product_tag":[],"class_list":{"0":"post-69101","1":"product","2":"type-product","3":"status-publish","4":"has-post-thumbnail","6":"product_brand-reebok","7":"product_cat-liverpool","8":"pa_homeawaythird-home","9":"pa_rozmiar-xl","11":"first","12":"instock","13":"sale","14":"taxable","15":"shipping-taxable","16":"purchasable","17":"product-type-simple","18":"entry","19":"content-bg","20":"loop-entry"},"taxonomy_info":{"product_brand":[{"value":1286,"label":"Reebok"}],"product_cat":[{"value":1464,"label":"Liverpool FC"}],"pa_homeawaythird":[{"value":1597,"label":"Home"}],"pa_rozmiar":[{"value":1818,"label":"XL"}]},"featured_image_src_large":["https:\/\/footballthrift.shop\/wp-content\/uploads\/2025\/03\/Photoroom_024_20250309_120738-1024x1024.png",1024,1024,true],"author_info":[],"comment_info":"","_links":{"self":[{"href":"https:\/\/footballthrift.shop\/de\/wp-json\/wp\/v2\/product\/69101","targetHints":{"allow":["GET"]}}],"collection":[{"href":"https:\/\/footballthrift.shop\/de\/wp-json\/wp\/v2\/product"}],"about":[{"href":"https:\/\/footballthrift.shop\/de\/wp-json\/wp\/v2\/types\/product"}],"wp:featuredmedia":[{"embeddable":true,"href":"https:\/\/footballthrift.shop\/de\/wp-json\/wp\/v2\/media\/69216"}],"wp:attachment":[{"href":"https:\/\/footballthrift.shop\/de\/wp-json\/wp\/v2\/media?parent=69101"}],"wp:term":[{"taxonomy":"product_brand","embeddable":true,"href":"https:\/\/footballthrift.shop\/de\/wp-json\/wp\/v2\/product_brand?post=69101"},{"taxonomy":"product_cat","embeddable":true,"href":"https:\/\/footballthrift.shop\/de\/wp-json\/wp\/v2\/product_cat?post=69101"},{"taxonomy":"product_tag","embeddable":true,"href":"https:\/\/footballthrift.shop\/de\/wp-json\/wp\/v2\/product_tag?post=69101"}],"curies":[{"name":"wp","href":"https:\/\/api.w.org\/{rel}","templated":true}]}}