{"id":69095,"date":"2025-03-09T17:55:53","date_gmt":"2025-03-09T16:55:53","guid":{"rendered":"https:\/\/footballthrift.shop\/?post_type=product&#038;p=69095"},"modified":"2026-03-09T11:29:46","modified_gmt":"2026-03-09T10:29:46","slug":"bluza-treningowa-irlandia-m","status":"publish","type":"product","link":"https:\/\/footballthrift.shop\/de\/bluza-treningowa-irlandia-m\/","title":{"rendered":"Bluza treningowa Irlandia 2018\/20 [M]"},"content":{"rendered":"<p><strong>Verein:<\/strong> Irland<\/p>\n<p><strong>Saison:\u00a0<\/strong>2018\/20<\/p>\n<p><strong>Gr\u00f6\u00dfe: <\/strong>M<\/p>\n<p><strong>Zustand:<\/strong> Ausgezeichnet<\/p>\n<p><strong>Ma\u00dfe (Achselbreite\/L\u00e4nge) in cm: <\/strong>53\/72<\/p>","protected":false},"excerpt":{"rendered":"<article class=\"text-token-text-primary w-full focus:outline-none [--shadow-height:45px] has-data-writing-block:pointer-events-none has-data-writing-block:-mt-(--shadow-height) has-data-writing-block:pt-(--shadow-height) [&amp;:has([data-writing-block])&gt;*]:pointer-events-auto [content-visibility:auto] supports-[content-visibility:auto]:[contain-intrinsic-size:auto_100lvh] scroll-mt-[calc(var(--header-height)+min(200px,max(70px,20svh)))]\" dir=\"auto\" tabindex=\"-1\" data-turn-id=\"request-68fd285f-2f84-8329-bd83-00af952aa646-4\" data-testid=\"conversation-turn-130\" data-scroll-anchor=\"true\" data-turn=\"assistant\">\n<div class=\"text-base my-auto mx-auto pb-10 [--thread-content-margin:--spacing(4)] thread-sm:[--thread-content-margin:--spacing(6)] thread-lg:[--thread-content-margin:--spacing(16)] px-(--thread-content-margin)\">\n<div class=\"[--thread-content-max-width:40rem] thread-lg:[--thread-content-max-width:48rem] mx-auto max-w-(--thread-content-max-width) flex-1 group\/turn-messages focus-visible:outline-hidden relative flex w-full min-w-0 flex-col agent-turn\" tabindex=\"-1\">\n<div class=\"flex max-w-full flex-col grow\">\n<div class=\"min-h-8 text-message relative flex w-full flex-col items-end gap-2 text-start break-words whitespace-normal [.text-message+&amp;]:mt-1\" dir=\"auto\" data-message-author-role=\"assistant\" data-message-id=\"095284b5-1420-44db-8f89-ac2e00aab520\" data-message-model-slug=\"gpt-5\">\n<div class=\"flex w-full flex-col gap-1 empty:hidden first:pt-[1px]\">\n<div class=\"markdown prose dark:prose-invert w-full break-words light markdown-new-styling\">\n<p data-start=\"0\" data-end=\"97\"><strong data-start=\"0\" data-end=\"95\">Oryginalna bluza treningowa reprezentacji Irlandii z lat 2018\u20132020 \u2013 produkcji New Balance.\u00a0<\/strong><\/p>\n<p data-start=\"99\" data-end=\"532\">To klasyczny element odzie\u017cy treningowej <strong data-start=\"140\" data-end=\"166\">reprezentacji Irlandii<\/strong>, w rozmiarze <strong>M<\/strong>, pochodz\u0105cy z okresu wsp\u00f3\u0142pracy z mark\u0105 <strong data-start=\"207\" data-end=\"222\">New Balance<\/strong>, kt\u00f3ra odpowiada\u0142a w\u00f3wczas za pe\u0142n\u0105 lini\u0119 sprz\u0119tu meczowego i treningowego dru\u017cyny narodowej. Bluza wykonana zosta\u0142a z lekkiego, technicznego <strong data-start=\"365\" data-end=\"392\">materia\u0142u poliestrowego<\/strong>, charakterystycznego dla projekt\u00f3w treningowych producenta z tamtych lat \u2013 gwarantuj\u0105cego wygod\u0119, trwa\u0142o\u015b\u0107 i dobre odprowadzanie wilgoci.<\/p>\n<p data-start=\"534\" data-end=\"1119\">Model utrzymany jest w <strong data-start=\"557\" data-end=\"575\">szarym kolorze<\/strong>, z subtelnymi akcentami w barwach narodowych. Na froncie umieszczono jedynie <strong data-start=\"653\" data-end=\"701\">herb irlandzkiej federacji pi\u0142karskiej (FAI)<\/strong> oraz <strong data-start=\"707\" data-end=\"727\">logotyp sponsora<\/strong>, co nadaje projektowi czysty, minimalistyczny charakter. R\u0119kawy zdobi\u0105 <strong data-start=\"799\" data-end=\"817\">granatowe pasy<\/strong>, kt\u00f3re biegn\u0105 wzd\u0142u\u017c ich d\u0142ugo\u015bci, natomiast <strong data-start=\"863\" data-end=\"883\">ko\u0144c\u00f3wki r\u0119kaw\u00f3w<\/strong> wyko\u0144czono w <strong data-start=\"897\" data-end=\"917\">zielonym kolorze<\/strong>, stanowi\u0105cym subtelne nawi\u0105zanie do flagi Irlandii. Bluza posiada <strong data-start=\"984\" data-end=\"1015\">niepe\u0142ny zamek b\u0142yskawiczny<\/strong>, typowy dla treningowych modeli New Balance, kt\u00f3ry umo\u017cliwia regulacj\u0119 wentylacji i komfort noszenia.<\/p>\n<p data-start=\"1121\" data-end=\"1417\" data-is-last-node=\"\" data-is-only-node=\"\">Ta <strong data-start=\"1124\" data-end=\"1178\">oryginalna bluza treningowa reprezentacji Irlandii<\/strong> to doskona\u0142a propozycja dla kolekcjoner\u00f3w odzie\u017cy reprezentacyjnej, fan\u00f3w irlandzkiego futbolu oraz os\u00f3b ceni\u0105cych funkcjonalne, minimalistyczne projekty New Balance, w kt\u00f3rych prostota i wygoda id\u0105 w parze z eleganckim, sportowym stylem.<\/p>\n<\/div>\n<\/div>\n<\/div>\n<\/div>\n<\/div>\n<\/div>\n<\/article>\n","protected":false},"featured_media":69484,"template":"","meta":{"_kad_blocks_custom_css":"","_kad_blocks_head_custom_js":"","_kad_blocks_body_custom_js":"","_kad_blocks_footer_custom_js":"","_kad_post_transparent":"default","_kad_post_title":"","_kad_post_layout":"default","_kad_post_sidebar_id":"","_kad_post_content_style":"default","_kad_post_vertical_padding":"default","_kad_post_feature":"","_kad_post_feature_position":"","_kad_post_header":false,"_kad_post_footer":false,"_kad_post_classname":""},"product_brand":[1301],"product_cat":[1489,1423],"product_tag":[],"class_list":{"0":"post-69095","1":"product","2":"type-product","3":"status-publish","4":"has-post-thumbnail","6":"product_brand-new-balance","7":"product_cat-pozostale-reprezentacje-europa","8":"product_cat-kurtkibluzytrening","9":"pa_rozmiar-m","11":"first","12":"instock","13":"taxable","14":"shipping-taxable","15":"purchasable","16":"product-type-simple","17":"entry","18":"content-bg","19":"loop-entry"},"taxonomy_info":{"product_brand":[{"value":1301,"label":"New Balance"}],"product_cat":[{"value":1489,"label":"Pozosta\u0142e"},{"value":1423,"label":"Kurtki\/bluzy\/trening"}],"pa_rozmiar":[{"value":1816,"label":"M"}]},"featured_image_src_large":["https:\/\/footballthrift.shop\/wp-content\/uploads\/2025\/03\/Photoroom_078_20250309_120738-1024x1024.png",1024,1024,true],"author_info":[],"comment_info":"","_links":{"self":[{"href":"https:\/\/footballthrift.shop\/de\/wp-json\/wp\/v2\/product\/69095","targetHints":{"allow":["GET"]}}],"collection":[{"href":"https:\/\/footballthrift.shop\/de\/wp-json\/wp\/v2\/product"}],"about":[{"href":"https:\/\/footballthrift.shop\/de\/wp-json\/wp\/v2\/types\/product"}],"wp:featuredmedia":[{"embeddable":true,"href":"https:\/\/footballthrift.shop\/de\/wp-json\/wp\/v2\/media\/69484"}],"wp:attachment":[{"href":"https:\/\/footballthrift.shop\/de\/wp-json\/wp\/v2\/media?parent=69095"}],"wp:term":[{"taxonomy":"product_brand","embeddable":true,"href":"https:\/\/footballthrift.shop\/de\/wp-json\/wp\/v2\/product_brand?post=69095"},{"taxonomy":"product_cat","embeddable":true,"href":"https:\/\/footballthrift.shop\/de\/wp-json\/wp\/v2\/product_cat?post=69095"},{"taxonomy":"product_tag","embeddable":true,"href":"https:\/\/footballthrift.shop\/de\/wp-json\/wp\/v2\/product_tag?post=69095"}],"curies":[{"name":"wp","href":"https:\/\/api.w.org\/{rel}","templated":true}]}}