{"id":69088,"date":"2025-03-09T17:55:57","date_gmt":"2025-03-09T16:55:57","guid":{"rendered":"https:\/\/footballthrift.shop\/?post_type=product&#038;p=69088"},"modified":"2026-03-09T11:29:46","modified_gmt":"2026-03-09T10:29:46","slug":"spiel-ausgabe-dynamo-kiew-2015-16-heim-91-teodorczyk-l","status":"publish","type":"product","link":"https:\/\/footballthrift.shop\/de\/match-issue-dynamo-kijow-2015-16-home-91-teodorczyk-l\/","title":{"rendered":"Koszulka pi\u0142karska MATCH ISSUE Dynamo Kij\u00f3w 2015\/16 Home 91 Teodorczyk [L]"},"content":{"rendered":"<p><strong>Verein:<\/strong> Dynamo Kiew<\/p>\n<p><strong>Saison:<\/strong> 2015\/16 Startseite<\/p>\n<p><strong>Gr\u00f6\u00dfe: <\/strong>L<\/p>\n<p><strong>Zustand:<\/strong> Sehr gut - kleines Halsschild ausgeschnitten und Mikroverschmutzung am Kragen.<\/p>\n<p><strong>Ma\u00dfe (Achselbreite\/L\u00e4nge) in cm: <\/strong>55\/73<\/p>","protected":false},"excerpt":{"rendered":"<p data-start=\"0\" data-end=\"122\"><strong data-start=\"0\" data-end=\"120\">Original Dynamo Kyiv Heimtrikot aus der Saison 2015\/16 - produziert von Adidas in der MATCH ISSUE Spielversion.\u00a0<\/strong><\/p>\n<p data-start=\"124\" data-end=\"562\">Dies ist ein au\u00dfergew\u00f6hnliches Modell aus einer Saison, in der <strong data-start=\"162\" data-end=\"178\">Dynamo Kiew<\/strong> teilgenommen an <strong data-start=\"194\" data-end=\"217\">UEFA Champions League<\/strong>, und seine Spieler traten in Trikots auf, die mit Technologie <strong data-start=\"285\" data-end=\"298\">Climacool<\/strong>, und bietet hervorragende Bel\u00fcftung und Komfort beim Spielen auf h\u00f6chstem Niveau. Das Trikot in <strong data-start=\"392\" data-end=\"407\">Gr\u00f6\u00dfe L<\/strong> aufgrund des eindeutigen Aufdrucks des Sponsors ist eine Version des<strong> MATCH-AUSGABE <\/strong>d.h. das von den Spielern der ersten Mannschaft getragene Exemplar, was seinen Sammlercharakter best\u00e4tigt.<\/p>\n<p data-start=\"564\" data-end=\"1184\">Das Modell wird gepflegt in <strong data-start=\"587\" data-end=\"608\">blaue Basis<\/strong>, eine der traditionellen Farben Kiews, mit dem <strong data-start=\"658\" data-end=\"692\">wei\u00dfer Polokragen<\/strong> und passende <strong data-start=\"711\" data-end=\"757\">wei\u00dfe Borte an Hals und \u00c4rmeln<\/strong>, dekoriert mit klassischen <strong data-start=\"783\" data-end=\"802\">Adidas-Streifen<\/strong>. Die \u00c4rmel sind mit dem offiziellen <strong data-start=\"839\" data-end=\"863\">Champions-League-Aufn\u00e4her<\/strong>, w\u00e4hrend eine besondere <strong data-start=\"905\" data-end=\"939\">Nein zu Rassismus\u201e Sponsor Impressum\u201d<\/strong>, als Teil der Kampagne <strong data-start=\"965\" data-end=\"973\">UEFA<\/strong> zur F\u00f6rderung des Kampfes gegen Diskriminierung im Fu\u00dfball. Auf der R\u00fcckseite ist der Name der Person zu lesen, die <strong data-start=\"1070\" data-end=\"1093\">Lukasz Teodorczyk<\/strong>, der zu dieser Zeit einer der besten St\u00fcrmer von Dynamo war.<\/p>\n<p data-start=\"1186\" data-end=\"1357\">Das Trikot zeichnet sich durch sein leichtes, technisches Gewebe mit der charakteristischen Struktur der Spielversionen des <strong data-start=\"1288\" data-end=\"1301\">Climacool<\/strong>, die f\u00fcr Atmungsaktivit\u00e4t und eine optimale Passform sorgen.<\/p>\n<p data-start=\"1359\" data-end=\"1697\" data-is-last-node=\"\" data-is-only-node=\"\">Diese <strong data-start=\"1362\" data-end=\"1408\">Original Dynamo Kiew Fu\u00dfballtrikot<\/strong> Version <strong data-start=\"1418\" data-end=\"1433\">MATCH-AUSGABE<\/strong> mit Personalisierung <strong data-start=\"1451\" data-end=\"1474\">Lukasz Teodorczyk<\/strong> ist ein \u00e4u\u00dferst wertvolles St\u00fcck f\u00fcr Sammler - eine authentische Kopie der europ\u00e4ischen Spiele, die historischen Kontext, professionelle Verarbeitung und eine symbolische Botschaft der Aktion verbindet <strong data-start=\"1656\" data-end=\"1674\">\u201eNein zum Rassismus\u201d<\/strong> von der UEFA gef\u00f6rdert.<\/p>","protected":false},"featured_media":69428,"template":"","meta":{"_kad_blocks_custom_css":"","_kad_blocks_head_custom_js":"","_kad_blocks_body_custom_js":"","_kad_blocks_footer_custom_js":"","_kad_post_transparent":"default","_kad_post_title":"","_kad_post_layout":"default","_kad_post_sidebar_id":"","_kad_post_content_style":"default","_kad_post_vertical_padding":"default","_kad_post_feature":"","_kad_post_feature_position":"","_kad_post_header":false,"_kad_post_footer":false,"_kad_post_classname":""},"product_brand":[1283],"product_cat":[1493,1411],"product_tag":[],"class_list":{"0":"post-69088","1":"product","2":"type-product","3":"status-publish","4":"has-post-thumbnail","6":"product_brand-adidas","7":"product_cat-kluby-europejskie-europa","8":"product_cat-polscy-pilkarze","9":"pa_homeawaythird-home","10":"pa_rozmiar-l","12":"first","13":"instock","14":"taxable","15":"shipping-taxable","16":"purchasable","17":"product-type-simple","18":"entry","19":"content-bg","20":"loop-entry"},"taxonomy_info":{"product_brand":[{"value":1283,"label":"Adidas"}],"product_cat":[{"value":1493,"label":"Pozosta\u0142e kluby europejskie"},{"value":1411,"label":"POLSCY PI\u0141KARZE"}],"pa_homeawaythird":[{"value":1597,"label":"Home"}],"pa_rozmiar":[{"value":1817,"label":"L"}]},"featured_image_src_large":["https:\/\/footballthrift.shop\/wp-content\/uploads\/2025\/03\/Photoroom_003_20250309_120738-1024x1024.png",1024,1024,true],"author_info":[],"comment_info":"","_links":{"self":[{"href":"https:\/\/footballthrift.shop\/de\/wp-json\/wp\/v2\/product\/69088","targetHints":{"allow":["GET"]}}],"collection":[{"href":"https:\/\/footballthrift.shop\/de\/wp-json\/wp\/v2\/product"}],"about":[{"href":"https:\/\/footballthrift.shop\/de\/wp-json\/wp\/v2\/types\/product"}],"wp:featuredmedia":[{"embeddable":true,"href":"https:\/\/footballthrift.shop\/de\/wp-json\/wp\/v2\/media\/69428"}],"wp:attachment":[{"href":"https:\/\/footballthrift.shop\/de\/wp-json\/wp\/v2\/media?parent=69088"}],"wp:term":[{"taxonomy":"product_brand","embeddable":true,"href":"https:\/\/footballthrift.shop\/de\/wp-json\/wp\/v2\/product_brand?post=69088"},{"taxonomy":"product_cat","embeddable":true,"href":"https:\/\/footballthrift.shop\/de\/wp-json\/wp\/v2\/product_cat?post=69088"},{"taxonomy":"product_tag","embeddable":true,"href":"https:\/\/footballthrift.shop\/de\/wp-json\/wp\/v2\/product_tag?post=69088"}],"curies":[{"name":"wp","href":"https:\/\/api.w.org\/{rel}","templated":true}]}}