{"id":69077,"date":"2025-03-09T17:56:05","date_gmt":"2025-03-09T16:56:05","guid":{"rendered":"https:\/\/footballthrift.shop\/?post_type=product&#038;p=69077"},"modified":"2026-03-09T11:29:45","modified_gmt":"2026-03-09T10:29:45","slug":"ac-mantova-2009-10-dritte-91-nassi-l","status":"publish","type":"product","link":"https:\/\/footballthrift.shop\/de\/ac-mantova-2009-10-third-91-nassi-l\/","title":{"rendered":"Koszulka pi\u0142karska AC Mantova 2009\/10 Third 91 Nassi [L]"},"content":{"rendered":"<p><strong>Verein:<\/strong> AC Mantua<\/p>\n<p><strong>Saison:<\/strong> 2009\/10 Dritter<\/p>\n<p><strong>Gr\u00f6\u00dfe: <\/strong>L<\/p>\n<p><strong>Zustand:<\/strong> Ausgezeichnet<\/p>\n<p><strong>Ma\u00dfe (Achselbreite\/L\u00e4nge) in cm: <\/strong>58\/72<\/p>","protected":false},"excerpt":{"rendered":"<p data-start=\"0\" data-end=\"91\"><strong data-start=\"0\" data-end=\"89\">Original AC Mantova Ausw\u00e4rtstrikot aus der Saison 2009\/10 - produziert von Joma.\u00a0<\/strong><\/p>\n<p data-start=\"93\" data-end=\"521\">Es handelt sich um ein klassisches Modell vom Ende des ersten Jahrzehnts des 21. Jahrhunderts, das aus der Zeit stammt, als die <strong data-start=\"176\" data-end=\"190\">AC Mantua<\/strong> trat in der italienischen Serie A auf und pr\u00e4sentierte sich in eleganten Kulissen, die von der spanischen Marke <strong data-start=\"311\" data-end=\"319\">Joma<\/strong>. Das T-Shirt in der Version mit <strong data-start=\"341\" data-end=\"359\">Langarm<\/strong>, in Gr\u00f6\u00dfe <strong data-start=\"387\" data-end=\"392\">L<\/strong>, Das Modell ist mit allen Merkmalen des damaligen Designs ausgestattet - Schlichtheit, solide Verarbeitung und raffinierte Details.<\/p>\n<p data-start=\"523\" data-end=\"1095\">Die vorherrschende Farbe ist <strong data-start=\"548\" data-end=\"558\">Granate<\/strong>, unterbrochen durch <strong data-start=\"577\" data-end=\"620\">zwei wei\u00dfe Streifen auf dem oberen Teil des Hemdes<\/strong>, die sowohl auf der Vorder- als auch auf der R\u00fcckseite verlaufen und dem Modell ein dynamisches und zugleich klassisches Aussehen verleihen. Auf der Vorderseite, mittig und in Folge angeordnet <strong data-start=\"771\" data-end=\"784\">Joma-Logo<\/strong>, <strong data-start=\"786\" data-end=\"805\">Wappen der AC Mantua<\/strong> und <strong data-start=\"811\" data-end=\"830\">Sponsoren-Impressum<\/strong>, die in einer harmonischen vertikalen Anordnung \u00fcbereinander gestapelt sind. Auf dem \u00c4rmel ist das offizielle <strong data-start=\"916\" data-end=\"932\">Liga-Patch<\/strong>, und auf der R\u00fcckseite ist eine Personalisierung mit Ihrem Namen <strong data-start=\"988\" data-end=\"1009\">Maurizio Nassi<\/strong>, ein italienischer St\u00fcrmer, der zu dieser Zeit eine der wichtigsten Figuren der Mannschaft war.<\/p>\n<p data-start=\"1097\" data-end=\"1269\">Das gesamte St\u00fcck ist aus einem robusten, technischen Material mit leicht gl\u00e4nzender Textur gefertigt, das die f\u00fcr die Joma-Designs der Jahrhundertwende charakteristische Haltbarkeit und Bequemlichkeit bietet.<\/p>\n<p data-start=\"1271\" data-end=\"1526\" data-is-last-node=\"\" data-is-only-node=\"\">Es ist <strong data-start=\"1274\" data-end=\"1318\">Original AC Mantova Fu\u00dfballtrikot<\/strong>, die erfolgreich klassisches italienisches Design mit Sammlerwert verbindet - ideal f\u00fcr Calcio-Fans, Mantova-Anh\u00e4nger und Liebhaber von seltenen Modellen aus den unteren Klassen des italienischen Fu\u00dfballs.<\/p>","protected":false},"featured_media":69345,"template":"","meta":{"_kad_blocks_custom_css":"","_kad_blocks_head_custom_js":"","_kad_blocks_body_custom_js":"","_kad_blocks_footer_custom_js":"","_kad_post_transparent":"default","_kad_post_title":"","_kad_post_layout":"default","_kad_post_sidebar_id":"","_kad_post_content_style":"default","_kad_post_vertical_padding":"default","_kad_post_feature":"","_kad_post_feature_position":"","_kad_post_header":false,"_kad_post_footer":false,"_kad_post_classname":""},"product_brand":[1304],"product_cat":[1480],"product_tag":[],"class_list":{"0":"post-69077","1":"product","2":"type-product","3":"status-publish","4":"has-post-thumbnail","6":"product_brand-joma","7":"product_cat-pozostale-kluby-wloskie","8":"pa_homeawaythird-third","9":"pa_rozmiar-l","11":"first","12":"instock","13":"taxable","14":"shipping-taxable","15":"purchasable","16":"product-type-simple","17":"entry","18":"content-bg","19":"loop-entry"},"taxonomy_info":{"product_brand":[{"value":1304,"label":"Joma"}],"product_cat":[{"value":1480,"label":"Pozosta\u0142e kluby w\u0142oskie"}],"pa_homeawaythird":[{"value":1599,"label":"Third"}],"pa_rozmiar":[{"value":1817,"label":"L"}]},"featured_image_src_large":["https:\/\/footballthrift.shop\/wp-content\/uploads\/2025\/03\/Photoroom_021_20250309_120738-1024x1024.png",1024,1024,true],"author_info":[],"comment_info":"","_links":{"self":[{"href":"https:\/\/footballthrift.shop\/de\/wp-json\/wp\/v2\/product\/69077","targetHints":{"allow":["GET"]}}],"collection":[{"href":"https:\/\/footballthrift.shop\/de\/wp-json\/wp\/v2\/product"}],"about":[{"href":"https:\/\/footballthrift.shop\/de\/wp-json\/wp\/v2\/types\/product"}],"wp:featuredmedia":[{"embeddable":true,"href":"https:\/\/footballthrift.shop\/de\/wp-json\/wp\/v2\/media\/69345"}],"wp:attachment":[{"href":"https:\/\/footballthrift.shop\/de\/wp-json\/wp\/v2\/media?parent=69077"}],"wp:term":[{"taxonomy":"product_brand","embeddable":true,"href":"https:\/\/footballthrift.shop\/de\/wp-json\/wp\/v2\/product_brand?post=69077"},{"taxonomy":"product_cat","embeddable":true,"href":"https:\/\/footballthrift.shop\/de\/wp-json\/wp\/v2\/product_cat?post=69077"},{"taxonomy":"product_tag","embeddable":true,"href":"https:\/\/footballthrift.shop\/de\/wp-json\/wp\/v2\/product_tag?post=69077"}],"curies":[{"name":"wp","href":"https:\/\/api.w.org\/{rel}","templated":true}]}}