{"id":68197,"date":"2025-02-23T16:55:45","date_gmt":"2025-02-23T15:55:45","guid":{"rendered":"https:\/\/footballthrift.shop\/?post_type=product&#038;p=68197"},"modified":"2026-03-09T11:29:53","modified_gmt":"2026-03-09T10:29:53","slug":"sample-wlochy-2016-17-away-xl","status":"publish","type":"product","link":"https:\/\/footballthrift.shop\/de\/sample-wlochy-2016-17-away-xl\/","title":{"rendered":"Koszulka pi\u0142karska SAMPLE W\u0142ochy 2016\/17 Away [XL]"},"content":{"rendered":"<p><strong>Verein:<\/strong> Italien<\/p>\n<p><strong>Saison:<\/strong> 2016\/17 Ausw\u00e4rts<\/p>\n<p><strong>Gr\u00f6\u00dfe: <\/strong>XL<\/p>\n<p><strong>Zustand: <\/strong>Befriedigend - deutlicher Fleck in der N\u00e4he der linken Schulter, sowohl vorne als auch hinten am Hemd.<\/p>\n<p><strong>Ma\u00dfe (Achselbreite\/L\u00e4nge) in cm: <\/strong>58\/75<\/p>","protected":false},"excerpt":{"rendered":"<p data-start=\"0\" data-end=\"98\"><strong data-start=\"0\" data-end=\"98\">Original Ausw\u00e4rtstrikot der italienischen Nationalmannschaft aus der Saison 2016\/17 \u2013 hergestellt von Puma.\u00a0<\/strong><\/p>\n<p data-start=\"100\" data-end=\"538\">Ver\u00f6ffentlicht als Hommage an den historischen Triumph w\u00e4hrend <strong data-start=\"151\" data-end=\"177\">Weltmeisterschaften 2006<\/strong>, dieses spezielle Ausw\u00e4rtstrikot der Nationalmannschaft <strong data-start=\"225\" data-end=\"234\">Italienisch<\/strong> deb\u00fctierte in einem Freundschaftsspiel gegen <strong data-start=\"279\" data-end=\"290\">Frankreich<\/strong>, als symbolischer Verweis auf das Finale vor einem Jahrzehnt. Das hier vorgestellte Exemplar ist eine Version <strong data-start=\"382\" data-end=\"392\">PROBEN<\/strong>, also der Prototyp, der schlie\u00dflich in die offizielle Produktion ging. In der Gr\u00f6\u00dfe <strong data-start=\"469\" data-end=\"475\">XL<\/strong> zeichnet sich durch elegante Schlichtheit und ein au\u00dfergew\u00f6hnlich klares Design aus.<\/p>\n<p data-start=\"540\" data-end=\"1033\">Das Projekt basiert auf <strong data-start=\"565\" data-end=\"592\">klassische wei\u00dfe Basis<\/strong>, einschlie\u00dflich <strong data-start=\"614\" data-end=\"627\">Puma-Logo<\/strong> und <strong data-start=\"633\" data-end=\"656\">FIGC-Verbandswappen<\/strong>, die in derselben Farbe gehalten wurden und ein einheitliches und minimalistisches Layout bilden. Die einzigen kontrastierenden Elemente sind <strong data-start=\"782\" data-end=\"859\">dunkelblaue Verzierungen am Kragen, an den \u00c4rmeln und am unteren Rand des Shirts<\/strong>, die die traditionellen Farben von Azzurri subtil unterstreichen. Das dezente Design verleiht dem Trikot einen besonders eleganten, feierlichen Charakter \u2013 passend zu den Umst\u00e4nden seiner Herausgabe.<\/p>\n<p data-start=\"1035\" data-end=\"1301\">Das Material ist <strong data-start=\"1049\" data-end=\"1058\">leicht<\/strong>, <strong data-start=\"1060\" data-end=\"1074\">luftdurchl\u00e4ssig<\/strong> und leicht elastisch, was Tragekomfort und Bewegungsfreiheit gem\u00e4\u00df den technischen Standards gew\u00e4hrleistet. <strong data-start=\"1186\" data-end=\"1194\">Pumas<\/strong> aus dieser Zeit. Die Konstruktion eignet sich f\u00fcr den t\u00e4glichen Gebrauch und beh\u00e4lt gleichzeitig ihren Sammlerwert.<\/p>\n<p data-start=\"1303\" data-end=\"1768\" data-is-last-node=\"\" data-is-only-node=\"\">Diese <strong data-start=\"1306\" data-end=\"1376\">Original-Ausw\u00e4rtstrikot der italienischen Nationalmannschaft aus der Saison 2016\/17<\/strong>, in einzigartiger <strong data-start=\"1391\" data-end=\"1421\">Prototyp-Version SAMPLE<\/strong>, ist ein attraktives Exemplar f\u00fcr <strong data-start=\"1452\" data-end=\"1493\">Sammler historischer Entw\u00fcrfe<\/strong>Fans <strong data-start=\"1501\" data-end=\"1514\">Azzurrich<\/strong> und Liebhaber von <strong data-start=\"1531\" data-end=\"1586\">elegante, minimalistische Fu\u00dfballtrikots<\/strong>. Jej <strong data-start=\"1592\" data-end=\"1640\">symbolische Anspielung auf die Weltmeisterschaft<\/strong>, ihr Deb\u00fct bei einem prestigetr\u00e4chtigen Treffen und ihr einzigartiger Status als Testversion machen sie zu <strong data-start=\"1720\" data-end=\"1767\">ein wertvolles und einzigartiges St\u00fcck in jeder Sammlung<\/strong>.<\/p>","protected":false},"featured_media":68742,"template":"","meta":{"_kad_blocks_custom_css":"","_kad_blocks_head_custom_js":"","_kad_blocks_body_custom_js":"","_kad_blocks_footer_custom_js":"","_kad_post_transparent":"default","_kad_post_title":"","_kad_post_layout":"default","_kad_post_sidebar_id":"","_kad_post_content_style":"default","_kad_post_vertical_padding":"default","_kad_post_feature":"","_kad_post_feature_position":"","_kad_post_header":false,"_kad_post_footer":false,"_kad_post_classname":""},"product_brand":[1287],"product_cat":[1487],"product_tag":[],"class_list":{"0":"post-68197","1":"product","2":"type-product","3":"status-publish","4":"has-post-thumbnail","6":"product_brand-puma","7":"product_cat-reprezentacja-wloch","8":"pa_homeawaythird-away","9":"pa_rozmiar-xl","11":"first","12":"instock","13":"taxable","14":"shipping-taxable","15":"purchasable","16":"product-type-simple","17":"entry","18":"content-bg","19":"loop-entry"},"taxonomy_info":{"product_brand":[{"value":1287,"label":"Puma"}],"product_cat":[{"value":1487,"label":"W\u0142ochy"}],"pa_homeawaythird":[{"value":1598,"label":"Away"}],"pa_rozmiar":[{"value":1818,"label":"XL"}]},"featured_image_src_large":["https:\/\/footballthrift.shop\/wp-content\/uploads\/2025\/02\/Photoroom_002_20250223_160125-1024x1024.png",1024,1024,true],"author_info":[],"comment_info":"","_links":{"self":[{"href":"https:\/\/footballthrift.shop\/de\/wp-json\/wp\/v2\/product\/68197","targetHints":{"allow":["GET"]}}],"collection":[{"href":"https:\/\/footballthrift.shop\/de\/wp-json\/wp\/v2\/product"}],"about":[{"href":"https:\/\/footballthrift.shop\/de\/wp-json\/wp\/v2\/types\/product"}],"wp:featuredmedia":[{"embeddable":true,"href":"https:\/\/footballthrift.shop\/de\/wp-json\/wp\/v2\/media\/68742"}],"wp:attachment":[{"href":"https:\/\/footballthrift.shop\/de\/wp-json\/wp\/v2\/media?parent=68197"}],"wp:term":[{"taxonomy":"product_brand","embeddable":true,"href":"https:\/\/footballthrift.shop\/de\/wp-json\/wp\/v2\/product_brand?post=68197"},{"taxonomy":"product_cat","embeddable":true,"href":"https:\/\/footballthrift.shop\/de\/wp-json\/wp\/v2\/product_cat?post=68197"},{"taxonomy":"product_tag","embeddable":true,"href":"https:\/\/footballthrift.shop\/de\/wp-json\/wp\/v2\/product_tag?post=68197"}],"curies":[{"name":"wp","href":"https:\/\/api.w.org\/{rel}","templated":true}]}}