{"id":68182,"date":"2025-02-23T16:55:44","date_gmt":"2025-02-23T15:55:44","guid":{"rendered":"https:\/\/footballthrift.shop\/?post_type=product&#038;p=68182"},"modified":"2026-03-09T11:29:53","modified_gmt":"2026-03-09T10:29:53","slug":"schalke-04-2019-20-auswarts-yl","status":"publish","type":"product","link":"https:\/\/footballthrift.shop\/de\/schalke-04-2019-20-away-yl\/","title":{"rendered":"Koszulka pi\u0142karska Schalke 04 2019\/20 Away [158 cm]"},"content":{"rendered":"<p><strong>Verein:<\/strong> Schalke 04<\/p>\n<p><strong>Saison:<\/strong> 2019\/20 Ausw\u00e4rts<\/p>\n<p><strong>Gr\u00f6\u00dfe: <\/strong>158 cm<\/p>\n<p><strong>Zustand:<\/strong> Sehr gut - ein paar Mikrorisse auf der Vorderseite und ein abgenutzter Gr\u00f6\u00dfenaufn\u00e4her am Hals.<\/p>\n<p><strong>Ma\u00dfe (Achselbreite\/L\u00e4nge) in cm: <\/strong>46\/64<\/p>","protected":false},"excerpt":{"rendered":"<p data-start=\"0\" data-end=\"90\"><strong data-start=\"0\" data-end=\"90\">Original Schalke 04 Ausw\u00e4rtstrikot aus der Saison 2019\/20 \u2013 hergestellt von Umbro.\u00a0<\/strong><\/p>\n<p data-start=\"92\" data-end=\"407\">Hergestellt von <strong data-start=\"112\" data-end=\"121\">Umbro<\/strong> f\u00fcr <strong data-start=\"126\" data-end=\"140\">Schalke 04<\/strong> f\u00fcr die Saison <strong data-start=\"150\" data-end=\"161\">2019\/20<\/strong>, diese originelle Ausw\u00e4rtsfahrt <strong data-start=\"187\" data-end=\"209\">Fu\u00dfballtrikot<\/strong> in Jugendgr\u00f6\u00dfe f\u00fcr K\u00f6rpergr\u00f6\u00dfe <strong data-start=\"245\" data-end=\"255\">158 cm<\/strong> zeichnet sich durch einen modernen, zur\u00fcckhaltenden Stil und eine hohe Verarbeitungsqualit\u00e4t aus. Das Design bewahrt die Identit\u00e4t des Clubs in einer frischen, minimalistischen Interpretation.<\/p>\n<p data-start=\"409\" data-end=\"793\">Das T-Shirt wurde in <strong data-start=\"438\" data-end=\"454\">wei\u00dfer Sockel<\/strong>, die abwechslungsreich gestaltet ist <strong data-start=\"474\" data-end=\"501\">subtile gr\u00fcne Details<\/strong> auf den \u00c4rmeln und am Kragen, die der Komposition Leichtigkeit und einen modernen Charakter verleihen. Auf der Vorderseite befinden sich klassisch angeordnet: <strong data-start=\"636\" data-end=\"655\">Wappen von Schalke 04<\/strong>, <strong data-start=\"657\" data-end=\"671\">Umbro-Logo<\/strong> und kontrastierender Aufdruck des Hauptsponsors <strong data-start=\"716\" data-end=\"727\">Gazprom<\/strong>, die die Authentizit\u00e4t und die Clubzugeh\u00f6rigkeit des Exemplars unterstreichen.<\/p>\n<p data-start=\"795\" data-end=\"1073\">Das Material ist <strong data-start=\"809\" data-end=\"818\">leicht<\/strong>, <strong data-start=\"820\" data-end=\"834\">luftdurchl\u00e4ssig<\/strong> und angenehm zu tragen, wodurch sich das T-Shirt sowohl f\u00fcr sportliche Aktivit\u00e4ten als auch f\u00fcr den t\u00e4glichen Gebrauch hervorragend eignet. Die Konstruktion bleibt elastisch und bietet Komfort und Bewegungsfreiheit f\u00fcr Jugendliche.<\/p>\n<p data-start=\"1075\" data-end=\"1440\" data-is-last-node=\"\" data-is-only-node=\"\">Diese <strong data-start=\"1078\" data-end=\"1139\">Original Schalke 04 Ausw\u00e4rtstrikot aus der Saison 2019\/20<\/strong> ist eine ausgezeichnete Wahl f\u00fcr <strong data-start=\"1163\" data-end=\"1191\">young Bundesliga fans<\/strong>, Liebhaber <strong data-start=\"1204\" data-end=\"1246\">Clubklassiker in moderner Interpretation<\/strong> und diejenigen, die <strong data-start=\"1271\" data-end=\"1324\">authentische Sammlerst\u00fccke von Umbro<\/strong>. Ihre elegante Farbgebung, die Club-Details und ihr origineller Charakter machen sie zu <strong data-start=\"1401\" data-end=\"1439\">eine wertvolle Erg\u00e4nzung der Sammlung<\/strong>.<\/p>","protected":false},"featured_media":68343,"template":"","meta":{"_kad_blocks_custom_css":"","_kad_blocks_head_custom_js":"","_kad_blocks_body_custom_js":"","_kad_blocks_footer_custom_js":"","_kad_post_transparent":"default","_kad_post_title":"","_kad_post_layout":"default","_kad_post_sidebar_id":"","_kad_post_content_style":"default","_kad_post_vertical_padding":"default","_kad_post_feature":"","_kad_post_feature_position":"","_kad_post_header":false,"_kad_post_footer":false,"_kad_post_classname":""},"product_brand":[1285],"product_cat":[1465,2017],"product_tag":[],"class_list":{"0":"post-68182","1":"product","2":"type-product","3":"status-publish","4":"has-post-thumbnail","6":"product_brand-umbro","7":"product_cat-kluby-niemieckie-schalke04","8":"product_cat-koszulki-mlodziezowe","9":"pa_homeawaythird-away","10":"pa_rozmiar-158-cm","12":"first","13":"instock","14":"taxable","15":"shipping-taxable","16":"purchasable","17":"product-type-simple","18":"entry","19":"content-bg","20":"loop-entry"},"taxonomy_info":{"product_brand":[{"value":1285,"label":"Umbro"}],"product_cat":[{"value":1465,"label":"Schalke 04"},{"value":2017,"label":"KOSZULKI M\u0141ODZIE\u017bOWE"}],"pa_homeawaythird":[{"value":1598,"label":"Away"}],"pa_rozmiar":[{"value":2019,"label":"158 cm"}]},"featured_image_src_large":["https:\/\/footballthrift.shop\/wp-content\/uploads\/2025\/02\/Photoroom_096_20250221_224448-1024x1024.png",1024,1024,true],"author_info":[],"comment_info":"","_links":{"self":[{"href":"https:\/\/footballthrift.shop\/de\/wp-json\/wp\/v2\/product\/68182","targetHints":{"allow":["GET"]}}],"collection":[{"href":"https:\/\/footballthrift.shop\/de\/wp-json\/wp\/v2\/product"}],"about":[{"href":"https:\/\/footballthrift.shop\/de\/wp-json\/wp\/v2\/types\/product"}],"wp:featuredmedia":[{"embeddable":true,"href":"https:\/\/footballthrift.shop\/de\/wp-json\/wp\/v2\/media\/68343"}],"wp:attachment":[{"href":"https:\/\/footballthrift.shop\/de\/wp-json\/wp\/v2\/media?parent=68182"}],"wp:term":[{"taxonomy":"product_brand","embeddable":true,"href":"https:\/\/footballthrift.shop\/de\/wp-json\/wp\/v2\/product_brand?post=68182"},{"taxonomy":"product_cat","embeddable":true,"href":"https:\/\/footballthrift.shop\/de\/wp-json\/wp\/v2\/product_cat?post=68182"},{"taxonomy":"product_tag","embeddable":true,"href":"https:\/\/footballthrift.shop\/de\/wp-json\/wp\/v2\/product_tag?post=68182"}],"curies":[{"name":"wp","href":"https:\/\/api.w.org\/{rel}","templated":true}]}}