{"id":68167,"date":"2025-02-23T16:56:02","date_gmt":"2025-02-23T15:56:02","guid":{"rendered":"https:\/\/footballthrift.shop\/?post_type=product&#038;p=68167"},"modified":"2026-05-01T10:25:21","modified_gmt":"2026-05-01T08:25:21","slug":"liverpool-fc-2006-07-auswarts-s","status":"publish","type":"product","link":"https:\/\/footballthrift.shop\/de\/liverpool-fc-2006-07-away-s\/","title":{"rendered":"Koszulka pi\u0142karska Liverpool FC 2006\/07 Away [S]"},"content":{"rendered":"<p><strong>Verein:<\/strong> Liverpool FC<\/p>\n<p><strong>Saison:<\/strong> 2006\/07 Ausw\u00e4rts<\/p>\n<p><strong>Gr\u00f6\u00dfe: <\/strong>S<\/p>\n<p><strong>Zustand:<\/strong> Befriedigend - leichte Verschmutzung auf der Vorderseite, Mikroflecken, ein kleiner Fleck auf der R\u00fcckseite und leicht besch\u00e4digter Sponsorendruck<\/p>\n<p><strong>Ma\u00dfe (Achselbreite\/L\u00e4nge) in cm: <\/strong>50\/70(vorne), 76(hinten)<\/p>","protected":false},"excerpt":{"rendered":"<p data-start=\"0\" data-end=\"97\"><strong data-start=\"0\" data-end=\"95\">Das Original-Ausw\u00e4rtstrikot des FC Liverpool aus der Saison 2006\/07 - hergestellt von Adidas.\u00a0<\/strong><\/p>\n<p data-start=\"99\" data-end=\"541\">Dies ist ein klassisches Modell, das von <strong data-start=\"137\" data-end=\"148\">Adidas<\/strong> f\u00fcr <strong data-start=\"153\" data-end=\"170\">FC Liverpool<\/strong> f\u00fcr die Saison 2006\/07, in der die Mannschaft von Rafael Ben\u00edtez in der Champions League und der Premier League antrat und einige der markantesten Trikots des Jahrzehnts trug. Das Trikot in <strong data-start=\"367\" data-end=\"382\">Gr\u00f6\u00dfe S<\/strong> in einer ungew\u00f6hnlichen, aber durchaus erkennbaren Vereinsfarbe gehalten, die sich deutlich von anderen Ausw\u00e4rtstrikots dieser Zeit abhob.<\/p>\n<p data-start=\"543\" data-end=\"1030\">Das Modell basiert auf <strong data-start=\"559\" data-end=\"575\">gelber Sockel<\/strong>, die durch eine delikate erg\u00e4nzt wird, <strong data-start=\"604\" data-end=\"642\">d\u00fcnner roter Rand auf der Vorderseite<\/strong>, und verleiht dem Ganzen eine subtile Dynamik. <strong data-start=\"681\" data-end=\"693\">Kragen<\/strong> und <strong data-start=\"699\" data-end=\"734\">drei Adidas-Streifen auf den \u00c4rmeln<\/strong> auch aufgef\u00fchrt in <strong data-start=\"754\" data-end=\"775\">rot gef\u00e4rbt<\/strong>, Das kontrastreiche und gut lesbare Layout passt gut zur \u00c4sthetik von Adidas Mitte der 2000er Jahre. <strong data-start=\"917\" data-end=\"954\">gr\u00fcner Carlsberg-Sponsorenaufdruck<\/strong> in der Mitte, die sich perfekt in die Palette der alternativen Clubfarben einf\u00fcgt.<\/p>\n<p data-start=\"1032\" data-end=\"1293\">Die Vorderseite enth\u00e4lt au\u00dferdem <strong data-start=\"1061\" data-end=\"1080\">Liverpooler Wappen<\/strong> und <strong data-start=\"1086\" data-end=\"1102\">Adidas-Logo<\/strong>, in einer klassischen symmetrischen Anordnung. Das Ganze ist aus leichtem Material gefertigt <strong data-start=\"1192\" data-end=\"1205\">Climacool<\/strong>, Das Design des Modells basiert auf dem luftigen, komfortablen Design, das f\u00fcr die Match-Modelle der damaligen Zeit typisch war.<\/p>\n<p data-start=\"1295\" data-end=\"1571\" data-is-last-node=\"\" data-is-only-node=\"\">Diese <strong data-start=\"1298\" data-end=\"1345\">Original Liverpool FC Fu\u00dfballtrikot<\/strong> aus der Saison 2006\/07 ist ideal f\u00fcr Sammler der Reds, Fans von Adidas-Designs aus den 2000er Jahren und Liebhaber einzigartiger Ausw\u00e4rtstrikots, die kr\u00e4ftige Farben perfekt mit klassischem Vereinsstil kombinieren.<\/p>","protected":false},"featured_media":68543,"template":"","meta":{"_kad_blocks_custom_css":"","_kad_blocks_head_custom_js":"","_kad_blocks_body_custom_js":"","_kad_blocks_footer_custom_js":"","_kad_post_transparent":"default","_kad_post_title":"","_kad_post_layout":"default","_kad_post_sidebar_id":"","_kad_post_content_style":"default","_kad_post_vertical_padding":"default","_kad_post_feature":"","_kad_post_feature_position":"","_kad_post_header":false,"_kad_post_footer":false,"_kad_post_classname":""},"product_brand":[1283],"product_cat":[1464],"product_tag":[],"class_list":{"0":"post-68167","1":"product","2":"type-product","3":"status-publish","4":"has-post-thumbnail","6":"product_brand-adidas","7":"product_cat-liverpool","8":"pa_homeawaythird-away","9":"pa_rozmiar-s","11":"first","12":"instock","13":"sale","14":"taxable","15":"shipping-taxable","16":"purchasable","17":"product-type-simple","18":"entry","19":"content-bg","20":"loop-entry"},"taxonomy_info":{"product_brand":[{"value":1283,"label":"Adidas"}],"product_cat":[{"value":1464,"label":"Liverpool FC"}],"pa_homeawaythird":[{"value":1598,"label":"Away"}],"pa_rozmiar":[{"value":1815,"label":"S"}]},"featured_image_src_large":["https:\/\/footballthrift.shop\/wp-content\/uploads\/2025\/02\/Photoroom_106_20250221_224448-1-1024x1024.png",1024,1024,true],"author_info":[],"comment_info":"","_links":{"self":[{"href":"https:\/\/footballthrift.shop\/de\/wp-json\/wp\/v2\/product\/68167","targetHints":{"allow":["GET"]}}],"collection":[{"href":"https:\/\/footballthrift.shop\/de\/wp-json\/wp\/v2\/product"}],"about":[{"href":"https:\/\/footballthrift.shop\/de\/wp-json\/wp\/v2\/types\/product"}],"wp:featuredmedia":[{"embeddable":true,"href":"https:\/\/footballthrift.shop\/de\/wp-json\/wp\/v2\/media\/68543"}],"wp:attachment":[{"href":"https:\/\/footballthrift.shop\/de\/wp-json\/wp\/v2\/media?parent=68167"}],"wp:term":[{"taxonomy":"product_brand","embeddable":true,"href":"https:\/\/footballthrift.shop\/de\/wp-json\/wp\/v2\/product_brand?post=68167"},{"taxonomy":"product_cat","embeddable":true,"href":"https:\/\/footballthrift.shop\/de\/wp-json\/wp\/v2\/product_cat?post=68167"},{"taxonomy":"product_tag","embeddable":true,"href":"https:\/\/footballthrift.shop\/de\/wp-json\/wp\/v2\/product_tag?post=68167"}],"curies":[{"name":"wp","href":"https:\/\/api.w.org\/{rel}","templated":true}]}}