{"id":68159,"date":"2025-02-23T16:56:08","date_gmt":"2025-02-23T15:56:08","guid":{"rendered":"https:\/\/footballthrift.shop\/?post_type=product&#038;p=68159"},"modified":"2026-03-09T11:29:50","modified_gmt":"2026-03-09T10:29:50","slug":"feyenoord-rotterdam-2000-01-away-xl","status":"publish","type":"product","link":"https:\/\/footballthrift.shop\/de\/feyenoord-rotterdam-2000-01-away-xl\/","title":{"rendered":"Koszulka pi\u0142karska Feyenoord Rotterdam 2000\/01 Away [XL]"},"content":{"rendered":"<p><strong>Verein:<\/strong> Feyenoord Rotterdam<\/p>\n<p><strong>Saison:<\/strong> 2000\/01 Ausw\u00e4rts<\/p>\n<p><strong>Gr\u00f6\u00dfe: <\/strong>XL<\/p>\n<p><strong>Zustand:<\/strong> Gut - abgeschnittenes Gr\u00f6\u00dfenetikett im Nacken, ein paar Mikrozerrungen und ein leichter Fleck auf dem R\u00fccken.<\/p>\n<p><strong>Ma\u00dfe (Achselbreite\/L\u00e4nge) in cm: <\/strong>61\/76(vorne), 84(hinten)<\/p>","protected":false},"excerpt":{"rendered":"<p data-start=\"0\" data-end=\"102\"><strong data-start=\"0\" data-end=\"100\">Original Feyenoord Rotterdam Ausw\u00e4rtstrikot aus der Saison 2000\/01 - produziert von Kappa.\u00a0<\/strong><\/p>\n<p data-start=\"104\" data-end=\"509\">Es handelt sich um ein einzigartiges Projekt, das von <strong data-start=\"152\" data-end=\"161\">Kappa<\/strong> f\u00fcr <strong data-start=\"166\" data-end=\"190\">Feyenoord Rotterdam<\/strong> f\u00fcr die Saison 2000\/01, eine Zeit, in der der italienische Hersteller f\u00fcr seinen stark erkennbaren Stil bekannt war - ma\u00dfgeschneiderte Schnitte, scharfe Kontraste und klare Details, die typisch f\u00fcr die Jahrhundertwende sind. Ein Exemplar in <strong data-start=\"394\" data-end=\"410\">Gr\u00f6\u00dfe XL<\/strong> beh\u00e4lt alle Elemente der klassischen Kappa-\u00c4sthetik bei und schafft so ein einzigartiges Sammlermodell.<\/p>\n<p data-start=\"511\" data-end=\"953\">Das Trikot wurde in einem eleganten Design gehalten, wie man es selten bei Ausw\u00e4rtstrikots sieht. <strong data-start=\"596\" data-end=\"614\">goldene Farbe<\/strong>, die als Hauptst\u00fctzpunkt dient. <strong data-start=\"650\" data-end=\"696\">\u00c4rmel und oberer Brustbereich<\/strong> durchgef\u00fchrt in <strong data-start=\"708\" data-end=\"731\">marineblau<\/strong>, und verleiht dem Design Tiefe und starken Kontrast. Auf der Vorderseite wurde Platz gelassen f\u00fcr <strong data-start=\"814\" data-end=\"848\">Impressum von Stad Rotterdam Sponsor<\/strong>\u00fcber denen sich die <strong data-start=\"873\" data-end=\"887\">Vereinswappen<\/strong> und <strong data-start=\"893\" data-end=\"907\">Kappa-Logo<\/strong>, beide in einer klassischen, exponierten Anordnung.<\/p>\n<p data-start=\"955\" data-end=\"1278\">Unter dem Sponsorenbereich finden Sie <strong data-start=\"984\" data-end=\"1009\">horizontaler dunkelblauer G\u00fcrtel<\/strong>, die die Farbkomposition auf der Vorderseite ausgleicht. <strong data-start=\"1064\" data-end=\"1088\">Marineblauer Kragen<\/strong> und <strong data-start=\"1094\" data-end=\"1118\">wei\u00dfe Kappa-Logos<\/strong> Die \u00c4rmel vervollst\u00e4ndigen den Look und verleihen dem T-Shirt den typischen Charakter des italienischen Herstellers - sportlich und doch elegant und unverwechselbar.<\/p>\n<p data-start=\"1280\" data-end=\"1457\">Das Modell besteht aus synthetischem Material mit leicht gl\u00e4nzender Textur, charakteristisch f\u00fcr die sp\u00e4ten 1990er und fr\u00fchen 2000er Jahre, was seinen authentischen Retro-Look noch unterstreicht.<\/p>\n<p data-start=\"1459\" data-end=\"1743\" data-is-last-node=\"\" data-is-only-node=\"\">Diese <strong data-start=\"1462\" data-end=\"1516\">Original Feyenoord Rotterdam Fu\u00dfballtrikot<\/strong> aus der Saison 2000\/01 ist eine tolle Option f\u00fcr Eredivisie-Sammler, Fans klassischer Kappa-Designs und Liebhaber ungew\u00f6hnlicher goldener Ausw\u00e4rtstrikots, die sowohl stilistisch als auch historisch herausragen.<\/p>","protected":false},"featured_media":68475,"template":"","meta":{"_kad_blocks_custom_css":"","_kad_blocks_head_custom_js":"","_kad_blocks_body_custom_js":"","_kad_blocks_footer_custom_js":"","_kad_post_transparent":"default","_kad_post_title":"","_kad_post_layout":"default","_kad_post_sidebar_id":"","_kad_post_content_style":"default","_kad_post_vertical_padding":"default","_kad_post_feature":"","_kad_post_feature_position":"","_kad_post_header":false,"_kad_post_footer":false,"_kad_post_classname":""},"product_brand":[1290],"product_cat":[1466],"product_tag":[],"class_list":{"0":"post-68159","1":"product","2":"type-product","3":"status-publish","4":"has-post-thumbnail","6":"product_brand-kappa","7":"product_cat-belgia-holandia","8":"pa_homeawaythird-away","9":"pa_rozmiar-xl","11":"first","12":"instock","13":"taxable","14":"shipping-taxable","15":"purchasable","16":"product-type-simple","17":"entry","18":"content-bg","19":"loop-entry"},"taxonomy_info":{"product_brand":[{"value":1290,"label":"Kappa"}],"product_cat":[{"value":1466,"label":"Belgia i Holandia"}],"pa_homeawaythird":[{"value":1598,"label":"Away"}],"pa_rozmiar":[{"value":1818,"label":"XL"}]},"featured_image_src_large":["https:\/\/footballthrift.shop\/wp-content\/uploads\/2025\/02\/Photoroom_010_20250221_224448-1024x1024.png",1024,1024,true],"author_info":[],"comment_info":"","_links":{"self":[{"href":"https:\/\/footballthrift.shop\/de\/wp-json\/wp\/v2\/product\/68159","targetHints":{"allow":["GET"]}}],"collection":[{"href":"https:\/\/footballthrift.shop\/de\/wp-json\/wp\/v2\/product"}],"about":[{"href":"https:\/\/footballthrift.shop\/de\/wp-json\/wp\/v2\/types\/product"}],"wp:featuredmedia":[{"embeddable":true,"href":"https:\/\/footballthrift.shop\/de\/wp-json\/wp\/v2\/media\/68475"}],"wp:attachment":[{"href":"https:\/\/footballthrift.shop\/de\/wp-json\/wp\/v2\/media?parent=68159"}],"wp:term":[{"taxonomy":"product_brand","embeddable":true,"href":"https:\/\/footballthrift.shop\/de\/wp-json\/wp\/v2\/product_brand?post=68159"},{"taxonomy":"product_cat","embeddable":true,"href":"https:\/\/footballthrift.shop\/de\/wp-json\/wp\/v2\/product_cat?post=68159"},{"taxonomy":"product_tag","embeddable":true,"href":"https:\/\/footballthrift.shop\/de\/wp-json\/wp\/v2\/product_tag?post=68159"}],"curies":[{"name":"wp","href":"https:\/\/api.w.org\/{rel}","templated":true}]}}