{"id":68158,"date":"2025-02-23T16:56:09","date_gmt":"2025-02-23T15:56:09","guid":{"rendered":"https:\/\/footballthrift.shop\/?post_type=product&#038;p=68158"},"modified":"2026-03-09T11:29:49","modified_gmt":"2026-03-09T10:29:49","slug":"fc-slovan-liberec-2010-11-third-18-dockal-l","status":"publish","type":"product","link":"https:\/\/footballthrift.shop\/de\/fc-slovan-liberec-2010-11-third-18-dockal-l\/","title":{"rendered":"Koszulka pi\u0142karska FC Slovan Liberec 2010\/11 Third 18 Dockal [L]"},"content":{"rendered":"<p><strong>Verein:<\/strong> FC Slovan Liberec<\/p>\n<p><strong>Saison:<\/strong> 2010\/11 Dritter<\/p>\n<p><strong>Gr\u00f6\u00dfe: <\/strong>L<\/p>\n<p><strong>Zustand:<\/strong> Gut - abgenutzter \"Hummel\"-Aufdruck und aufgeklebter Name auf der R\u00fcckseite des Trikots.<\/p>\n<p><strong>Ma\u00dfe (Achselbreite\/L\u00e4nge) in cm: <\/strong>55\/71<\/p>","protected":false},"excerpt":{"rendered":"<p data-start=\"0\" data-end=\"97\"><strong data-start=\"0\" data-end=\"95\">Das originale dritte Slovan Liberec Fu\u00dfballtrikot aus der Saison 2010\/11 - hergestellt von Hummel.\u00a0<\/strong><\/p>\n<p data-start=\"99\" data-end=\"472\">Dies ist ein seltenes und beeindruckendes Modell, das von der <strong data-start=\"146\" data-end=\"157\">Hummel<\/strong> f\u00fcr <strong data-start=\"162\" data-end=\"181\">Slovan Liberec<\/strong> f\u00fcr die Saison 2010\/11, in der der tschechische Verein regelm\u00e4\u00dfig an der Spitze der Liga mitspielte. Das Projekt in <strong data-start=\"279\" data-end=\"294\">Gr\u00f6\u00dfe L<\/strong>, hergestellt in <strong data-start=\"307\" data-end=\"334\">lang\u00e4rmelige Version<\/strong>, Es entspricht dem typischen Stil von Hummel: knackig, robust und mit Details versehen, die dem T-Shirt seinen einzigartigen Charakter verleihen.<\/p>\n<p data-start=\"474\" data-end=\"835\">Das T-Shirt wurde in <strong data-start=\"503\" data-end=\"520\">schwarzer Sockel<\/strong>, die durch ein subtiles, aber elegantes <strong data-start=\"563\" data-end=\"580\">Goldrand<\/strong> die \u00fcber die Vorderseite verl\u00e4uft. Dieses Finish verleiht dem Modell eine einzigartige, fast \u201eflaumige\u201d \u00c4sthetik. In der Mitte befindet sich ein <strong data-start=\"704\" data-end=\"731\">Impressum des Sponsors Fortuna<\/strong>, und dar\u00fcber - <strong data-start=\"745\" data-end=\"761\">Wappen von Slovan<\/strong> und <strong data-start=\"767\" data-end=\"783\">Hummel-Logo<\/strong>.<\/p>\n<p data-start=\"837\" data-end=\"1209\">Auf der H\u00fclle ist das offizielle <strong data-start=\"870\" data-end=\"886\">Liga-Patch<\/strong>, was die vollst\u00e4ndige Authentizit\u00e4t des T-Shirts best\u00e4tigt. Die R\u00fcckseite zeigt <strong data-start=\"952\" data-end=\"964\">Nummer 18<\/strong>, w\u00e4hrend der Name <strong data-start=\"985\" data-end=\"1002\">Bo\u0159ka Do\u010dkala<\/strong> versiegelt wurde - vieles deutet darauf hin, dass das Trikot sp\u00e4ter an die Jugendmannschaft ging, wo nur die Nummer belassen wurde, was die Kopie ungew\u00f6hnlich und f\u00fcr Sammler noch interessanter macht.<\/p>\n<p data-start=\"1211\" data-end=\"1371\">Das Material hat eine glatte, leicht dehnbare Struktur, die typisch f\u00fcr die Designs von Hummel aus den fr\u00fchen 2010er Jahren ist, und der Gesamtlook zeichnet sich durch solide Verarbeitung und einen klassischen Schnitt aus.<\/p>\n<p data-start=\"1373\" data-end=\"1649\" data-is-last-node=\"\" data-is-only-node=\"\">Diese <strong data-start=\"1376\" data-end=\"1425\">Original Slovan Liberec Fu\u00dfballtrikot<\/strong> aus der Saison 2010\/11 ist ein einzigartiges St\u00fcck f\u00fcr Sammler tschechischer Vereine, Liebhaber ausgefallener dritter Garnituren und Fans von Hummel-Designs, bei denen elegante Details und Funktionalit\u00e4t ein stimmiges und beeindruckendes Ganzes bilden.<\/p>","protected":false},"featured_media":68466,"template":"","meta":{"_kad_blocks_custom_css":"","_kad_blocks_head_custom_js":"","_kad_blocks_body_custom_js":"","_kad_blocks_footer_custom_js":"","_kad_post_transparent":"default","_kad_post_title":"","_kad_post_layout":"default","_kad_post_sidebar_id":"","_kad_post_content_style":"default","_kad_post_vertical_padding":"default","_kad_post_feature":"","_kad_post_feature_position":"","_kad_post_header":false,"_kad_post_footer":false,"_kad_post_classname":""},"product_brand":[1288],"product_cat":[1493],"product_tag":[],"class_list":{"0":"post-68158","1":"product","2":"type-product","3":"status-publish","4":"has-post-thumbnail","6":"product_brand-hummel","7":"product_cat-kluby-europejskie-europa","8":"pa_homeawaythird-third","9":"pa_rozmiar-l","11":"first","12":"instock","13":"taxable","14":"shipping-taxable","15":"purchasable","16":"product-type-simple","17":"entry","18":"content-bg","19":"loop-entry"},"taxonomy_info":{"product_brand":[{"value":1288,"label":"Hummel"}],"product_cat":[{"value":1493,"label":"Pozosta\u0142e kluby europejskie"}],"pa_homeawaythird":[{"value":1599,"label":"Third"}],"pa_rozmiar":[{"value":1817,"label":"L"}]},"featured_image_src_large":["https:\/\/footballthrift.shop\/wp-content\/uploads\/2025\/02\/Photoroom_102_20250221_224448-1024x1024.png",1024,1024,true],"author_info":[],"comment_info":"","_links":{"self":[{"href":"https:\/\/footballthrift.shop\/de\/wp-json\/wp\/v2\/product\/68158","targetHints":{"allow":["GET"]}}],"collection":[{"href":"https:\/\/footballthrift.shop\/de\/wp-json\/wp\/v2\/product"}],"about":[{"href":"https:\/\/footballthrift.shop\/de\/wp-json\/wp\/v2\/types\/product"}],"wp:featuredmedia":[{"embeddable":true,"href":"https:\/\/footballthrift.shop\/de\/wp-json\/wp\/v2\/media\/68466"}],"wp:attachment":[{"href":"https:\/\/footballthrift.shop\/de\/wp-json\/wp\/v2\/media?parent=68158"}],"wp:term":[{"taxonomy":"product_brand","embeddable":true,"href":"https:\/\/footballthrift.shop\/de\/wp-json\/wp\/v2\/product_brand?post=68158"},{"taxonomy":"product_cat","embeddable":true,"href":"https:\/\/footballthrift.shop\/de\/wp-json\/wp\/v2\/product_cat?post=68158"},{"taxonomy":"product_tag","embeddable":true,"href":"https:\/\/footballthrift.shop\/de\/wp-json\/wp\/v2\/product_tag?post=68158"}],"curies":[{"name":"wp","href":"https:\/\/api.w.org\/{rel}","templated":true}]}}