{"id":68150,"date":"2025-02-23T16:55:46","date_gmt":"2025-02-23T15:55:46","guid":{"rendered":"https:\/\/footballthrift.shop\/?post_type=product&#038;p=68150"},"modified":"2026-03-09T11:29:52","modified_gmt":"2026-03-09T10:29:52","slug":"dynamo-dresden-2023-24-heim-xl","status":"publish","type":"product","link":"https:\/\/footballthrift.shop\/de\/dynamo-drezno-2023-24-home-xl\/","title":{"rendered":"Koszulka pi\u0142karska Dynamo Drezno 2023\/24 Home [XL]"},"content":{"rendered":"<p><strong>Verein:<\/strong> Dynamo Dresden<\/p>\n<p><strong>Saison:<\/strong> 2023\/24 Startseite<\/p>\n<p><strong>Gr\u00f6\u00dfe: <\/strong>XL<\/p>\n<p><strong>Zustand:<\/strong> Gut - vernachl\u00e4ssigbare Menge an Mikron\u00e4hten.<\/p>\n<p><strong>Ma\u00dfe (Achselbreite\/L\u00e4nge) in cm: <\/strong>57\/76<\/p>","protected":false},"excerpt":{"rendered":"<p data-start=\"0\" data-end=\"90\"><strong data-start=\"0\" data-end=\"90\">Original Heimtrikot von Dynamo Dresden aus der Saison 2023\/24 \u2013 hergestellt von Umbro.\u00a0<\/strong><\/p>\n<p data-start=\"92\" data-end=\"458\">Hergestellt von <strong data-start=\"112\" data-end=\"121\">Umbro<\/strong> f\u00fcr <strong data-start=\"126\" data-end=\"143\">Dynamo Dresden<\/strong> f\u00fcr die Saison <strong data-start=\"153\" data-end=\"164\">2023\/24<\/strong>, diese originelle hausgemachte <strong data-start=\"187\" data-end=\"209\">Fu\u00dfballtrikot<\/strong> in der Gr\u00f6\u00dfe <strong data-start=\"222\" data-end=\"228\">XL<\/strong> verbindet klassische Clubfarben mit modernem, geometrischem Design. Das Design ist traditionell gehalten. <strong data-start=\"344\" data-end=\"361\">gelbe Farbe<\/strong>, jedoch mit stilvollen Paneelen im oberen Bereich versehen, die ihm einen einzigartigen, modernen Charakter verleihen.<\/p>\n<p data-start=\"460\" data-end=\"1001\">Das Design basiert auf intensiven <strong data-start=\"489\" data-end=\"508\">gelbem Stoff<\/strong>, auf der im oberen Teil des T-Shirts und auf <strong data-start=\"553\" data-end=\"566\">\u00c4rmel<\/strong> platziert <strong data-start=\"579\" data-end=\"609\">schwarze geometrische Paneele<\/strong> mit quadratischem Layout. Dieses originelle Motiv zieht die Aufmerksamkeit auf sich und verleiht dem T-Shirt einen dynamischen, urbanen Stil. Auf der Vorderseite ist der Aufdruck des Sponsors zu sehen. <strong data-start=\"763\" data-end=\"779\">All-inkl.com<\/strong>, das sich \u00e4sthetisch in das Design einf\u00fcgt und die Farbkonsistenz bewahrt. Dar\u00fcber wurden klassisch angeordnete <strong data-start=\"900\" data-end=\"914\">Umbro-Logo<\/strong> und <strong data-start=\"920\" data-end=\"942\">Wappen von Dynamo Dresden<\/strong>, die die Authentizit\u00e4t und die Clubidentit\u00e4t des Trikots unterstreichen.<\/p>\n<p data-start=\"1003\" data-end=\"1257\">Das Material ist <strong data-start=\"1017\" data-end=\"1026\">leicht<\/strong>, <strong data-start=\"1028\" data-end=\"1042\">luftdurchl\u00e4ssig<\/strong> und gew\u00e4hrleistet <strong data-start=\"1054\" data-end=\"1082\">Tragekomfort<\/strong>, gem\u00e4\u00df den technischen Standards von Umbro. Der Stoff f\u00fchlt sich angenehm an und ist elastisch, sodass er sich sowohl f\u00fcr sportliche Aktivit\u00e4ten als auch f\u00fcr den Alltag eignet.<\/p>\n<p data-start=\"1259\" data-end=\"1628\" data-is-last-node=\"\" data-is-only-node=\"\">Diese <strong data-start=\"1262\" data-end=\"1323\">Original-Heimtrikot von Dynamo Dresden aus der Saison 2023\/24<\/strong> ist eine ausgezeichnete Wahl f\u00fcr <strong data-start=\"1347\" data-end=\"1394\">Sammler zeitgen\u00f6ssischer Umbro-Entw\u00fcrfe<\/strong>, <strong data-start=\"1396\" data-end=\"1426\">Deutsche Fu\u00dfballfans<\/strong> und diejenigen, die Wert auf <strong data-start=\"1447\" data-end=\"1492\">eine Kombination aus Klassik und modernem Design<\/strong>. Jej <strong data-start=\"1498\" data-end=\"1521\">geometrische Details<\/strong>, sein authentischer Stil und seine Club-Symbolik machen ihn zu einem interessanten und wertvollen Bestandteil jeder Sammlung.<\/p>","protected":false},"featured_media":68721,"template":"","meta":{"_kad_blocks_custom_css":"","_kad_blocks_head_custom_js":"","_kad_blocks_body_custom_js":"","_kad_blocks_footer_custom_js":"","_kad_post_transparent":"default","_kad_post_title":"","_kad_post_layout":"default","_kad_post_sidebar_id":"","_kad_post_content_style":"default","_kad_post_vertical_padding":"default","_kad_post_feature":"","_kad_post_feature_position":"","_kad_post_header":false,"_kad_post_footer":false,"_kad_post_classname":""},"product_brand":[1285],"product_cat":[1490],"product_tag":[],"class_list":{"0":"post-68150","1":"product","2":"type-product","3":"status-publish","4":"has-post-thumbnail","6":"product_brand-umbro","7":"product_cat-pozostale-kluby-niemieckie","8":"pa_homeawaythird-home","9":"pa_rozmiar-xl","11":"first","12":"instock","13":"taxable","14":"shipping-taxable","15":"purchasable","16":"product-type-simple","17":"entry","18":"content-bg","19":"loop-entry"},"taxonomy_info":{"product_brand":[{"value":1285,"label":"Umbro"}],"product_cat":[{"value":1490,"label":"Pozosta\u0142e kluby niemieckie"}],"pa_homeawaythird":[{"value":1597,"label":"Home"}],"pa_rozmiar":[{"value":1818,"label":"XL"}]},"featured_image_src_large":["https:\/\/footballthrift.shop\/wp-content\/uploads\/2025\/02\/Photoroom_030_20250221_224448-1024x1024.png",1024,1024,true],"author_info":[],"comment_info":"","_links":{"self":[{"href":"https:\/\/footballthrift.shop\/de\/wp-json\/wp\/v2\/product\/68150","targetHints":{"allow":["GET"]}}],"collection":[{"href":"https:\/\/footballthrift.shop\/de\/wp-json\/wp\/v2\/product"}],"about":[{"href":"https:\/\/footballthrift.shop\/de\/wp-json\/wp\/v2\/types\/product"}],"wp:featuredmedia":[{"embeddable":true,"href":"https:\/\/footballthrift.shop\/de\/wp-json\/wp\/v2\/media\/68721"}],"wp:attachment":[{"href":"https:\/\/footballthrift.shop\/de\/wp-json\/wp\/v2\/media?parent=68150"}],"wp:term":[{"taxonomy":"product_brand","embeddable":true,"href":"https:\/\/footballthrift.shop\/de\/wp-json\/wp\/v2\/product_brand?post=68150"},{"taxonomy":"product_cat","embeddable":true,"href":"https:\/\/footballthrift.shop\/de\/wp-json\/wp\/v2\/product_cat?post=68150"},{"taxonomy":"product_tag","embeddable":true,"href":"https:\/\/footballthrift.shop\/de\/wp-json\/wp\/v2\/product_tag?post=68150"}],"curies":[{"name":"wp","href":"https:\/\/api.w.org\/{rel}","templated":true}]}}