{"id":65454,"date":"2025-02-13T18:11:16","date_gmt":"2025-02-13T17:11:16","guid":{"rendered":"https:\/\/footballthrift.shop\/?post_type=product&#038;p=65454"},"modified":"2026-03-09T11:30:54","modified_gmt":"2026-03-09T10:30:54","slug":"torwarttrikot-italien-2009-10-l","status":"publish","type":"product","link":"https:\/\/footballthrift.shop\/de\/koszulka-bramkarska-wlochy-2009-10-l\/","title":{"rendered":"Koszulka bramkarska W\u0142ochy 2009\/10 [L]"},"content":{"rendered":"<p><strong>Verein:<\/strong> Italien<\/p>\n<p><strong>Saison:<\/strong> 2009\/10<\/p>\n<p><strong>Gr\u00f6\u00dfe: <\/strong>L<\/p>\n<p><strong>Zustand:<\/strong> Ausgezeichnet<\/p>\n<p><strong>Ma\u00dfe (Achselbreite\/L\u00e4nge) in cm: <\/strong>56\/74(vorne), 81(hinten)<\/p>","protected":false},"excerpt":{"rendered":"<p data-start=\"0\" data-end=\"97\"><strong data-start=\"0\" data-end=\"97\">Original Torwarttrikot der italienischen Nationalmannschaft aus der Saison 2009\/10, hergestellt von Puma.\u00a0<\/strong><\/p>\n<p data-start=\"99\" data-end=\"462\">Das Modell, das von <strong data-start=\"124\" data-end=\"132\">Puma<\/strong> f\u00fcr die Saison <strong data-start=\"142\" data-end=\"153\">2009\/10<\/strong> f\u00fcr <strong data-start=\"158\" data-end=\"181\">Vertretung Italiens<\/strong>, in Gr\u00f6\u00dfe <strong data-start=\"195\" data-end=\"200\">L<\/strong>, kn\u00fcpft an die minimalistischen, aber eleganten Torwartdesigns dieses Jahrzehnts an. Es war eine Zeit, in der die Erinnerung an den Weltmeistertitel von 2006 noch lebendig war und die von Marcello Lippi trainierte Mannschaft versuchte, ihre globale Position bei den folgenden Turnieren zu best\u00e4tigen.<\/p>\n<p data-start=\"464\" data-end=\"941\">Das T-Shirt wurde hergestellt in <strong data-start=\"497\" data-end=\"522\">rote Farbgebung<\/strong>, was einen deutlichen Kontrast zur heimischen blauen Identifikation der \u201eAzzurrich\u201d darstellt. <strong data-start=\"605\" data-end=\"647\">Blaue Verzierungen an den langen \u00c4rmeln<\/strong> sie bleiben jedoch mit der nationalen Farbpalette im Einklang, und die gesamte Fassade ziert <strong data-start=\"712\" data-end=\"747\">Motiv mit subtilen schr\u00e4gen Streifen<\/strong>, das dem Ganzen Tiefe und Struktur verleiht. Auf der Brust befindet sich in der Mitte <strong data-start=\"816\" data-end=\"829\">Puma-Logo<\/strong> und <strong data-start=\"835\" data-end=\"867\">Wappen des italienischen Fu\u00dfballverbands FIGC<\/strong>, und so ein schlichtes, repr\u00e4sentatives Layout geschaffen, das typisch f\u00fcr Torwart-Trikots ist.<\/p>\n<p data-start=\"943\" data-end=\"1125\">Das Material ist <strong data-start=\"957\" data-end=\"991\">leicht, luftig und technisch<\/strong>, angepasst an die hohe Intensit\u00e4t des Spiels zwischen den Pfosten, und Schnitt in Gr\u00f6\u00dfe <strong data-start=\"1073\" data-end=\"1078\">L<\/strong> sorgt f\u00fcr eine bequeme Passform und Bewegungsfreiheit.<\/p>\n<p data-start=\"1127\" data-end=\"1630\">Repr\u00e4sentative Saison <strong data-start=\"1149\" data-end=\"1160\">2009\/10<\/strong> f\u00fchrte Italien zu <strong data-start=\"1181\" data-end=\"1207\">Weltmeisterschaften 2010<\/strong>, wo die Mannschaft ihren Titel verteidigen sollte, indem sie eine Mannschaft um erfahrene F\u00fchrungsspieler herum aufbaute. Die Hauptfigur blieb <strong data-start=\"1313\" data-end=\"1333\">Gianluigi Buffon<\/strong>, unterst\u00fctzt von Spielern wie <strong data-start=\"1369\" data-end=\"1390\">Giorgio Chiellini<\/strong>, <strong data-start=\"1392\" data-end=\"1411\">Fabio Cannavaro<\/strong>, <strong data-start=\"1413\" data-end=\"1433\">Daniele De Rossi<\/strong>, <strong data-start=\"1435\" data-end=\"1451\">Andrea Pirlo<\/strong> oder <strong data-start=\"1456\" data-end=\"1477\">Antonio Di Natale<\/strong>. Trotz der Erfahrung der Mannschaft endete das Turnier mit einer Entt\u00e4uschung, aber diese Zeit bleibt ein Symbol f\u00fcr eine Generation, die immer noch den Titel Weltmeister trug.<\/p>\n<p data-start=\"1632\" data-end=\"1862\" data-is-last-node=\"\" data-is-only-node=\"\">Dies ist ein Angebot f\u00fcr Sammler und Fans, die auf der Suche sind nach <strong data-start=\"1691\" data-end=\"1777\">Original-Torwarttrikot der italienischen Nationalmannschaft aus der Saison 2009\/10<\/strong> \u2013 Akzent aus der \u00c4ra Buffon und den letzten Versuchen, die Meisterschaftsdominanz der \u201eAzzurri\u201d zu verteidigen.<\/p>","protected":false},"featured_media":65970,"template":"","meta":{"_kad_blocks_custom_css":"","_kad_blocks_head_custom_js":"","_kad_blocks_body_custom_js":"","_kad_blocks_footer_custom_js":"","_kad_post_transparent":"default","_kad_post_title":"","_kad_post_layout":"default","_kad_post_sidebar_id":"","_kad_post_content_style":"default","_kad_post_vertical_padding":"default","_kad_post_feature":"","_kad_post_feature_position":"","_kad_post_header":false,"_kad_post_footer":false,"_kad_post_classname":""},"product_brand":[1287],"product_cat":[1487],"product_tag":[],"class_list":{"0":"post-65454","1":"product","2":"type-product","3":"status-publish","4":"has-post-thumbnail","6":"product_brand-puma","7":"product_cat-reprezentacja-wloch","8":"pa_rozmiar-l","10":"first","11":"instock","12":"taxable","13":"shipping-taxable","14":"purchasable","15":"product-type-simple","16":"entry","17":"content-bg","18":"loop-entry"},"taxonomy_info":{"product_brand":[{"value":1287,"label":"Puma"}],"product_cat":[{"value":1487,"label":"W\u0142ochy"}],"pa_rozmiar":[{"value":1817,"label":"L"}]},"featured_image_src_large":["https:\/\/footballthrift.shop\/wp-content\/uploads\/2025\/02\/Photoroom_014_20250207_200945-1024x1024.png",1024,1024,true],"author_info":[],"comment_info":"","_links":{"self":[{"href":"https:\/\/footballthrift.shop\/de\/wp-json\/wp\/v2\/product\/65454","targetHints":{"allow":["GET"]}}],"collection":[{"href":"https:\/\/footballthrift.shop\/de\/wp-json\/wp\/v2\/product"}],"about":[{"href":"https:\/\/footballthrift.shop\/de\/wp-json\/wp\/v2\/types\/product"}],"wp:featuredmedia":[{"embeddable":true,"href":"https:\/\/footballthrift.shop\/de\/wp-json\/wp\/v2\/media\/65970"}],"wp:attachment":[{"href":"https:\/\/footballthrift.shop\/de\/wp-json\/wp\/v2\/media?parent=65454"}],"wp:term":[{"taxonomy":"product_brand","embeddable":true,"href":"https:\/\/footballthrift.shop\/de\/wp-json\/wp\/v2\/product_brand?post=65454"},{"taxonomy":"product_cat","embeddable":true,"href":"https:\/\/footballthrift.shop\/de\/wp-json\/wp\/v2\/product_cat?post=65454"},{"taxonomy":"product_tag","embeddable":true,"href":"https:\/\/footballthrift.shop\/de\/wp-json\/wp\/v2\/product_tag?post=65454"}],"curies":[{"name":"wp","href":"https:\/\/api.w.org\/{rel}","templated":true}]}}