{"id":65448,"date":"2025-02-13T18:11:13","date_gmt":"2025-02-13T17:11:13","guid":{"rendered":"https:\/\/footballthrift.shop\/?post_type=product&#038;p=65448"},"modified":"2026-03-09T11:30:54","modified_gmt":"2026-03-09T10:30:54","slug":"szwecja-2007-09-home-s","status":"publish","type":"product","link":"https:\/\/footballthrift.shop\/de\/szwecja-2007-09-home-s\/","title":{"rendered":"Koszulka pi\u0142karska Szwecja 2007\/09 Home [S]"},"content":{"rendered":"<p><strong>Verein:<\/strong> Schweden<\/p>\n<p><strong>Saison:<\/strong> 2007\/09 Startseite<\/p>\n<p><strong>Gr\u00f6\u00dfe: <\/strong>S<\/p>\n<p><strong>Zustand:<\/strong> Ausgezeichnet<\/p>\n<p><strong>Ma\u00dfe (Achselbreite\/L\u00e4nge) in cm: <\/strong>50\/69<\/p>","protected":false},"excerpt":{"rendered":"<div class=\"flex flex-col text-sm pb-25\">\n<article class=\"text-token-text-primary w-full focus:outline-none [--shadow-height:45px] has-data-writing-block:pointer-events-none has-data-writing-block:-mt-(--shadow-height) has-data-writing-block:pt-(--shadow-height) [&amp;:has([data-writing-block])&gt;*]:pointer-events-auto scroll-mt-[calc(var(--header-height)+min(200px,max(70px,20svh)))]\" dir=\"auto\" tabindex=\"-1\" data-turn-id=\"request-693eb1d8-8428-832b-96ee-c6fcbf27d27f-10\" data-testid=\"conversation-turn-96\" data-scroll-anchor=\"true\" data-turn=\"assistant\">\n<div class=\"text-base my-auto mx-auto pb-10 [--thread-content-margin:--spacing(4)] @w-sm\/main:[--thread-content-margin:--spacing(6)] @w-lg\/main:[--thread-content-margin:--spacing(16)] px-(--thread-content-margin)\">\n<div class=\"[--thread-content-max-width:40rem] @w-lg\/main:[--thread-content-max-width:48rem] mx-auto max-w-(--thread-content-max-width) flex-1 group\/turn-messages focus-visible:outline-hidden relative flex w-full min-w-0 flex-col agent-turn\" tabindex=\"-1\">\n<div class=\"flex max-w-full flex-col grow\">\n<div class=\"min-h-8 text-message relative flex w-full flex-col items-end gap-2 text-start break-words whitespace-normal [.text-message+&amp;]:mt-1\" dir=\"auto\" data-message-author-role=\"assistant\" data-message-id=\"f634b421-93d8-48c8-a4e5-56732ffa3ca7\" data-message-model-slug=\"gpt-5-2\">\n<div class=\"flex w-full flex-col gap-1 empty:hidden first:pt-[1px]\">\n<div class=\"markdown prose dark:prose-invert w-full break-words light markdown-new-styling\">\n<p data-start=\"0\" data-end=\"93\"><strong data-start=\"0\" data-end=\"93\">Oryginalna domowa koszulka pi\u0142karska reprezentacji Szwecji z lat 2007\/09 produkcji Umbro.\u00a0<\/strong><\/p>\n<p data-start=\"95\" data-end=\"444\">Model przygotowany przez <strong data-start=\"120\" data-end=\"129\">Umbro<\/strong> na lata <strong data-start=\"138\" data-end=\"149\">2007\/09<\/strong> dla <strong data-start=\"154\" data-end=\"179\">reprezentacji Szwecji<\/strong>, w rozmiarze <strong data-start=\"193\" data-end=\"198\">S<\/strong>, wpisuje si\u0119 w klasyczn\u0105, minimalistyczn\u0105 estetyk\u0119 skandynawskiego futbolu. To okres, w kt\u00f3rym kadra regularnie wyst\u0119powa\u0142a na wielkich turniejach i opiera\u0142a swoj\u0105 gr\u0119 na solidno\u015bci defensywnej oraz obecno\u015bci kilku zawodnik\u00f3w \u015bwiatowego formatu.<\/p>\n<p data-start=\"446\" data-end=\"815\">Koszulka zosta\u0142a wyprodukowana na <strong data-start=\"480\" data-end=\"496\">\u017c\u00f3\u0142tej bazie<\/strong>, zgodnej z tradycyjn\u0105 to\u017csamo\u015bci\u0105 \u201eBl\u00e5gult\u201d. Konstrukcj\u0119 prze\u0142amano <strong data-start=\"565\" data-end=\"605\">niebieskimi panelami i geometrycznymi wzorkami w g\u00f3rnej cz\u0119\u015bci<\/strong>, kt\u00f3re akcentuj\u0105 narodow\u0105 kolorystyk\u0119 i dodaj\u0105 projektu prostego, przejrzystego uk\u0142adu. Brak rozbudowanych detali czy dodatkowych grafik jest zgodny z filozofi\u0105 projektow\u0105 <strong data-start=\"778\" data-end=\"787\">Umbro<\/strong> z ko\u0144ca poprzedniej dekady.<\/p>\n<p data-start=\"817\" data-end=\"974\">Materia\u0142 modelu pozostaje <strong data-start=\"843\" data-end=\"877\">lekki, przewiewny i techniczny<\/strong>, a kr\u00f3j w rozmiarze <strong data-start=\"898\" data-end=\"903\">S<\/strong> zapewnia dopasowanie do sylwetki oraz wygod\u0119 w codziennym u\u017cytkowaniu.<\/p>\n<p data-start=\"976\" data-end=\"1354\">Lata <strong data-start=\"981\" data-end=\"994\">2007\u20132009<\/strong> by\u0142y dla Szwecji czasem rywalizacji w eliminacjach i udzia\u0142u w <strong data-start=\"1058\" data-end=\"1071\">Euro 2008<\/strong>, gdzie kadr\u0119 tworzyli m.in. <strong data-start=\"1100\" data-end=\"1122\">Zlatan Ibrahimovi\u0107<\/strong>, <strong data-start=\"1124\" data-end=\"1142\">Henrik Larsson<\/strong>, <strong data-start=\"1144\" data-end=\"1161\">Kim K\u00e4llstr\u00f6m<\/strong>, <strong data-start=\"1163\" data-end=\"1184\">Freddie Ljungberg<\/strong>, <strong data-start=\"1186\" data-end=\"1203\">Olof Mellberg<\/strong> i <strong data-start=\"1206\" data-end=\"1226\">Andreas Isaksson<\/strong>. Reprezentacja pozostawa\u0142a wymagaj\u0105cym przeciwnikiem w Europie, \u0142\u0105cz\u0105c si\u0142\u0119 fizyczn\u0105, do\u015bwiadczenie i zdyscyplinowany styl gry.<\/p>\n<p data-start=\"1356\" data-end=\"1582\" data-is-last-node=\"\" data-is-only-node=\"\">To propozycja dla kolekcjoner\u00f3w oraz kibic\u00f3w poszukuj\u0105cych <strong data-start=\"1415\" data-end=\"1495\">oryginalnej domowej koszulki pi\u0142karskiej reprezentacji Szwecji z lat 2007\/09<\/strong> \u2013 akcentu minimalistycznego okresu kadry Zlatana Ibrahimovicia i udzia\u0142u na Euro 2008.<\/p>\n<\/div>\n<\/div>\n<\/div>\n<\/div>\n<\/div>\n<\/div>\n<\/article>\n<\/div>\n","protected":false},"featured_media":66016,"template":"","meta":{"_kad_blocks_custom_css":"","_kad_blocks_head_custom_js":"","_kad_blocks_body_custom_js":"","_kad_blocks_footer_custom_js":"","_kad_post_transparent":"default","_kad_post_title":"","_kad_post_layout":"default","_kad_post_sidebar_id":"","_kad_post_content_style":"default","_kad_post_vertical_padding":"default","_kad_post_feature":"","_kad_post_feature_position":"","_kad_post_header":false,"_kad_post_footer":false,"_kad_post_classname":""},"product_brand":[1285],"product_cat":[1489],"product_tag":[],"class_list":{"0":"post-65448","1":"product","2":"type-product","3":"status-publish","4":"has-post-thumbnail","6":"product_brand-umbro","7":"product_cat-pozostale-reprezentacje-europa","8":"pa_homeawaythird-home","9":"pa_rozmiar-s","11":"first","12":"instock","13":"taxable","14":"shipping-taxable","15":"purchasable","16":"product-type-simple","17":"entry","18":"content-bg","19":"loop-entry"},"taxonomy_info":{"product_brand":[{"value":1285,"label":"Umbro"}],"product_cat":[{"value":1489,"label":"Pozosta\u0142e"}],"pa_homeawaythird":[{"value":1597,"label":"Home"}],"pa_rozmiar":[{"value":1815,"label":"S"}]},"featured_image_src_large":["https:\/\/footballthrift.shop\/wp-content\/uploads\/2025\/02\/Photoroom_102_20250207_200945-1024x1024.png",1024,1024,true],"author_info":[],"comment_info":"","_links":{"self":[{"href":"https:\/\/footballthrift.shop\/de\/wp-json\/wp\/v2\/product\/65448","targetHints":{"allow":["GET"]}}],"collection":[{"href":"https:\/\/footballthrift.shop\/de\/wp-json\/wp\/v2\/product"}],"about":[{"href":"https:\/\/footballthrift.shop\/de\/wp-json\/wp\/v2\/types\/product"}],"wp:featuredmedia":[{"embeddable":true,"href":"https:\/\/footballthrift.shop\/de\/wp-json\/wp\/v2\/media\/66016"}],"wp:attachment":[{"href":"https:\/\/footballthrift.shop\/de\/wp-json\/wp\/v2\/media?parent=65448"}],"wp:term":[{"taxonomy":"product_brand","embeddable":true,"href":"https:\/\/footballthrift.shop\/de\/wp-json\/wp\/v2\/product_brand?post=65448"},{"taxonomy":"product_cat","embeddable":true,"href":"https:\/\/footballthrift.shop\/de\/wp-json\/wp\/v2\/product_cat?post=65448"},{"taxonomy":"product_tag","embeddable":true,"href":"https:\/\/footballthrift.shop\/de\/wp-json\/wp\/v2\/product_tag?post=65448"}],"curies":[{"name":"wp","href":"https:\/\/api.w.org\/{rel}","templated":true}]}}