{"id":65439,"date":"2025-02-13T18:11:27","date_gmt":"2025-02-13T17:11:27","guid":{"rendered":"https:\/\/footballthrift.shop\/?post_type=product&#038;p=65439"},"modified":"2026-03-09T11:29:57","modified_gmt":"2026-03-09T10:29:57","slug":"olympiakos-2006-07-dritte-22-bulut-l","status":"publish","type":"product","link":"https:\/\/footballthrift.shop\/de\/olympiakos-2006-07-third-22-bulut-l\/","title":{"rendered":"Koszulka pi\u0142karska Olympiakos 2006\/07 Third 22 Bulut [L]"},"content":{"rendered":"<p><strong>Verein:<\/strong> Olympiakos<\/p>\n<p><strong>Saison:<\/strong> 2006\/07 Dritter<\/p>\n<p><strong>Gr\u00f6\u00dfe: <\/strong>L<\/p>\n<p><strong>Zustand:<\/strong> Gut - drei deutliche Risse und leicht besch\u00e4digter Kragen.<\/p>\n<p><strong>Ma\u00dfe (Achselbreite\/L\u00e4nge) in cm: <\/strong>56\/74<\/p>","protected":false},"excerpt":{"rendered":"<p data-start=\"0\" data-end=\"112\"><strong data-start=\"0\" data-end=\"112\">Original-Fu\u00dfballtrikot von Olympiakos aus der Saison 2006\/07, hergestellt von Puma, mit Aufdruck von Erol Bulut.\u00a0<\/strong><\/p>\n<p data-start=\"114\" data-end=\"413\">Das Modell, das von <strong data-start=\"139\" data-end=\"147\">Puma<\/strong> f\u00fcr die Saison <strong data-start=\"157\" data-end=\"168\">2006\/07<\/strong> f\u00fcr <strong data-start=\"173\" data-end=\"188\">Olympiakos<\/strong>, in Gr\u00f6\u00dfe <strong data-start=\"202\" data-end=\"207\">L<\/strong>, zeichnet sich durch ein f\u00fcr einen Verein aus Pir\u00e4us ungew\u00f6hnliches Farbkonzept aus. Die goldene Grundfarbe der Kleidung verwies auf die Ambitionen und die Dominanz des Vereins im griechischen Fu\u00dfball und unterstrich die Zeit der erneuten Meisterschaftsambitionen.<\/p>\n<p data-start=\"415\" data-end=\"963\">Das T-Shirt wurde hergestellt in <strong data-start=\"448\" data-end=\"470\">goldene Farben<\/strong>, und mittig auf der Vorderseite wurde der Aufdruck des Sponsors angebracht. <strong data-start=\"524\" data-end=\"536\">Vodafone<\/strong>, das sich vom hellen Hintergrund abhebt und das charakteristische Branding-Layout beibeh\u00e4lt. <strong data-start=\"616\" data-end=\"624\">Pumas<\/strong>. Das Design ist minimalistisch, nur mit einem Camouflage-Motiv auf der Vorderseite \u2013 so bleibt die goldene Farbe das wichtigste visuelle Element. Die R\u00fcckseite zeigt <strong data-start=\"779\" data-end=\"813\">Originaldruck von Erola Bulut<\/strong>, einen t\u00fcrkischen Spieler, der zu dieser Zeit Teil der Rotation von Olympiakos war und f\u00fcr seine Erfahrung und Vielseitigkeit auf der linken Seite des Spielfelds gesch\u00e4tzt wurde.<\/p>\n<p data-start=\"965\" data-end=\"1168\">Das Material bleibt erhalten <strong data-start=\"984\" data-end=\"1018\">leicht, luftig und technisch<\/strong>, und Schnitt in Gr\u00f6\u00dfe <strong data-start=\"1039\" data-end=\"1044\">L<\/strong> bietet Bewegungsfreiheit und eine bequeme Passform gem\u00e4\u00df den Standards f\u00fcr Hemden <strong data-start=\"1133\" data-end=\"1141\">Pumas\u00a0<\/strong>aus der Mitte des letzten Jahrzehnts.<\/p>\n<p data-start=\"1170\" data-end=\"1618\">Saison <strong data-start=\"1176\" data-end=\"1187\">2006\/07<\/strong> war f\u00fcr <strong data-start=\"1196\" data-end=\"1211\">Olympiakos<\/strong> Zeitraum der Fortsetzung der Vorherrschaft in Griechenland \u2013 der Verein griff erneut zu <strong data-start=\"1278\" data-end=\"1299\">national championship<\/strong>, und \u00fcber die St\u00e4rke der Mannschaft entschieden unter anderem. <strong data-start=\"1335\" data-end=\"1346\">Rivaldo<\/strong>, <strong data-start=\"1348\" data-end=\"1365\">Nery Castillo<\/strong>, <strong data-start=\"1367\" data-end=\"1389\">Predrag Djordjevi\u0107<\/strong>, <strong data-start=\"1391\" data-end=\"1402\">Julinho<\/strong>, <strong data-start=\"1404\" data-end=\"1423\">Darko Kova\u010devi\u0107<\/strong> und genau solche Spieler wie Bulut. Dank der Kombination aus internationalen Stars und der Erfahrung in der Liga blieb Olympiakos in dieser Zeit der unangefochtene Dominator der nationalen Wettbewerbe.<\/p>\n<p data-start=\"1620\" data-end=\"1829\" data-is-last-node=\"\" data-is-only-node=\"\">Dies ist ein Angebot f\u00fcr Sammler und Fans, die auf der Suche sind nach <strong data-start=\"1679\" data-end=\"1778\">Original-Fu\u00dfballtrikot von Olympiakos aus der Saison 2006\/07 mit Aufdruck von Erol Bulut<\/strong> \u2013 Betonung der goldenen Dominanz des Vereins in der griechischen Liga.<\/p>","protected":false},"featured_media":65811,"template":"","meta":{"_kad_blocks_custom_css":"","_kad_blocks_head_custom_js":"","_kad_blocks_body_custom_js":"","_kad_blocks_footer_custom_js":"","_kad_post_transparent":"default","_kad_post_title":"","_kad_post_layout":"default","_kad_post_sidebar_id":"","_kad_post_content_style":"default","_kad_post_vertical_padding":"default","_kad_post_feature":"","_kad_post_feature_position":"","_kad_post_header":false,"_kad_post_footer":false,"_kad_post_classname":""},"product_brand":[1287],"product_cat":[1469],"product_tag":[],"class_list":{"0":"post-65439","1":"product","2":"type-product","3":"status-publish","4":"has-post-thumbnail","6":"product_brand-puma","7":"product_cat-kluby-europejskie-grecja","8":"pa_homeawaythird-third","9":"pa_rozmiar-l","11":"first","12":"instock","13":"taxable","14":"shipping-taxable","15":"purchasable","16":"product-type-simple","17":"entry","18":"content-bg","19":"loop-entry"},"taxonomy_info":{"product_brand":[{"value":1287,"label":"Puma"}],"product_cat":[{"value":1469,"label":"Grecja"}],"pa_homeawaythird":[{"value":1599,"label":"Third"}],"pa_rozmiar":[{"value":1817,"label":"L"}]},"featured_image_src_large":["https:\/\/footballthrift.shop\/wp-content\/uploads\/2025\/02\/Photoroom_089_20250207_200945-1024x1024.png",1024,1024,true],"author_info":[],"comment_info":"","_links":{"self":[{"href":"https:\/\/footballthrift.shop\/de\/wp-json\/wp\/v2\/product\/65439","targetHints":{"allow":["GET"]}}],"collection":[{"href":"https:\/\/footballthrift.shop\/de\/wp-json\/wp\/v2\/product"}],"about":[{"href":"https:\/\/footballthrift.shop\/de\/wp-json\/wp\/v2\/types\/product"}],"wp:featuredmedia":[{"embeddable":true,"href":"https:\/\/footballthrift.shop\/de\/wp-json\/wp\/v2\/media\/65811"}],"wp:attachment":[{"href":"https:\/\/footballthrift.shop\/de\/wp-json\/wp\/v2\/media?parent=65439"}],"wp:term":[{"taxonomy":"product_brand","embeddable":true,"href":"https:\/\/footballthrift.shop\/de\/wp-json\/wp\/v2\/product_brand?post=65439"},{"taxonomy":"product_cat","embeddable":true,"href":"https:\/\/footballthrift.shop\/de\/wp-json\/wp\/v2\/product_cat?post=65439"},{"taxonomy":"product_tag","embeddable":true,"href":"https:\/\/footballthrift.shop\/de\/wp-json\/wp\/v2\/product_tag?post=65439"}],"curies":[{"name":"wp","href":"https:\/\/api.w.org\/{rel}","templated":true}]}}