{"id":65438,"date":"2025-02-13T18:11:26","date_gmt":"2025-02-13T17:11:26","guid":{"rendered":"https:\/\/footballthrift.shop\/?post_type=product&#038;p=65438"},"modified":"2026-03-09T11:29:57","modified_gmt":"2026-03-09T10:29:57","slug":"nigeria-2020-22-away-s","status":"publish","type":"product","link":"https:\/\/footballthrift.shop\/de\/nigeria-2020-22-away-s\/","title":{"rendered":"Koszulka pi\u0142karska Nigeria 2020\/22 Away [S]"},"content":{"rendered":"<p><strong>Verein:<\/strong> Nigeria<\/p>\n<p><strong>Saison:<\/strong> 2020\/22 Ausw\u00e4rts<\/p>\n<p><strong>Gr\u00f6\u00dfe: <\/strong>S<\/p>\n<p><strong>Zustand:<\/strong> Sehr gut - zwei Mikrostiche.<\/p>\n<p><strong>Ma\u00dfe (Achselbreite\/L\u00e4nge) in cm: <\/strong>50\/69<\/p>","protected":false},"excerpt":{"rendered":"<p data-start=\"0\" data-end=\"95\"><strong data-start=\"0\" data-end=\"95\">Original Ausw\u00e4rtstrikot der nigerianischen Nationalmannschaft aus den Jahren 2020\/22, hergestellt von Nike.\u00a0<\/strong><\/p>\n<p data-start=\"97\" data-end=\"447\">Das Modell, das von <strong data-start=\"122\" data-end=\"130\">Nike<\/strong> seit Jahren <strong data-start=\"139\" data-end=\"150\">2020\/22<\/strong> f\u00fcr <strong data-start=\"155\" data-end=\"180\">die Nationalmannschaft von Nigeria<\/strong>, in Gr\u00f6\u00dfe <strong data-start=\"194\" data-end=\"199\">S<\/strong>, spiegelt die mutige, designorientierte Ausrichtung wider, f\u00fcr die die \u201eSuper Eagles\u201d internationale Anerkennung erlangt haben. In dieser Zeit wurde Nigeria mit offensivem Fu\u00dfball, schnellem Spielstil und einer Generation von Spielern in Verbindung gebracht, die ihre Karriere in den besten Ligen Europas fortsetzten.<\/p>\n<p data-start=\"449\" data-end=\"864\">Das T-Shirt wurde hergestellt in <strong data-start=\"482\" data-end=\"512\">dunkelgr\u00fcne Farbe<\/strong>, die die Grundlage f\u00fcr die Ausw\u00e4rtsidentit\u00e4t der Nationalmannschaft bildet. Die \u00c4rmel, der Kragen und die Seiten des Modells werden erg\u00e4nzt durch <strong data-start=\"616\" data-end=\"640\">wei\u00df-gr\u00fcne Muster<\/strong>, die ein dynamisches, ethnisches Motiv bilden, das f\u00fcr die Entw\u00fcrfe charakteristisch ist. <strong data-start=\"714\" data-end=\"722\">Nike<\/strong> f\u00fcr Nigeria zu Beginn der 2020er Jahre. Der Kontrast zwischen der einfarbigen Basis und den gemusterten Eins\u00e4tzen unterstreicht den auff\u00e4lligen Charakter dieses Trikots.<\/p>\n<p data-start=\"866\" data-end=\"992\">Das Material bleibt erhalten <strong data-start=\"885\" data-end=\"919\">leicht, luftig und technisch<\/strong>, und Schnitt in Gr\u00f6\u00dfe <strong data-start=\"940\" data-end=\"945\">S<\/strong> sorgt f\u00fcr eine bequeme Passform und Bewegungsfreiheit.<\/p>\n<p data-start=\"994\" data-end=\"1431\">In Jahren <strong data-start=\"1003\" data-end=\"1016\">2020-2022<\/strong> <strong data-start=\"1017\" data-end=\"1028\">Nigeria<\/strong> wurde von einer Gruppe international bekannter Spieler vertreten \u2013 die Offensive bildeten unter anderem. <strong data-start=\"1136\" data-end=\"1154\">Victor Osimhen<\/strong>, <strong data-start=\"1156\" data-end=\"1177\">Kelechi Iheanacho<\/strong>, <strong data-start=\"1179\" data-end=\"1199\">Samuel Chukwueze<\/strong> oder <strong data-start=\"1204\" data-end=\"1218\">Alex Iwobi<\/strong>, und garantierte dem Team Dynamik und Kreativit\u00e4t. Die Mannschaft nahm konsequent an den Qualifikationsspielen f\u00fcr die Weltmeisterschaft und den Afrika-Cup teil und blieb eine der spannendsten Nationalmannschaften des Kontinents.<\/p>\n<p data-start=\"1433\" data-end=\"1651\" data-is-last-node=\"\" data-is-only-node=\"\">Dies ist ein Angebot f\u00fcr Sammler und Fans, die auf der Suche sind nach <strong data-start=\"1492\" data-end=\"1575\">Original-Ausw\u00e4rtstrikot der nigerianischen Fu\u00dfballnationalmannschaft aus den Jahren 2020\/22<\/strong> \u2013 ein effektives Design <strong data-start=\"1599\" data-end=\"1607\">Nike<\/strong> aus der Zeit der Offensivst\u00e4rke der \u201eSuper Eagles\u201d.<\/p>","protected":false},"featured_media":65824,"template":"","meta":{"_kad_blocks_custom_css":"","_kad_blocks_head_custom_js":"","_kad_blocks_body_custom_js":"","_kad_blocks_footer_custom_js":"","_kad_post_transparent":"default","_kad_post_title":"","_kad_post_layout":"default","_kad_post_sidebar_id":"","_kad_post_content_style":"default","_kad_post_vertical_padding":"default","_kad_post_feature":"","_kad_post_feature_position":"","_kad_post_header":false,"_kad_post_footer":false,"_kad_post_classname":""},"product_brand":[1284],"product_cat":[1414],"product_tag":[],"class_list":{"0":"post-65438","1":"product","2":"type-product","3":"status-publish","4":"has-post-thumbnail","6":"product_brand-nike","7":"product_cat-reprezentacje-afryka","8":"pa_homeawaythird-away","9":"pa_rozmiar-s","11":"first","12":"instock","13":"taxable","14":"shipping-taxable","15":"purchasable","16":"product-type-simple","17":"entry","18":"content-bg","19":"loop-entry"},"taxonomy_info":{"product_brand":[{"value":1284,"label":"Nike"}],"product_cat":[{"value":1414,"label":"Afryka"}],"pa_homeawaythird":[{"value":1598,"label":"Away"}],"pa_rozmiar":[{"value":1815,"label":"S"}]},"featured_image_src_large":["https:\/\/footballthrift.shop\/wp-content\/uploads\/2025\/02\/Photoroom_012_20250207_200945-1024x1024.png",1024,1024,true],"author_info":[],"comment_info":"","_links":{"self":[{"href":"https:\/\/footballthrift.shop\/de\/wp-json\/wp\/v2\/product\/65438","targetHints":{"allow":["GET"]}}],"collection":[{"href":"https:\/\/footballthrift.shop\/de\/wp-json\/wp\/v2\/product"}],"about":[{"href":"https:\/\/footballthrift.shop\/de\/wp-json\/wp\/v2\/types\/product"}],"wp:featuredmedia":[{"embeddable":true,"href":"https:\/\/footballthrift.shop\/de\/wp-json\/wp\/v2\/media\/65824"}],"wp:attachment":[{"href":"https:\/\/footballthrift.shop\/de\/wp-json\/wp\/v2\/media?parent=65438"}],"wp:term":[{"taxonomy":"product_brand","embeddable":true,"href":"https:\/\/footballthrift.shop\/de\/wp-json\/wp\/v2\/product_brand?post=65438"},{"taxonomy":"product_cat","embeddable":true,"href":"https:\/\/footballthrift.shop\/de\/wp-json\/wp\/v2\/product_cat?post=65438"},{"taxonomy":"product_tag","embeddable":true,"href":"https:\/\/footballthrift.shop\/de\/wp-json\/wp\/v2\/product_tag?post=65438"}],"curies":[{"name":"wp","href":"https:\/\/api.w.org\/{rel}","templated":true}]}}