{"id":65436,"date":"2025-02-13T18:11:25","date_gmt":"2025-02-13T17:11:25","guid":{"rendered":"https:\/\/footballthrift.shop\/?post_type=product&#038;p=65436"},"modified":"2026-03-09T11:29:58","modified_gmt":"2026-03-09T10:29:58","slug":"deutschland-1996-98-heim-xl-2","status":"publish","type":"product","link":"https:\/\/footballthrift.shop\/de\/niemcy-1996-98-home-xl-2\/","title":{"rendered":"Koszulka pi\u0142karska Niemcy 1996\/98 Home [XL]"},"content":{"rendered":"<p><strong>Verein:<\/strong> Deutschland<\/p>\n<p><strong>Saison:<\/strong> 1996\/98 Heim<\/p>\n<p><strong>Gr\u00f6\u00dfe: <\/strong>XL<\/p>\n<p><strong>Zustand:<\/strong> Ausgezeichnet<\/p>\n<p><strong>Ma\u00dfe (Achselbreite\/L\u00e4nge) in cm: <\/strong>64\/75<\/p>","protected":false},"excerpt":{"rendered":"<p data-start=\"0\" data-end=\"95\"><strong data-start=\"0\" data-end=\"95\">Original Heimtrikot der deutschen Nationalmannschaft aus den Jahren 1996\/98, hergestellt von Adidas.\u00a0<\/strong><\/p>\n<p data-start=\"97\" data-end=\"469\">Das Modell, das von <strong data-start=\"122\" data-end=\"133\">Adidas<\/strong> seit Jahren <strong data-start=\"142\" data-end=\"153\">1996\/98<\/strong> f\u00fcr <strong data-start=\"158\" data-end=\"183\">die deutsche Nationalmannschaft<\/strong>, in Gr\u00f6\u00dfe <strong>XL<\/strong>, bezieht sich auf die Zeit der gr\u00f6\u00dften Stabilit\u00e4t der \u201eDie Mannschaft\u201d nach dem Triumph bei der <strong data-start=\"281\" data-end=\"294\">Euro 1996<\/strong>. Zu dieser Zeit trat die Mannschaft von Berti Vogts in klassisch gestalteten Trikots auf, die Wei\u00df mit nationalen Akzenten kombinierten und den Status der Meistermannschaft unterstrichen.<\/p>\n<p data-start=\"471\" data-end=\"953\">Das T-Shirt wurde hergestellt in <strong data-start=\"504\" data-end=\"538\">traditionelle wei\u00dfe F\u00e4rbung<\/strong>, z <strong data-start=\"542\" data-end=\"596\">schwarz-gelben Akzenten am Kragen und an den \u00c4rmeln<\/strong>, die dem Stil der Wohnzimmergarnituren jener Zeit entsprechen. Auf der Vorderseite befindet sich eine minimalistische Aufschrift. <strong>A<\/strong><strong data-start=\"698\" data-end=\"708\">didas<\/strong>, und auf der linken Seite der Brust wurde <strong data-start=\"759\" data-end=\"791\">DFB-Wappen mit drei Sternen<\/strong>, die sich auf die bis Ende 1990 gewonnenen Weltmeisterschaften beziehen. Das Ganze basiert auf <strong data-start=\"877\" data-end=\"909\">dickerem, robustem Material<\/strong>, typisch f\u00fcr Fu\u00dfballbekleidung der sp\u00e4ten 90er Jahre.<\/p>\n<p data-start=\"955\" data-end=\"1161\" data-is-last-node=\"\" data-is-only-node=\"\">Dies ist ein Angebot f\u00fcr Sammler und Fans, die auf der Suche sind nach <strong data-start=\"1014\" data-end=\"1094\">Original-Heimtrikot der deutschen Fu\u00dfballnationalmannschaft aus den Jahren 1996\/98<\/strong> \u2013 das klassische Adidas-Modell aus der Meister\u00e4ra der \u201eDie Mannschaft\u201d.<\/p>","protected":false},"featured_media":65839,"template":"","meta":{"_kad_blocks_custom_css":"","_kad_blocks_head_custom_js":"","_kad_blocks_body_custom_js":"","_kad_blocks_footer_custom_js":"","_kad_post_transparent":"default","_kad_post_title":"","_kad_post_layout":"default","_kad_post_sidebar_id":"","_kad_post_content_style":"default","_kad_post_vertical_padding":"default","_kad_post_feature":"","_kad_post_feature_position":"","_kad_post_header":false,"_kad_post_footer":false,"_kad_post_classname":""},"product_brand":[1283],"product_cat":[1477],"product_tag":[],"class_list":{"0":"post-65436","1":"product","2":"type-product","3":"status-publish","4":"has-post-thumbnail","6":"product_brand-adidas","7":"product_cat-reprezentacja-niemiec","8":"pa_homeawaythird-home","9":"pa_rozmiar-xl","11":"first","12":"instock","13":"taxable","14":"shipping-taxable","15":"purchasable","16":"product-type-simple","17":"entry","18":"content-bg","19":"loop-entry"},"taxonomy_info":{"product_brand":[{"value":1283,"label":"Adidas"}],"product_cat":[{"value":1477,"label":"Niemcy"}],"pa_homeawaythird":[{"value":1597,"label":"Home"}],"pa_rozmiar":[{"value":1818,"label":"XL"}]},"featured_image_src_large":["https:\/\/footballthrift.shop\/wp-content\/uploads\/2025\/02\/Photoroom_006_20250207_200945-1024x1024.png",1024,1024,true],"author_info":[],"comment_info":"","_links":{"self":[{"href":"https:\/\/footballthrift.shop\/de\/wp-json\/wp\/v2\/product\/65436","targetHints":{"allow":["GET"]}}],"collection":[{"href":"https:\/\/footballthrift.shop\/de\/wp-json\/wp\/v2\/product"}],"about":[{"href":"https:\/\/footballthrift.shop\/de\/wp-json\/wp\/v2\/types\/product"}],"wp:featuredmedia":[{"embeddable":true,"href":"https:\/\/footballthrift.shop\/de\/wp-json\/wp\/v2\/media\/65839"}],"wp:attachment":[{"href":"https:\/\/footballthrift.shop\/de\/wp-json\/wp\/v2\/media?parent=65436"}],"wp:term":[{"taxonomy":"product_brand","embeddable":true,"href":"https:\/\/footballthrift.shop\/de\/wp-json\/wp\/v2\/product_brand?post=65436"},{"taxonomy":"product_cat","embeddable":true,"href":"https:\/\/footballthrift.shop\/de\/wp-json\/wp\/v2\/product_cat?post=65436"},{"taxonomy":"product_tag","embeddable":true,"href":"https:\/\/footballthrift.shop\/de\/wp-json\/wp\/v2\/product_tag?post=65436"}],"curies":[{"name":"wp","href":"https:\/\/api.w.org\/{rel}","templated":true}]}}